{"id":11286,"date":"2019-08-02T14:35:35","date_gmt":"2019-08-02T12:35:35","guid":{"rendered":"http:\/\/sup-gal.ig-edu.univ-paris13.fr\/index.php\/formation\/telecom\/controle-des-connaissance-2-2\/"},"modified":"2025-02-05T15:14:27","modified_gmt":"2025-02-05T13:14:27","slug":"controle-des-connaissance-instrumentation","status":"publish","type":"page","link":"https:\/\/www.sup-galilee.univ-paris13.fr\/index.php\/formation\/instrumentation\/controle-des-connaissance-instrumentation\/","title":{"rendered":"Contr\u00f4le des connaissance : Instrumentation"},"content":{"rendered":"<div id=\"pl-11286\"  class=\"panel-layout\" ><div id=\"pg-11286-0\"  class=\"panel-grid panel-no-style\" ><div id=\"pgc-11286-0-0\"  class=\"panel-grid-cell\" ><div id=\"panel-11286-0-0-0\" class=\"so-panel widget widget_sow-editor panel-first-child\" data-index=\"0\" ><div\n\t\t\t\n\t\t\tclass=\"so-widget-sow-editor so-widget-sow-editor-base\"\n\t\t\t\n\t\t>\n<div class=\"siteorigin-widget-tinymce textwidget\">\n\t<p>Le contr\u00f4le des connaissances est approuv\u00e9 en d\u00e9but d'ann\u00e9e universitaire par le conseil de Sup Galil\u00e9e, valid\u00e9 par le conseil d'administration de l'Institut Galil\u00e9e et vot\u00e9 en Commission de la Formation et de la Vie Universitaire (CFVU) de l'Universit\u00e9 Paris 13. Il sert de base aux jurys qui restent souverains. Les validations sont d\u00e9cid\u00e9es par le conseil d'\u00e9cole sur proposition des jurys de sp\u00e9cialit\u00e9 et des cours communs.<\/p>\n<p>Les \u00e9l\u00e8ves disposent d'un d\u00e9lai de 5 jours ouvr\u00e9s apr\u00e8s la publication des r\u00e9sultats des jurys de sp\u00e9cialit\u00e9 et des cours communs pour faire appel des propositions: l'appel d\u00e9pos\u00e9 au secr\u00e9tariat de Sup Galil\u00e9e, doit \u00eatre motiv\u00e9 par des faits nouveaux, non pris en compte par les jurys de sp\u00e9cialit\u00e9s ou des cours communs. La d\u00e9livrance du dipl\u00f4me d'ing\u00e9nieur et du grade de master de science et technologie est soumise \u00e0 la validation de toutes les ann\u00e9es d'\u00e9tude et du niveau B2 en anglais.<\/p>\n<\/div>\n<\/div><\/div><div id=\"panel-11286-0-0-1\" class=\"so-panel widget widget_sow-button panel-last-child\" data-index=\"1\" ><div\n\t\t\t\n\t\t\tclass=\"so-widget-sow-button so-widget-sow-button-atom-88c922ee6212-11286\"\n\t\t\t\n\t\t><div class=\"ow-button-base ow-button-align-center\"\n>\n\t\t\t<a\n\t\t\t\t\thref=\"https:\/\/www.sup-galilee.univ-paris13.fr\/wp-content\/uploads\/2025\/02\/MCC_SupGalilee.pdf\"\n\t\t\t\t\tclass=\"sowb-button ow-icon-placement-left ow-button-hover\" target=\"_blank\" rel=\"noopener noreferrer\" \t>\n\t\t<span>\n\t\t\t<span class=\"sow-icon-elegantline\" data-sow-icon=\"&#xe007;\"\n\t\tstyle=\"\" \n\t\taria-hidden=\"true\"><\/span>\n\t\t\tModalit\u00e9s de contr\u00f4le des connaissances \t\t<\/span>\n\t\t\t<\/a>\n\t<\/div>\n<\/div><\/div><\/div><\/div><\/div>","protected":false},"excerpt":{"rendered":"<p>Le contr\u00f4le des connaissances est approuv\u00e9 en d\u00e9but d&rsquo;ann\u00e9e universitaire par le conseil de Sup Galil\u00e9e, valid\u00e9 par le conseil d&rsquo;administration de l&rsquo;Institut Galil\u00e9e et vot\u00e9 en Commission de la Formation et de la Vie Universitaire (CFVU) de l&rsquo;Universit\u00e9 Paris &hellip; <\/p>\n","protected":false},"author":1,"featured_media":0,"parent":11313,"menu_order":0,"comment_status":"closed","ping_status":"closed","template":"","meta":{"footnotes":""},"class_list":["post-11286","page","type-page","status-publish","hentry"],"_links":{"self":[{"href":"https:\/\/www.sup-galilee.univ-paris13.fr\/index.php\/wp-json\/wp\/v2\/pages\/11286","targetHints":{"allow":["GET"]}}],"collection":[{"href":"https:\/\/www.sup-galilee.univ-paris13.fr\/index.php\/wp-json\/wp\/v2\/pages"}],"about":[{"href":"https:\/\/www.sup-galilee.univ-paris13.fr\/index.php\/wp-json\/wp\/v2\/types\/page"}],"author":[{"embeddable":true,"href":"https:\/\/www.sup-galilee.univ-paris13.fr\/index.php\/wp-json\/wp\/v2\/users\/1"}],"replies":[{"embeddable":true,"href":"https:\/\/www.sup-galilee.univ-paris13.fr\/index.php\/wp-json\/wp\/v2\/comments?post=11286"}],"version-history":[{"count":11,"href":"https:\/\/www.sup-galilee.univ-paris13.fr\/index.php\/wp-json\/wp\/v2\/pages\/11286\/revisions"}],"predecessor-version":[{"id":14410,"href":"https:\/\/www.sup-galilee.univ-paris13.fr\/index.php\/wp-json\/wp\/v2\/pages\/11286\/revisions\/14410"}],"up":[{"embeddable":true,"href":"https:\/\/www.sup-galilee.univ-paris13.fr\/index.php\/wp-json\/wp\/v2\/pages\/11313"}],"wp:attachment":[{"href":"https:\/\/www.sup-galilee.univ-paris13.fr\/index.php\/wp-json\/wp\/v2\/media?parent=11286"}],"curies":[{"name":"wp","href":"https:\/\/api.w.org\/{rel}","templated":true}]}}