{"id":11301,"date":"2019-08-02T14:47:06","date_gmt":"2019-08-02T12:47:06","guid":{"rendered":"http:\/\/sup-gal.ig-edu.univ-paris13.fr\/index.php\/formation\/informatique-4\/"},"modified":"2024-03-07T20:11:29","modified_gmt":"2024-03-07T18:11:29","slug":"informatique-apprentissage","status":"publish","type":"page","link":"https:\/\/www.sup-galilee.univ-paris13.fr\/index.php\/formation\/informatique-apprentissage\/","title":{"rendered":"Informatique Apprentissage"},"content":{"rendered":"<div id=\"pl-11301\"  class=\"panel-layout\" ><div id=\"pg-11301-0\"  class=\"panel-grid panel-no-style\" ><div id=\"pgc-11301-0-0\"  class=\"panel-grid-cell\" ><div id=\"panel-11301-0-0-0\" class=\"so-panel widget widget_heading panel-first-child panel-last-child\" data-index=\"0\" ><div class=\"thim-widget-heading template-base\"><div class=\"sc_heading  text-center\"><h2 style=\"color:#9b98cd;\" class=\"title\">\u201cAcc\u00e9dez \u00e0 l\u2019expertise transmise par l\u2019\u00c9cole dans les domaines vari\u00e9s de l\u2019informatique !\u201d<\/h2><\/div><\/div><\/div><\/div><\/div><div id=\"pg-11301-1\"  class=\"panel-grid panel-no-style\" ><div id=\"pgc-11301-1-0\"  class=\"panel-grid-cell\" ><div id=\"panel-11301-1-0-0\" class=\"so-panel widget widget_heading panel-first-child\" data-index=\"1\" ><div class=\"thim-widget-heading template-base\"><div class=\"sc_heading  text-left\"><h3 style=\"text-transform: uppercase;\" class=\"title\">Objectifs<\/h3><span class=\"line\"><\/span><\/div><\/div><\/div><div id=\"panel-11301-1-0-1\" class=\"so-panel widget widget_sow-editor panel-last-child\" data-index=\"2\" ><div\n\t\t\t\n\t\t\tclass=\"so-widget-sow-editor so-widget-sow-editor-base\"\n\t\t\t\n\t\t>\n<div class=\"siteorigin-widget-tinymce textwidget\">\n\t<p>Le parcours apprentis de cette sp\u00e9cialit\u00e9 a aujourd\u2019hui le <strong>m\u00eame r\u00e9f\u00e9rentiel de comp\u00e9tences<\/strong> que le parcours \u00e9tudiants. Il a pour objectif de former des <strong>ing\u00e9nieurs informaticiens g\u00e9n\u00e9ralistes<\/strong> capables d\u2019assurer le suivi de l\u2019ensemble du cycle de vie du logiciel et d\u2019en piloter les \u00e9tapes : analyse des besoins, conception globale et d\u00e9taill\u00e9e, prototypage, mod\u00e9lisation, impl\u00e9mentation, int\u00e9gration, certification, tests, d\u00e9ploiement et maintenance.<\/p>\n<p>La formation d\u2019ing\u00e9nieur en apprentissage alterne entre p\u00e9riodes <strong>en entreprises<\/strong> et p\u00e9riodes de <strong>cours \u00e0 l\u2019\u00c9cole<\/strong>. Le parcours en apprentissage peut \u00eatre int\u00e9gr\u00e9 en ann\u00e9e 1 ou en ann\u00e9e 2 apr\u00e8s une ann\u00e9e sous statut \u00e9tudiant.<\/p>\n<p>Au terme de la formation les<strong> ing\u00e9nieurs informaticiens<\/strong> sont capables d\u2019appr\u00e9hender et de <strong>suivre la totalit\u00e9 du cycle de vie d\u2019un logiciel<\/strong> (assemblage, consolidation et adaptation de logiciels existants), ainsi que de concevoir, d\u00e9velopper et g\u00e9rer des r\u00e9seaux, des syst\u00e8mes informatiques et des applications distribu\u00e9es (programmation r\u00e9seau et syst\u00e8mes, technologies web, multim\u00e9dia...).<\/p>\n<\/div>\n<\/div><\/div><\/div><div id=\"pgc-11301-1-1\"  class=\"panel-grid-cell\" ><div id=\"panel-11301-1-1-0\" class=\"so-panel widget widget_siteorigin-panels-builder panel-first-child panel-last-child\" data-index=\"3\" ><div class=\"panel-widget-style panel-widget-style-for-11301-1-1-0\" ><div id=\"pl-w65cf29e3d307b\"  class=\"panel-layout\" ><div id=\"pg-w65cf29e3d307b-0\"  class=\"panel-grid panel-no-style\" ><div id=\"pgc-w65cf29e3d307b-0-0\"  class=\"panel-grid-cell\" ><div id=\"panel-w65cf29e3d307b-0-0-0\" class=\"so-panel widget widget_sow-editor panel-first-child\" data-index=\"0\" ><div\n\t\t\t\n\t\t\tclass=\"so-widget-sow-editor so-widget-sow-editor-base\"\n\t\t\t\n\t\t>\n<div class=\"siteorigin-widget-tinymce textwidget\">\n\t<p><strong>Type de dipl\u00f4me :<\/strong> Formation d'ing\u00e9nieur<\/p>\n<p><strong>Niveau d\u2019\u00e9tude :<\/strong> Bac+5<\/p>\n<p><strong>Grade :<\/strong> Master<\/p>\n<p><strong>Rythme :<\/strong> alternance (1 mois entreprise\/1 mois \u00e9cole)<\/p>\n<p><strong>Dur\u00e9e :<\/strong> 3 ans - contrat d\u2019apprentissage<\/p>\n<p><strong>Accessibilit\u00e9 :<\/strong> concours Polytech niveau Bac+2 (CPGE) ou dossier et entretien niveaux BUT L2 L3<\/p>\n<p><strong>Statut :<\/strong> apprenti - salari\u00e9<\/p>\n<p><strong>Recrutement :<\/strong> par l\u2019\u00c9cole, l\u2019entreprise et le CFA<\/p>\n<p><strong>Contact secr\u00e9tariat :<\/strong> 01 49 40 40 91<br \/>\ninformatique.sup.galilee@univ-paris13.fr<\/p>\n<\/div>\n<\/div><\/div><div id=\"panel-w65cf29e3d307b-0-0-1\" class=\"so-panel widget widget_sow-button panel-last-child\" data-index=\"1\" ><div\n\t\t\t\n\t\t\tclass=\"so-widget-sow-button so-widget-sow-button-atom-88c922ee6212\"\n\t\t\t\n\t\t><div class=\"ow-button-base ow-button-align-center\"\n>\n\t\t\t<a\n\t\t\t\t\thref=\"\/wp-content\/uploads\/2024\/01\/Sup-Galilee-Fiche-formation-Ingenieur-Informatique.pdf\"\n\t\t\t\t\tclass=\"sowb-button ow-icon-placement-left ow-button-hover\" target=\"_blank\" rel=\"noopener noreferrer\" \t>\n\t\t<span>\n\t\t\t<span class=\"sow-icon-elegantline\" data-sow-icon=\"&#xe008;\"\n\t\tstyle=\"\" \n\t\taria-hidden=\"true\"><\/span>\n\t\t\tFiche formation\t\t<\/span>\n\t\t\t<\/a>\n\t<\/div>\n<\/div><\/div><\/div><\/div><\/div><\/div><\/div><\/div><\/div><div id=\"pg-11301-2\"  class=\"panel-grid panel-no-style\" ><div id=\"pgc-11301-2-0\"  class=\"panel-grid-cell\" ><div id=\"panel-11301-2-0-0\" class=\"so-panel widget widget_heading panel-first-child panel-last-child\" data-index=\"4\" ><div class=\"thim-widget-heading template-base\"><div class=\"sc_heading  text-left\"><h3 style=\"text-transform: uppercase;\" class=\"title\">D\u00e9roul\u00e9 de la formation<\/h3><span class=\"line\"><\/span><\/div><\/div><\/div><\/div><\/div><div id=\"pg-11301-3\"  class=\"panel-grid panel-no-style\" ><div id=\"pgc-11301-3-0\"  class=\"panel-grid-cell\" ><div id=\"panel-11301-3-0-0\" class=\"so-panel widget widget_sow-editor panel-first-child\" data-index=\"5\" ><div\n\t\t\t\n\t\t\tclass=\"so-widget-sow-editor so-widget-sow-editor-base\"\n\t\t\t\n\t\t>\n<div class=\"siteorigin-widget-tinymce textwidget\">\n\t<h4>Ann\u00e9e 1<\/h4>\n<\/div>\n<\/div><\/div><div id=\"panel-11301-3-0-1\" class=\"so-panel widget widget_sow-editor\" data-index=\"6\" ><div class=\"panel-widget-style panel-widget-style-for-11301-3-0-1\" ><div\n\t\t\t\n\t\t\tclass=\"so-widget-sow-editor so-widget-sow-editor-base\"\n\t\t\t\n\t\t>\n<div class=\"siteorigin-widget-tinymce textwidget\">\n\t<p><strong>Formation aux savoirs de bases de l\u2019ing\u00e9nieur informaticien<\/strong><\/p>\n<\/div>\n<\/div><\/div><\/div><div id=\"panel-11301-3-0-2\" class=\"so-panel widget widget_sow-editor panel-last-child\" data-index=\"7\" ><div\n\t\t\t\n\t\t\tclass=\"so-widget-sow-editor so-widget-sow-editor-base\"\n\t\t\t\n\t\t>\n<div class=\"siteorigin-widget-tinymce textwidget\">\n\t<p>Un socle de connaissances fondamentales pour le futur ing\u00e9nieur est dispens\u00e9 en premi\u00e8re ann\u00e9e, comprenant :<\/p>\n<ul>\n<li>une <strong>formation de base<\/strong> commune aux \u00e9l\u00e8ves ing\u00e9nieurs de Sup Galil\u00e9e : en Culture Ing\u00e9nieur, math\u00e9matiques, informatique et anglais<\/li>\n<li>des <strong>cours sp\u00e9cifiques au domaine informatique<\/strong> : syst\u00e8me d\u2019exploitation, architecture des ordinateurs (en mettant l\u2019accent sur l\u2019interface logiciel\/mat\u00e9riel), algorithmique (mise au point et analyse d\u2019algorithmes pour les structures de donn\u00e9es lin\u00e9aires et arborescentes), bases de donn\u00e9es et g\u00e9nie logiciel (m\u00e9thodes de sp\u00e9cification, techniques de tests, m\u00e9thodologie UML)<\/li>\n<li>des cours de <strong>programmation<\/strong> : programmation imp\u00e9rative structur\u00e9e (C) et programmation objet (Java)<\/li>\n<li>des cours plus <strong>th\u00e9oriques<\/strong> : logique, s\u00e9mantique des langages de programmation et th\u00e9orie des langages<\/li>\n<li>des modules d\u2019<strong>ouverture \u00e0 des domaines plus appliqu\u00e9s et techniques<\/strong> : infographie, communication Homme-machine<\/li>\n<li>de <strong>nombreux travaux pratiques<\/strong> et un <strong>projet en bin\u00f4me<\/strong><\/li>\n<\/ul>\n<\/div>\n<\/div><\/div><\/div><div id=\"pgc-11301-3-1\"  class=\"panel-grid-cell\" ><div id=\"panel-11301-3-1-0\" class=\"so-panel widget widget_sow-editor panel-first-child\" data-index=\"8\" ><div\n\t\t\t\n\t\t\tclass=\"so-widget-sow-editor so-widget-sow-editor-base\"\n\t\t\t\n\t\t>\n<div class=\"siteorigin-widget-tinymce textwidget\">\n\t<h4>Ann\u00e9e 2<\/h4>\n<\/div>\n<\/div><\/div><div id=\"panel-11301-3-1-1\" class=\"so-panel widget widget_sow-editor\" data-index=\"9\" ><div class=\"panel-widget-style panel-widget-style-for-11301-3-1-1\" ><div\n\t\t\t\n\t\t\tclass=\"so-widget-sow-editor so-widget-sow-editor-base\"\n\t\t\t\n\t\t>\n<div class=\"siteorigin-widget-tinymce textwidget\">\n\t<p><b>Approfondissement des connaissances <\/b><\/p>\n<\/div>\n<\/div><\/div><\/div><div id=\"panel-11301-3-1-2\" class=\"so-panel widget widget_sow-editor panel-last-child\" data-index=\"10\" ><div\n\t\t\t\n\t\t\tclass=\"so-widget-sow-editor so-widget-sow-editor-base\"\n\t\t\t\n\t\t>\n<div class=\"siteorigin-widget-tinymce textwidget\">\n\t<p>Cette ann\u00e9e est consacr\u00e9e \u00e0 la consolidation du socle commun et \u00e0 l\u2019acquisition de comp\u00e9tences nouvelles plus sp\u00e9cialis\u00e9es avec :<\/p>\n<ul>\n<li>des<strong> cours sp\u00e9cifiques plus avanc\u00e9s<\/strong> : g\u00e9nie logiciel (architecture logicielle, sp\u00e9cification avanc\u00e9e), syst\u00e8mes de gestion de bases de donn\u00e9es, syst\u00e8me d\u2019exploitation (administration syst\u00e8me), algorithmique (algorithmes des graphes) et en programmation (C++, Python, initiation \u00e0 la programmation logique et fonctionnelle)<\/li>\n<li>une initiation \u00e0 l<strong>\u2019Intelligence Artificielle<\/strong> : avec des cours de robotique<\/li>\n<li>un important <strong>module de recherche op\u00e9rationnelle<\/strong> : complexit\u00e9, programmation lin\u00e9aire et optimisation combinatoire<\/li>\n<li>une<strong> initiation aux r\u00e9seaux informatiques<\/strong> et aux <strong>techniques d\u2019interface graphique<\/strong> et de <strong>programmation web<\/strong><\/li>\n<\/ul>\n<\/div>\n<\/div><\/div><\/div><div id=\"pgc-11301-3-2\"  class=\"panel-grid-cell\" ><div id=\"panel-11301-3-2-0\" class=\"so-panel widget widget_sow-editor panel-first-child\" data-index=\"11\" ><div\n\t\t\t\n\t\t\tclass=\"so-widget-sow-editor so-widget-sow-editor-base\"\n\t\t\t\n\t\t>\n<div class=\"siteorigin-widget-tinymce textwidget\">\n\t<h4>Ann\u00e9e 3<\/h4>\n<\/div>\n<\/div><\/div><div id=\"panel-11301-3-2-1\" class=\"so-panel widget widget_sow-editor\" data-index=\"12\" ><div class=\"panel-widget-style panel-widget-style-for-11301-3-2-1\" ><div\n\t\t\t\n\t\t\tclass=\"so-widget-sow-editor so-widget-sow-editor-base\"\n\t\t\t\n\t\t>\n<div class=\"siteorigin-widget-tinymce textwidget\">\n\t<p><b>Perfectionnement vers l\u2019insertion professionnelle <\/b><\/p>\n<\/div>\n<\/div><\/div><\/div><div id=\"panel-11301-3-2-2\" class=\"so-panel widget widget_sow-editor panel-last-child\" data-index=\"13\" ><div\n\t\t\t\n\t\t\tclass=\"so-widget-sow-editor so-widget-sow-editor-base\"\n\t\t\t\n\t\t>\n<div class=\"siteorigin-widget-tinymce textwidget\">\n\t<p>Cette derni\u00e8re ann\u00e9e permet aux futurs ing\u00e9nieurs informaticiens :<\/p>\n<ul>\n<li>d\u2019<strong>enrichir leurs comp\u00e9tences<\/strong> dans les divers secteurs informatiques : algorithmes parall\u00e8les et distribu\u00e9s, les bases de donn\u00e9es, cloud computing, s\u00e9curit\u00e9 informatique, cryptographie, data mining, motifs de conception, r\u00e9seaux IP de nouvelle g\u00e9n\u00e9ration etc.<\/li>\n<li>d\u2019acqu\u00e9rir une <strong>ouverture<\/strong> en <strong>images et sons dans les r\u00e9seaux<\/strong> : algorithmes et images, r\u00e9seaux THD et voix sur IP<\/li>\n<\/ul>\n<\/div>\n<\/div><\/div><\/div><\/div><div id=\"pg-11301-4\"  class=\"panel-grid panel-no-style\" ><div id=\"pgc-11301-4-0\"  class=\"panel-grid-cell\" ><div id=\"panel-11301-4-0-0\" class=\"so-panel widget widget_heading panel-first-child panel-last-child\" data-index=\"14\" ><div class=\"thim-widget-heading template-base\"><div class=\"sc_heading  text-left\"><h3 style=\"text-transform: uppercase;\" class=\"title\">En entreprise<\/h3><span class=\"line\"><\/span><\/div><\/div><\/div><\/div><\/div><div id=\"pg-11301-5\"  class=\"panel-grid panel-no-style\" ><div id=\"pgc-11301-5-0\"  class=\"panel-grid-cell\" ><div id=\"panel-11301-5-0-0\" class=\"so-panel widget widget_sow-editor panel-first-child panel-last-child\" data-index=\"15\" ><div\n\t\t\t\n\t\t\tclass=\"so-widget-sow-editor so-widget-sow-editor-base\"\n\t\t\t\n\t\t>\n<div class=\"siteorigin-widget-tinymce textwidget\">\n\t<p>Le r\u00f4le des \u00e9tudiants apprentis au sein d'une entreprise ne se limite pas au <strong>partage<\/strong> et \u00e0 l'<strong>apport de leur expertise technique<\/strong>. Ils peuvent \u00e9galement <strong>recueillir et formaliser les<\/strong> <strong>besoins d'un projet<\/strong>, r\u00e9diger des documents <strong>livrables<\/strong> et des <strong>cahiers des charges<\/strong>, \u00e9laborer des <strong>devis<\/strong> ou aider \u00e0 r\u00e9pondre \u00e0 des <strong>appels d'offres<\/strong>, etc. Les \u00e9tudiants apprentis acqui\u00e8rent ainsi une exp\u00e9rience professionnelle les rapprochant rapidement de leur futur m\u00e9tier d'ing\u00e9nieur, en \u00e9tant <strong>d\u00e9j\u00e0 form\u00e9s et op\u00e9rationnels<\/strong> lors de leur arriv\u00e9e sur le march\u00e9 du travail.<\/p>\n<p>Les <strong>entreprises accueillant nos \u00e9tudiants apprentis<\/strong> pendant leur formation se situent dans des secteurs vari\u00e9s de l'informatique :<\/p>\n<ul>\n<li>les t\u00e9l\u00e9coms : SFR, Orange, Alcatel-Lucent, Bull, Sogeti, Amesys, Telindus\u2026<\/li>\n<li>le service : Capgemini, CSC, Informatique CDC, ILEX, Link By Net, Rhinostone\u2026<\/li>\n<li>les banques : Soci\u00e9t\u00e9 G\u00e9n\u00e9rale, LCL, AXA, Foncia, Natixis\u2026<\/li>\n<li>l'\u00e9nergie : EDF, GDF Suez, Corsica Sole...<\/li>\n<li>la d\u00e9fense : Thal\u00e8s, Naval Group\u2026<\/li>\n<li>la sant\u00e9 : Sanofi, Bioserenity...<\/li>\n<li>le secteur public : SNCF, ONISEP, Conseil R\u00e9gional IDF, AP-HP...<\/li>\n<\/ul>\n<\/div>\n<\/div><\/div><\/div><div id=\"pgc-11301-5-1\"  class=\"panel-grid-cell\" ><div id=\"panel-11301-5-1-0\" class=\"so-panel widget widget_sow-editor panel-first-child\" data-index=\"16\" ><div\n\t\t\t\n\t\t\tclass=\"so-widget-sow-editor so-widget-sow-editor-base\"\n\t\t\t\n\t\t>\n<div class=\"siteorigin-widget-tinymce textwidget\">\n\t<p>Les \u00e9tudiants apprentis seront amen\u00e9s \u00e0 r\u00e9aliser <strong>diverses missions en entreprises<\/strong> durant leurs p\u00e9riodes de stage :<\/p>\n<ul>\n<li>travail sur les diff\u00e9rentes phases d'un projet : \u00e9tude, d\u00e9veloppement, tests<\/li>\n<li>administration syst\u00e8me et r\u00e9seau d'un parc informatique et assistance aux utilisateurs<\/li>\n<li>recueil et formalisation des besoins, r\u00e9daction de documents livrables, de documents techniques<\/li>\n<li>\u00e9laboration de devis, rapports techniques, cahiers des charges et aide \u00e0 la constitution des dossiers notamment appels d'offres<\/li>\n<li>suivi des demandes et dossiers : r\u00e9ponses \u00e0 appels d'offres, assistance technique aux commerciaux\u2026<\/li>\n<\/ul>\n<\/div>\n<\/div><\/div><div id=\"panel-11301-5-1-1\" class=\"so-panel widget widget_sow-editor panel-last-child\" data-index=\"17\" ><div\n\t\t\t\n\t\t\tclass=\"so-widget-sow-editor so-widget-sow-editor-base\"\n\t\t\t\n\t\t>\n<div class=\"siteorigin-widget-tinymce textwidget\">\n\t<p><img loading=\"lazy\" decoding=\"async\" class=\"alignnone size-medium wp-image-11124 aligncenter\" src=\"https:\/\/sup-gal.ig-edu.univ-paris13.fr\/wp-content\/uploads\/2019\/07\/student-team-meeting-at-table-300x200.jpg\" alt=\"\" width=\"300\" height=\"200\" srcset=\"https:\/\/www.sup-galilee.univ-paris13.fr\/wp-content\/uploads\/2019\/07\/student-team-meeting-at-table-300x200.jpg 300w, https:\/\/www.sup-galilee.univ-paris13.fr\/wp-content\/uploads\/2019\/07\/student-team-meeting-at-table-768x512.jpg 768w, https:\/\/www.sup-galilee.univ-paris13.fr\/wp-content\/uploads\/2019\/07\/student-team-meeting-at-table-1024x683.jpg 1024w, https:\/\/www.sup-galilee.univ-paris13.fr\/wp-content\/uploads\/2019\/07\/student-team-meeting-at-table-272x182.jpg 272w\" sizes=\"auto, (max-width: 300px) 100vw, 300px\" \/><\/p>\n<\/div>\n<\/div><\/div><\/div><\/div><div id=\"pg-11301-6\"  class=\"panel-grid panel-no-style\" ><div id=\"pgc-11301-6-0\"  class=\"panel-grid-cell\" ><div id=\"panel-11301-6-0-0\" class=\"so-panel widget widget_heading panel-first-child panel-last-child\" data-index=\"18\" ><div class=\"thim-widget-heading template-base\"><div class=\"sc_heading  text-left\"><h3 style=\"text-transform: uppercase;\" class=\"title\">Et apr\u00e8s ?<\/h3><span class=\"line\"><\/span><\/div><\/div><\/div><\/div><\/div><div id=\"pg-11301-7\"  class=\"panel-grid panel-no-style\" ><div id=\"pgc-11301-7-0\"  class=\"panel-grid-cell\" ><div id=\"panel-11301-7-0-0\" class=\"so-panel widget widget_sow-editor panel-first-child panel-last-child\" data-index=\"19\" ><div\n\t\t\t\n\t\t\tclass=\"so-widget-sow-editor so-widget-sow-editor-base\"\n\t\t\t\n\t\t>\n<div class=\"siteorigin-widget-tinymce textwidget\">\n\t<p>Nos ing\u00e9nieurs exercent leur activit\u00e9 dans tous les secteurs o\u00f9 sont n\u00e9cessaires la conception et le d\u00e9veloppement de nouveaux syst\u00e8mes, l'assemblage, la consolidation et l'adaptation de logiciels, la gestion des parcs informatiques, de r\u00e9seaux et de grands syst\u00e8mes d'information ou encore l\u2019utilisation de l\u2019Intelligence Artificielle pour l\u2019analyse de donn\u00e9es.<\/p>\n<p>Cela concerne <strong>trois secteurs d\u2019activit\u00e9s principaux<\/strong> :<\/p>\n<ul>\n<li>information et communication (majoritairement en conseil)<\/li>\n<li>activit\u00e9s sp\u00e9cialis\u00e9es, scientifiques et techniques<\/li>\n<li>activit\u00e9s financi\u00e8res et assurances<\/li>\n<\/ul>\n<\/div>\n<\/div><\/div><\/div><div id=\"pgc-11301-7-1\"  class=\"panel-grid-cell\" ><div id=\"panel-11301-7-1-0\" class=\"so-panel widget widget_sow-editor panel-first-child panel-last-child\" data-index=\"20\" ><div\n\t\t\t\n\t\t\tclass=\"so-widget-sow-editor so-widget-sow-editor-base\"\n\t\t\t\n\t\t>\n<div class=\"siteorigin-widget-tinymce textwidget\">\n\t<p>Les comp\u00e9tences des ing\u00e9nieurs informaticiens couvrent aussi bien les besoins des <strong>grandes entreprises industrielles<\/strong> ou <strong>de services<\/strong> (\u00e9nergie, transports, automobile, banque, assurance) que des <strong>petites entreprises dynamiques sp\u00e9cialis\u00e9es<\/strong> dans les nouvelles technologies.<\/p>\n<p>Les \u00e9tudiants apprentis occupent, \u00e0 la fin de leurs \u00e9tudes, des postes tels qu'Ing\u00e9nieur \u00e9tudes et d\u00e9veloppement, Ing\u00e9nieur chef de projet, Ing\u00e9nieur R&amp;D, Ing\u00e9nieur chef de produit, Administrateur parc informatique ou bien Administrateur r\u00e9seau.<\/p>\n<\/div>\n<\/div><\/div><\/div><\/div><div id=\"pg-11301-8\"  class=\"panel-grid panel-no-style\" ><div id=\"pgc-11301-8-0\"  class=\"panel-grid-cell panel-grid-cell-empty\" ><\/div><\/div><div id=\"pg-11301-9\"  class=\"panel-grid panel-no-style\" ><div id=\"pgc-11301-9-0\"  class=\"panel-grid-cell\" ><div id=\"panel-11301-9-0-0\" class=\"so-panel widget widget_heading panel-first-child\" data-index=\"21\" ><div class=\"thim-widget-heading template-base\"><div class=\"sc_heading  text-left\"><h3 style=\"text-transform: uppercase;\" class=\"title\">T\u00e9moignages d'anciens dipl\u00f4m\u00e9s<\/h3><span class=\"line\"><\/span><\/div><\/div><\/div><div id=\"panel-11301-9-0-1\" class=\"so-panel widget widget_sow-testimonials panel-last-child\" data-index=\"22\" ><div\n\t\t\t\n\t\t\tclass=\"so-widget-sow-testimonials so-widget-sow-testimonials-default-11ebdc7b4b2d-11301\"\n\t\t\t\n\t\t><div class=\"sow-testimonials\">\n\t\t\t\t\t<div class=\"sow-testimonial-wrapper sow-user-left sow-layout-text-above\">\n\t\t\t<div class=\"sow-testimonial\">\n\t\t\t\t\t\t\t\t\t<div class=\"sow-testimonial-text\">\n\t\t\t\t\t\t<p><em>\u201cMa formation \u00e0 Sup Galil\u00e9e \u00e9tait tr\u00e8s riche en termes de th\u00e9orie, pratique et projets. Un bon suivi des enseignants tout au long du cursus. Environnement : beau avec la verdure, un grand campus, une piscine, et plusieurs activit\u00e9s sportives.\u201d<\/em><\/p>\n\t\t\t\t\t<\/div>\n\t\t\t\t\n\t\t\t\t<div class=\"sow-testimonial-user\">\n\t\t\t\t\t\n\t\t\t\t\t<div class=\"sow-text\">\n\t\t\t\t\t\t\t\t\t\t\t\t\t<span class=\"sow-testimonial-name\"><strong>Mouadh JEBALI (Ancien \u00e9tudiant INFO Promotion 2014)<\/strong><\/span>\n\t\t\t\t\t\t\t\t\t\t\t\t\t\t\t\t\t\t\t\t\t\t\t\t\t<span class=\"sow-testimonial-location\">D\u00e9veloppeur backend <\/span>\n\t\t\t\t\t\t\t\t\t\t\t\t\t\t\t\t\t<\/div>\n\t\t\t\t<\/div>\n\n\t\t\t\t\t\t\t<\/div>\n\t\t<\/div>\n\t\t\t\t\t<div class=\"sow-testimonial-wrapper sow-user-left sow-layout-text-above\">\n\t\t\t<div class=\"sow-testimonial\">\n\t\t\t\t\t\t\t\t\t<div class=\"sow-testimonial-text\">\n\t\t\t\t\t\t<p><em>\u201cLes cours sont complets, traitent de nombreux sujets et privil\u00e9gient la th\u00e9orie au service de la pratique. La formation de Sup'Galil\u00e9e apporte une r\u00e9elle plus-value sur le monde du travail en apprenant \u00e0 ses \u00e9tudiants \u00e0 analyser un probl\u00e8me, se former et proposer des solutions, tout ce qu'un Ing\u00e9nieur doit savoir faire finalement. <\/em><br \/><em>La majorit\u00e9 des enseignants de Sup'Galil\u00e9e sont \u00e9galement chercheurs, cela permet aux \u00e9tudiants de comprendre le contexte et les enjeux des enseignements prodigu\u00e9s. <\/em><br \/><em>Le DAPS* permet aux \u00e9tudiants de s'\u00e9panouir correctement sur le campus.\u201d<\/em><br \/><em>*D\u00e9partement des Activit\u00e9s Physiques et Sportives<\/em><\/p>\n\t\t\t\t\t<\/div>\n\t\t\t\t\n\t\t\t\t<div class=\"sow-testimonial-user\">\n\t\t\t\t\t\n\t\t\t\t\t<div class=\"sow-text\">\n\t\t\t\t\t\t\t\t\t\t\t\t\t<span class=\"sow-testimonial-name\"><strong>Romain DEPROST (Ancien \u00e9tudiant INFO Promotion 2023)<\/strong><\/span>\n\t\t\t\t\t\t\t\t\t\t\t\t\t\t\t\t\t\t\t\t\t\t\t\t\t<span class=\"sow-testimonial-location\">Ing\u00e9nieur informatique - Software developer<\/span>\n\t\t\t\t\t\t\t\t\t\t\t\t\t\t\t\t\t<\/div>\n\t\t\t\t<\/div>\n\n\t\t\t\t\t\t\t<\/div>\n\t\t<\/div>\n\t<\/div>\n<\/div><\/div><\/div><\/div><div id=\"pg-11301-10\"  class=\"panel-grid panel-no-style\" ><div id=\"pgc-11301-10-0\"  class=\"panel-grid-cell\" ><div id=\"panel-11301-10-0-0\" class=\"so-panel widget widget_heading panel-first-child panel-last-child\" data-index=\"23\" ><div class=\"thim-widget-heading template-base\"><div class=\"sc_heading  text-left\"><h3 style=\"text-transform: uppercase;\" class=\"title\">Plus de d\u00e9tails<\/h3><span class=\"line\"><\/span><\/div><\/div><\/div><\/div><\/div><div id=\"pg-11301-11\"  class=\"panel-grid panel-no-style\" ><div id=\"pgc-11301-11-0\"  class=\"panel-grid-cell\" ><div id=\"panel-11301-11-0-0\" class=\"so-panel widget widget_sow-button panel-first-child panel-last-child\" data-index=\"24\" ><div\n\t\t\t\n\t\t\tclass=\"so-widget-sow-button so-widget-sow-button-atom-c79703b27520-11301\"\n\t\t\t\n\t\t><div class=\"ow-button-base ow-button-align-center\"\n>\n\t\t\t<a\n\t\t\t\t\thref=\"\/wp-content\/uploads\/2024\/01\/Sup-Galilee-Fiche-formation-Ingenieur-Informatique.pdf\"\n\t\t\t\t\tclass=\"sowb-button ow-icon-placement-top ow-button-hover\" target=\"_blank\" rel=\"noopener noreferrer\" \t>\n\t\t<span>\n\t\t\t<span class=\"sow-icon-elegantline\" data-sow-icon=\"&#xe008;\"\n\t\tstyle=\"\" \n\t\taria-hidden=\"true\"><\/span>\n\t\t\tFiche formation\t\t<\/span>\n\t\t\t<\/a>\n\t<\/div>\n<\/div><\/div><\/div><div id=\"pgc-11301-11-1\"  class=\"panel-grid-cell\" ><div id=\"panel-11301-11-1-0\" class=\"so-panel widget widget_sow-button panel-first-child panel-last-child\" data-index=\"25\" ><div\n\t\t\t\n\t\t\tclass=\"so-widget-sow-button so-widget-sow-button-atom-14e80c19de8f-11301\"\n\t\t\t\n\t\t><div class=\"ow-button-base ow-button-align-center\"\n>\n\t\t\t<a\n\t\t\t\t\thref=\"https:\/\/www.sup-galilee.univ-paris13.fr\/index.php\/formation\/informatique-apprentissage\/controle-des-connaissance-informatique-apprentissage\/\"\n\t\t\t\t\tclass=\"sowb-button ow-icon-placement-top ow-button-hover\" \t>\n\t\t<span>\n\t\t\t<span class=\"sow-icon-elegantline\" data-sow-icon=\"&#xe019;\"\n\t\tstyle=\"\" \n\t\taria-hidden=\"true\"><\/span>\n\t\t\tModalit\u00e9s de contr\u00f4le des connaissances\t\t<\/span>\n\t\t\t<\/a>\n\t<\/div>\n<\/div><\/div><\/div><div id=\"pgc-11301-11-2\"  class=\"panel-grid-cell\" ><div id=\"panel-11301-11-2-0\" class=\"so-panel widget widget_sow-button panel-first-child panel-last-child\" data-index=\"26\" ><div\n\t\t\t\n\t\t\tclass=\"so-widget-sow-button so-widget-sow-button-atom-9261580827f8-11301\"\n\t\t\t\n\t\t><div class=\"ow-button-base ow-button-align-center\"\n>\n\t\t\t<a\n\t\t\t\t\thref=\"\/wp-content\/uploads\/2024\/01\/Organigramme_Sup_Galilee.pdf\"\n\t\t\t\t\tclass=\"sowb-button ow-icon-placement-top ow-button-hover\" target=\"_blank\" rel=\"noopener noreferrer\" \t>\n\t\t<span>\n\t\t\t<span class=\"sow-icon-elegantline\" data-sow-icon=\"&#xe00b;\"\n\t\tstyle=\"\" \n\t\taria-hidden=\"true\"><\/span>\n\t\t\tOrganigramme\t\t<\/span>\n\t\t\t<\/a>\n\t<\/div>\n<\/div><\/div><\/div><\/div><\/div>","protected":false},"excerpt":{"rendered":"<p>Le parcours apprentis de cette sp\u00e9cialit\u00e9 a aujourd\u2019hui le m\u00eame r\u00e9f\u00e9rentiel de comp\u00e9tences que le parcours \u00e9tudiants. Il a pour objectif de former des ing\u00e9nieurs informaticiens g\u00e9n\u00e9ralistes capables d\u2019assurer le suivi de l\u2019ensemble du cycle de vie du logiciel et &hellip; <\/p>\n","protected":false},"author":1,"featured_media":0,"parent":9025,"menu_order":0,"comment_status":"closed","ping_status":"closed","template":"","meta":{"footnotes":""},"class_list":["post-11301","page","type-page","status-publish","hentry"],"_links":{"self":[{"href":"https:\/\/www.sup-galilee.univ-paris13.fr\/index.php\/wp-json\/wp\/v2\/pages\/11301","targetHints":{"allow":["GET"]}}],"collection":[{"href":"https:\/\/www.sup-galilee.univ-paris13.fr\/index.php\/wp-json\/wp\/v2\/pages"}],"about":[{"href":"https:\/\/www.sup-galilee.univ-paris13.fr\/index.php\/wp-json\/wp\/v2\/types\/page"}],"author":[{"embeddable":true,"href":"https:\/\/www.sup-galilee.univ-paris13.fr\/index.php\/wp-json\/wp\/v2\/users\/1"}],"replies":[{"embeddable":true,"href":"https:\/\/www.sup-galilee.univ-paris13.fr\/index.php\/wp-json\/wp\/v2\/comments?post=11301"}],"version-history":[{"count":61,"href":"https:\/\/www.sup-galilee.univ-paris13.fr\/index.php\/wp-json\/wp\/v2\/pages\/11301\/revisions"}],"predecessor-version":[{"id":14087,"href":"https:\/\/www.sup-galilee.univ-paris13.fr\/index.php\/wp-json\/wp\/v2\/pages\/11301\/revisions\/14087"}],"up":[{"embeddable":true,"href":"https:\/\/www.sup-galilee.univ-paris13.fr\/index.php\/wp-json\/wp\/v2\/pages\/9025"}],"wp:attachment":[{"href":"https:\/\/www.sup-galilee.univ-paris13.fr\/index.php\/wp-json\/wp\/v2\/media?parent=11301"}],"curies":[{"name":"wp","href":"https:\/\/api.w.org\/{rel}","templated":true}]}}