{"id":11313,"date":"2019-08-02T14:49:33","date_gmt":"2019-08-02T12:49:33","guid":{"rendered":"http:\/\/sup-gal.ig-edu.univ-paris13.fr\/index.php\/formation\/informatique-8\/"},"modified":"2025-11-13T18:02:27","modified_gmt":"2025-11-13T16:02:27","slug":"instrumentation","status":"publish","type":"page","link":"https:\/\/www.sup-galilee.univ-paris13.fr\/index.php\/formation\/instrumentation\/","title":{"rendered":"Instrumentation"},"content":{"rendered":"<div id=\"pl-11313\"  class=\"panel-layout\" ><div id=\"pg-11313-0\"  class=\"panel-grid panel-no-style\" ><div id=\"pgc-11313-0-0\"  class=\"panel-grid-cell\" ><div id=\"panel-11313-0-0-0\" class=\"so-panel widget widget_heading panel-first-child panel-last-child\" data-index=\"0\" ><div class=\"thim-widget-heading template-base\"><div class=\"sc_heading  text-center\"><h2 style=\"color:#9b98cd;\" class=\"title\">\u201cOptimisez les syst\u00e8mes de mesure actuels et concevez ceux de demain tout en accompagnant les \u00e9volutions techniques futures !\u201d<\/h2><\/div><\/div><\/div><\/div><\/div><div id=\"pg-11313-1\"  class=\"panel-grid panel-no-style\" ><div id=\"pgc-11313-1-0\"  class=\"panel-grid-cell\" ><div id=\"panel-11313-1-0-0\" class=\"so-panel widget widget_heading panel-first-child\" data-index=\"1\" ><div class=\"thim-widget-heading template-base\"><div class=\"sc_heading  text-left\"><h3 style=\"text-transform: uppercase;\" class=\"title\">Objectifs<\/h3><span class=\"line\"><\/span><\/div><\/div><\/div><div id=\"panel-11313-1-0-1\" class=\"so-panel widget widget_sow-editor panel-last-child\" data-index=\"2\" ><div\n\t\t\t\n\t\t\tclass=\"so-widget-sow-editor so-widget-sow-editor-base\"\n\t\t\t\n\t\t>\n<div class=\"siteorigin-widget-tinymce textwidget\">\n\t<p>Cette nouvelle sp\u00e9cialit\u00e9 Instrumentation, cr\u00e9\u00e9e en 2019, a pour objectif de former des <strong>ing\u00e9nieurs sp\u00e9cialis\u00e9s dans la conception et la mise en \u0153uvre de syst\u00e8mes de mesure et de contr\u00f4le<\/strong> pour l\u2019<strong>industrie<\/strong>, la <strong>sant\u00e9<\/strong> ou encore les <strong>transports<\/strong>.<\/p>\n<p>Les <strong>ing\u00e9nieurs Instrumentation<\/strong> form\u00e9s \u00e0 Sup Galil\u00e9e ma\u00eetrisent l\u2019ensemble des probl\u00e8mes de capteurs, d\u2019interfa\u00e7age, de commande, de pilotage et de gestion des syst\u00e8mes par des dispositifs programmables (microprocesseurs, microcontr\u00f4leurs, DSP) ainsi que de transmission des donn\u00e9es entre ces syst\u00e8mes.<\/p>\n<\/div>\n<\/div><\/div><\/div><div id=\"pgc-11313-1-1\"  class=\"panel-grid-cell\" ><div id=\"panel-11313-1-1-0\" class=\"so-panel widget widget_siteorigin-panels-builder panel-first-child panel-last-child\" data-index=\"3\" ><div class=\"panel-widget-style panel-widget-style-for-11313-1-1-0\" ><div id=\"pl-w65ef149c199b8\"  class=\"panel-layout\" ><div id=\"pg-w65ef149c199b8-0\"  class=\"panel-grid panel-no-style\" ><div id=\"pgc-w65ef149c199b8-0-0\"  class=\"panel-grid-cell\" ><div id=\"panel-w65ef149c199b8-0-0-0\" class=\"so-panel widget widget_sow-editor panel-first-child\" data-index=\"0\" ><div\n\t\t\t\n\t\t\tclass=\"so-widget-sow-editor so-widget-sow-editor-base\"\n\t\t\t\n\t\t>\n<div class=\"siteorigin-widget-tinymce textwidget\">\n\t<p><strong>Type de dipl\u00f4me :<\/strong> Formation d'ing\u00e9nieur<\/p>\n<p><strong>Niveau d\u2019\u00e9tude :<\/strong> Bac+5<\/p>\n<p><strong>Grade :<\/strong> Master<\/p>\n<p><strong>Dur\u00e9e :<\/strong> 3 ans<\/p>\n<p><strong>Accessibilit\u00e9 :<\/strong> concours Polytech niveau Bac+2 (CPGE) ou dossier et entretien niveaux BUT L2 L3<\/p>\n<p><strong>Contact secr\u00e9tariat :<\/strong> 01 49 40 36 45<br \/>\ninstrumentation.sup.galilee@univ-paris13.fr<\/p>\n<\/div>\n<\/div><\/div><div id=\"panel-w65ef149c199b8-0-0-1\" class=\"so-panel widget widget_sow-button panel-last-child\" data-index=\"1\" ><div\n\t\t\t\n\t\t\tclass=\"so-widget-sow-button so-widget-sow-button-atom-88c922ee6212\"\n\t\t\t\n\t\t><div class=\"ow-button-base ow-button-align-center\"\n>\n\t\t\t<a\n\t\t\t\t\thref=\"\/wp-content\/uploads\/2024\/03\/Sup-Galilee-Fiche-formation-Ingenieur-Instrumentation.pdf\"\n\t\t\t\t\tclass=\"sowb-button ow-icon-placement-left ow-button-hover\" target=\"_blank\" rel=\"noopener noreferrer\" \t>\n\t\t<span>\n\t\t\t<span class=\"sow-icon-elegantline\" data-sow-icon=\"&#xe008;\"\n\t\tstyle=\"\" \n\t\taria-hidden=\"true\"><\/span>\n\t\t\tFiche formation\t\t<\/span>\n\t\t\t<\/a>\n\t<\/div>\n<\/div><\/div><\/div><\/div><\/div><\/div><\/div><\/div><\/div><div id=\"pg-11313-2\"  class=\"panel-grid panel-no-style\" ><div id=\"pgc-11313-2-0\"  class=\"panel-grid-cell\" ><div id=\"panel-11313-2-0-0\" class=\"so-panel widget widget_heading panel-first-child panel-last-child\" data-index=\"4\" ><div class=\"thim-widget-heading template-base\"><div class=\"sc_heading  text-left\"><h3 style=\"text-transform: uppercase;\" class=\"title\">D\u00e9roul\u00e9 de la formation<\/h3><span class=\"line\"><\/span><\/div><\/div><\/div><\/div><\/div><div id=\"pg-11313-3\"  class=\"panel-grid panel-no-style\" ><div id=\"pgc-11313-3-0\"  class=\"panel-grid-cell\" ><div id=\"panel-11313-3-0-0\" class=\"so-panel widget widget_sow-editor panel-first-child\" data-index=\"5\" ><div\n\t\t\t\n\t\t\tclass=\"so-widget-sow-editor so-widget-sow-editor-base\"\n\t\t\t\n\t\t>\n<div class=\"siteorigin-widget-tinymce textwidget\">\n\t<h4>Ann\u00e9e 1<\/h4>\n<\/div>\n<\/div><\/div><div id=\"panel-11313-3-0-1\" class=\"so-panel widget widget_sow-editor\" data-index=\"6\" ><div class=\"panel-widget-style panel-widget-style-for-11313-3-0-1\" ><div\n\t\t\t\n\t\t\tclass=\"so-widget-sow-editor so-widget-sow-editor-base\"\n\t\t\t\n\t\t>\n<div class=\"siteorigin-widget-tinymce textwidget\">\n\t<p><strong>Formation aux savoirs de bases de l'ing\u00e9nieur<\/strong><\/p>\n<\/div>\n<\/div><\/div><\/div><div id=\"panel-11313-3-0-2\" class=\"so-panel widget widget_sow-editor panel-last-child\" data-index=\"7\" ><div\n\t\t\t\n\t\t\tclass=\"so-widget-sow-editor so-widget-sow-editor-base\"\n\t\t\t\n\t\t>\n<div class=\"siteorigin-widget-tinymce textwidget\">\n\t<p>Un socle de connaissances fondamentales pour le futur ing\u00e9nieur est dispens\u00e9 en premi\u00e8re ann\u00e9e, comprenant :<\/p>\n<ul>\n<li>une<strong> formation de base<\/strong> commune aux \u00e9l\u00e8ves ing\u00e9nieurs de Sup Galil\u00e9e : en Culture Ing\u00e9nieur, math\u00e9matiques, informatique et anglais<\/li>\n<li>des <strong>cours sp\u00e9cifiques \u00e0 l\u2019instrumentation<\/strong> : \u00e9lectronique, traitement du signal, capteurs, informatique industrielle (\u00e9lectronique num\u00e9rique et microcontr\u00f4leurs)<\/li>\n<li>des <strong>mises en pratique<\/strong> : mini-projets en \u00e9lectronique, microcontr\u00f4leurs et capteurs<\/li>\n<li>un <strong>projet tutor\u00e9 en robotique<\/strong> : participation \u00e0 la Coupe de France Robotique<\/li>\n<li>un<strong> stage d\u00e9couverte de l'entreprise<\/strong> de fin d\u2019ann\u00e9e : 1 mois<\/li>\n<\/ul>\n<\/div>\n<\/div><\/div><\/div><div id=\"pgc-11313-3-1\"  class=\"panel-grid-cell\" ><div id=\"panel-11313-3-1-0\" class=\"so-panel widget widget_sow-editor panel-first-child\" data-index=\"8\" ><div\n\t\t\t\n\t\t\tclass=\"so-widget-sow-editor so-widget-sow-editor-base\"\n\t\t\t\n\t\t>\n<div class=\"siteorigin-widget-tinymce textwidget\">\n\t<h4>Ann\u00e9e 2<\/h4>\n<\/div>\n<\/div><\/div><div id=\"panel-11313-3-1-1\" class=\"so-panel widget widget_sow-editor\" data-index=\"9\" ><div class=\"panel-widget-style panel-widget-style-for-11313-3-1-1\" ><div\n\t\t\t\n\t\t\tclass=\"so-widget-sow-editor so-widget-sow-editor-base\"\n\t\t\t\n\t\t>\n<div class=\"siteorigin-widget-tinymce textwidget\">\n\t<p><strong>Approfondissement des connaissances<\/strong><\/p>\n<\/div>\n<\/div><\/div><\/div><div id=\"panel-11313-3-1-2\" class=\"so-panel widget widget_sow-editor panel-last-child\" data-index=\"10\" ><div\n\t\t\t\n\t\t\tclass=\"so-widget-sow-editor so-widget-sow-editor-base\"\n\t\t\t\n\t\t>\n<div class=\"siteorigin-widget-tinymce textwidget\">\n\t<p>Cette ann\u00e9e est consacr\u00e9e \u00e0 la consolidation du socle commun et \u00e0 l\u2019acquisition de comp\u00e9tences nouvelles plus sp\u00e9cialis\u00e9es avec :<\/p>\n<ul>\n<li>des <strong>cours sp\u00e9cifiques plus avanc\u00e9s<\/strong> : \u00e9lectronique, physique des capteurs, biocapteurs, m\u00e9thodes de caract\u00e9risation, traitement du signal et des images, syst\u00e8mes asservis<\/li>\n<li>des <strong>cours orient\u00e9s vers les syst\u00e8mes embarqu\u00e9s<\/strong> : architecture, communication, temps r\u00e9el, bus de donn\u00e9es<\/li>\n<li>divers <strong>projets<\/strong> : pilotage d\u2019instruments, de microcontr\u00f4leurs<\/li>\n<li>un <strong>stage de recherche<\/strong> de fin d\u2019ann\u00e9e : 2 mois<\/li>\n<\/ul>\n<\/div>\n<\/div><\/div><\/div><div id=\"pgc-11313-3-2\"  class=\"panel-grid-cell\" ><div id=\"panel-11313-3-2-0\" class=\"so-panel widget widget_sow-editor panel-first-child\" data-index=\"11\" ><div\n\t\t\t\n\t\t\tclass=\"so-widget-sow-editor so-widget-sow-editor-base\"\n\t\t\t\n\t\t>\n<div class=\"siteorigin-widget-tinymce textwidget\">\n\t<h4>Ann\u00e9e 3<\/h4>\n<\/div>\n<\/div><\/div><div id=\"panel-11313-3-2-1\" class=\"so-panel widget widget_sow-editor\" data-index=\"12\" ><div class=\"panel-widget-style panel-widget-style-for-11313-3-2-1\" ><div\n\t\t\t\n\t\t\tclass=\"so-widget-sow-editor so-widget-sow-editor-base\"\n\t\t\t\n\t\t>\n<div class=\"siteorigin-widget-tinymce textwidget\">\n\t<p><strong>Perfectionnement vers l'insertion professionnelle<\/strong><\/p>\n<\/div>\n<\/div><\/div><\/div><div id=\"panel-11313-3-2-2\" class=\"so-panel widget widget_sow-editor panel-last-child\" data-index=\"13\" ><div\n\t\t\t\n\t\t\tclass=\"so-widget-sow-editor so-widget-sow-editor-base\"\n\t\t\t\n\t\t>\n<div class=\"siteorigin-widget-tinymce textwidget\">\n\t<p>Les futurs ing\u00e9nieurs gagnent en comp\u00e9tences dans les domaines de la robotique, la s\u00e9curit\u00e9 et l\u2019ing\u00e9nierie des syst\u00e8mes. Ils choisissent entre deux options ax\u00e9es sant\u00e9 ou industrie :<\/p>\n<ul>\n<li><strong>G\u00e9nie biom\u00e9dical :<\/strong> consacr\u00e9e \u00e0 l\u2019instrumentation biom\u00e9dicale et aux syst\u00e8mes d\u2019imagerie<\/li>\n<li><strong>Instrumentation avanc\u00e9e et syst\u00e8mes embarqu\u00e9s<\/strong> : consacr\u00e9e au d\u00e9veloppement d\u2019instrumentation et de syst\u00e8mes embarqu\u00e9s pour les applications industrielles<\/li>\n<\/ul>\n<p>Cette derni\u00e8re ann\u00e9e permet aux futurs ing\u00e9nieurs en Instrumentation :<\/p>\n<ul>\n<li>d\u2019effectuer un <strong>Projet de Fin d\u2019\u00c9tude<\/strong> (PFE) complet de 64h : en bin\u00f4me, avec production d\u2019un livrable et d\u2019un lien vers un Git<\/li>\n<li>de faire un <strong>stage ing\u00e9nieur<\/strong> de fin d\u2019\u00e9tudes : 4 \u00e0 6 mois<\/li>\n<\/ul>\n<\/div>\n<\/div><\/div><\/div><\/div><div id=\"pg-11313-4\"  class=\"panel-grid panel-no-style\" ><div id=\"pgc-11313-4-0\"  class=\"panel-grid-cell\" ><div id=\"panel-11313-4-0-0\" class=\"so-panel widget widget_heading panel-first-child panel-last-child\" data-index=\"14\" ><div class=\"thim-widget-heading template-base\"><div class=\"sc_heading  text-left\"><h3 style=\"text-transform: uppercase;\" class=\"title\">Et apr\u00e8s ?<\/h3><span class=\"line\"><\/span><\/div><\/div><\/div><\/div><\/div><div id=\"pg-11313-5\"  class=\"panel-grid panel-no-style\" ><div id=\"pgc-11313-5-0\"  class=\"panel-grid-cell\" ><div id=\"panel-11313-5-0-0\" class=\"so-panel widget widget_sow-editor panel-first-child panel-last-child\" data-index=\"15\" ><div\n\t\t\t\n\t\t\tclass=\"so-widget-sow-editor so-widget-sow-editor-base\"\n\t\t\t\n\t\t>\n<div class=\"siteorigin-widget-tinymce textwidget\">\n\t<p>Le profil de nos ing\u00e9nieurs Instrumentation est \u00e9tendu (<strong>automatique, robotique, instrumentation, syst\u00e8mes embarqu\u00e9s<\/strong>) et adapt\u00e9 \u00e0 la demande des entreprises dans des secteurs aussi vari\u00e9s que l\u2019automobile, l\u2019a\u00e9ronautique, le spatial, le biom\u00e9dical, l\u2019\u00e9lectronique, l\u2019industrie pharmaceutique, le nucl\u00e9aire ou encore l\u2019industrie p\u00e9troli\u00e8re.<\/p>\n<p><strong>Pour leur premier contrat<\/strong>, au moins un tiers de nos dipl\u00f4m\u00e9s sont <strong>embauch\u00e9s dans le domaine de l\u2019a\u00e9ronautique ou de la d\u00e9fense<\/strong> : pour le d\u00e9veloppement de cartes ou modules \u00e9lectroniques avec l\u2019adaptation aux nouvelles contraintes physiques de chaque syst\u00e8me (drones, avions, satellites) comme les performances du Hardware (vitesse, architecture), l'encombrement ou la consommation \u00e9nerg\u00e9tique.<\/p>\n<\/div>\n<\/div><\/div><\/div><div id=\"pgc-11313-5-1\"  class=\"panel-grid-cell\" ><div id=\"panel-11313-5-1-0\" class=\"so-panel widget widget_sow-testimonials panel-first-child panel-last-child\" data-index=\"16\" ><div\n\t\t\t\n\t\t\tclass=\"so-widget-sow-testimonials so-widget-sow-testimonials-default-61319abe48fb-11313\"\n\t\t\t\n\t\t><div class=\"sow-testimonials\">\n\t\t\t\t\t<div class=\"sow-testimonial-wrapper sow-user-left sow-layout-text-above\">\n\t\t\t<div class=\"sow-testimonial\">\n\t\t\t\t\t\t\t\t\t<div class=\"sow-testimonial-text\">\n\t\t\t\t\t\t<p><em>\"Je travaille proche du Hardware pour d\u00e9velopper les meilleures solutions avec la technologie du moment. Ce travail est vraiment passionnant et donne des surprises tous les jours. Pour certains projets nous utilisons l\u2019intelligence artificielle pour am\u00e9liorer les performances de notre produit.\"<\/em><\/p>\n\t\t\t\t\t<\/div>\n\t\t\t\t\n\t\t\t\t<div class=\"sow-testimonial-user\">\n\t\t\t\t\t\n\t\t\t\t\t<div class=\"sow-text\">\n\t\t\t\t\t\t\t\t\t\t\t\t\t<span class=\"sow-testimonial-name\"><strong><\/strong><\/span>\n\t\t\t\t\t\t\t\t\t\t\t\t\t\t\t\t\t\t\t\t\t\t\t\t\t\t\t\t\t<\/div>\n\t\t\t\t<\/div>\n\n\t\t\t\t\t\t\t<\/div>\n\t\t<\/div>\n\t<\/div>\n<\/div><\/div><\/div><\/div><div id=\"pg-11313-6\"  class=\"panel-grid panel-no-style\" ><div id=\"pgc-11313-6-0\"  class=\"panel-grid-cell\" ><div id=\"panel-11313-6-0-0\" class=\"so-panel widget widget_empty-space panel-first-child panel-last-child\" data-index=\"17\" ><div class=\"thim-widget-empty-space template-base\"><div class=\"empty_space\" style=\"height:30px\"><\/div><\/div><\/div><\/div><\/div><div id=\"pg-11313-7\"  class=\"panel-grid panel-no-style\" ><div id=\"pgc-11313-7-0\"  class=\"panel-grid-cell\" ><div id=\"panel-11313-7-0-0\" class=\"so-panel widget widget_sow-testimonials panel-first-child panel-last-child\" data-index=\"18\" ><div\n\t\t\t\n\t\t\tclass=\"so-widget-sow-testimonials so-widget-sow-testimonials-default-61319abe48fb-11313\"\n\t\t\t\n\t\t><div class=\"sow-testimonials\">\n\t\t\t\t\t<div class=\"sow-testimonial-wrapper sow-user-left sow-layout-text-above\">\n\t\t\t<div class=\"sow-testimonial\">\n\t\t\t\t\t\t\t\t\t<div class=\"sow-testimonial-text\">\n\t\t\t\t\t\t<p><em>\"Je d\u00e9veloppe des couches logicielles avec un niveau de s\u00e9curit\u00e9 critique, commande ou communication entre instruments de bord pour des robots, des avions ou des voitures avec le souci du respect des normes de d\u00e9veloppement et de s\u00e9curit\u00e9.\"<\/em><\/p>\n\t\t\t\t\t<\/div>\n\t\t\t\t\n\t\t\t\t<div class=\"sow-testimonial-user\">\n\t\t\t\t\t\n\t\t\t\t\t<div class=\"sow-text\">\n\t\t\t\t\t\t\t\t\t\t\t\t\t<span class=\"sow-testimonial-name\"><strong><\/strong><\/span>\n\t\t\t\t\t\t\t\t\t\t\t\t\t\t\t\t\t\t\t\t\t\t\t\t\t\t\t\t\t<\/div>\n\t\t\t\t<\/div>\n\n\t\t\t\t\t\t\t<\/div>\n\t\t<\/div>\n\t<\/div>\n<\/div><\/div><\/div><div id=\"pgc-11313-7-1\"  class=\"panel-grid-cell\" ><div id=\"panel-11313-7-1-0\" class=\"so-panel widget widget_sow-editor panel-first-child panel-last-child\" data-index=\"19\" ><div\n\t\t\t\n\t\t\tclass=\"so-widget-sow-editor so-widget-sow-editor-base\"\n\t\t\t\n\t\t>\n<div class=\"siteorigin-widget-tinymce textwidget\">\n\t<p>L\u2019un de nos anciens \u00e9tudiants con\u00e7oit les<strong> nouvelles fonctionnalit\u00e9s d\u2019un syst\u00e8me d\u2019information embarqu\u00e9 temps r\u00e9el<\/strong> des bus et des m\u00e9tros.<\/p>\n<p>Le calculateur local doit recevoir, traiter, afficher les informations re\u00e7ues et en retour doit renvoyer toutes les mesures des capteurs du v\u00e9hicule.<\/p>\n<\/div>\n<\/div><\/div><\/div><\/div><div id=\"pg-11313-8\"  class=\"panel-grid panel-no-style\" ><div id=\"pgc-11313-8-0\"  class=\"panel-grid-cell\" ><div id=\"panel-11313-8-0-0\" class=\"so-panel widget widget_empty-space panel-first-child panel-last-child\" data-index=\"20\" ><div class=\"thim-widget-empty-space template-base\"><div class=\"empty_space\" style=\"height:30px\"><\/div><\/div><\/div><\/div><\/div><div id=\"pg-11313-9\"  class=\"panel-grid panel-no-style\" ><div id=\"pgc-11313-9-0\"  class=\"panel-grid-cell\" ><div id=\"panel-11313-9-0-0\" class=\"so-panel widget widget_sow-editor panel-first-child panel-last-child\" data-index=\"21\" ><div\n\t\t\t\n\t\t\tclass=\"so-widget-sow-editor so-widget-sow-editor-base\"\n\t\t\t\n\t\t>\n<div class=\"siteorigin-widget-tinymce textwidget\">\n\t<p>Plusieurs de nos nouveaux dipl\u00f4m\u00e9s <strong>d\u00e9veloppent des interfaces Homme-machine<\/strong> pour des syst\u00e8mes autonomes ou des robots.<\/p>\n<p>Les \u00e9tudiants qui n\u2019ont pas trouv\u00e9 de CDI avant la fin de leur stage de fin d\u2019\u00e9tude ont pour la plupart un projet de th\u00e8se ou de double dipl\u00f4me pour pr\u00e9parer une th\u00e8se dans le domaine de l\u2019intelligence artificielle.<\/p>\n<\/div>\n<\/div><\/div><\/div><div id=\"pgc-11313-9-1\"  class=\"panel-grid-cell\" ><div id=\"panel-11313-9-1-0\" class=\"so-panel widget widget_sow-testimonials panel-first-child panel-last-child\" data-index=\"22\" ><div\n\t\t\t\n\t\t\tclass=\"so-widget-sow-testimonials so-widget-sow-testimonials-default-61319abe48fb-11313\"\n\t\t\t\n\t\t><div class=\"sow-testimonials\">\n\t\t\t\t\t<div class=\"sow-testimonial-wrapper sow-user-left sow-layout-text-above\">\n\t\t\t<div class=\"sow-testimonial\">\n\t\t\t\t\t\t\t\t\t<div class=\"sow-testimonial-text\">\n\t\t\t\t\t\t<p><em>\"Mon premier emploi s'inscrit dans le cadre de la perception de l'environnement dont le but est de comprendre les contraintes d\u2019un v\u00e9hicule en temps r\u00e9el. Nos modules de mesure\/perception ont \u00e9t\u00e9 d\u00e9velopp\u00e9s durant les ann\u00e9es pr\u00e9c\u00e9dentes. Le but de cette mission est d'assurer un traitement et une d\u00e9cision correcte pour garantir la s\u00e9curit\u00e9 de l'ensemble du syst\u00e8me conform\u00e9ment \u00e0 la norme de s\u00e9curit\u00e9 fonctionnelle en vigueur dans le m\u00e9tier.<\/em><br \/>\n<em>Je suis amen\u00e9, entre autres, \u00e0 participer au d\u00e9veloppement et \u00e0 la fabrication de bancs d'essais innovants et performants pour la recherche et d\u00e9veloppement en m\u00e9canique, optique, \u00e9lectronique, nucl\u00e9aire.\"<\/em><\/p>\n\t\t\t\t\t<\/div>\n\t\t\t\t\n\t\t\t\t<div class=\"sow-testimonial-user\">\n\t\t\t\t\t\n\t\t\t\t\t<div class=\"sow-text\">\n\t\t\t\t\t\t\t\t\t\t\t\t\t<span class=\"sow-testimonial-name\"><strong><\/strong><\/span>\n\t\t\t\t\t\t\t\t\t\t\t\t\t\t\t\t\t\t\t\t\t\t\t\t\t\t\t\t\t<\/div>\n\t\t\t\t<\/div>\n\n\t\t\t\t\t\t\t<\/div>\n\t\t<\/div>\n\t<\/div>\n<\/div><\/div><\/div><\/div><div id=\"pg-11313-10\"  class=\"panel-grid panel-has-style\" ><div class=\"panel-row-style panel-row-style-for-11313-10\" ><div id=\"pgc-11313-10-0\"  class=\"panel-grid-cell\" ><div id=\"panel-11313-10-0-0\" class=\"so-panel widget widget_sow-editor panel-first-child panel-last-child\" data-index=\"23\" ><div\n\t\t\t\n\t\t\tclass=\"so-widget-sow-editor so-widget-sow-editor-base\"\n\t\t\t\n\t\t>\n<div class=\"siteorigin-widget-tinymce textwidget\">\n\t<h3>Formation Instrumentation enregistr\u00e9e au RNCP sur France Comp\u00e9tences<\/h3>\n<p><a href=\"https:\/\/www.francecompetences.fr\/recherche\/rncp\/41500\/\" target=\"_blank\" rel=\"noopener\">&gt; Voir le d\u00e9tail<\/a><\/p>\n<\/div>\n<\/div><\/div><\/div><div id=\"pgc-11313-10-1\"  class=\"panel-grid-cell\" ><div id=\"panel-11313-10-1-0\" class=\"so-panel widget widget_sow-editor panel-first-child panel-last-child\" data-index=\"24\" ><div\n\t\t\t\n\t\t\tclass=\"so-widget-sow-editor so-widget-sow-editor-base\"\n\t\t\t\n\t\t>\n<div class=\"siteorigin-widget-tinymce textwidget\">\n\t<p><img loading=\"lazy\" decoding=\"async\" class=\"alignnone size-medium wp-image-14514\" src=\"https:\/\/www.sup-galilee.univ-paris13.fr\/wp-content\/uploads\/2025\/11\/logo-france-competences-450x267-1-300x178.png\" alt=\"\" width=\"300\" height=\"178\" srcset=\"https:\/\/www.sup-galilee.univ-paris13.fr\/wp-content\/uploads\/2025\/11\/logo-france-competences-450x267-1-300x178.png 300w, https:\/\/www.sup-galilee.univ-paris13.fr\/wp-content\/uploads\/2025\/11\/logo-france-competences-450x267-1.png 450w\" sizes=\"auto, (max-width: 300px) 100vw, 300px\" \/><\/p>\n<\/div>\n<\/div><\/div><\/div><\/div><\/div><div id=\"pg-11313-11\"  class=\"panel-grid panel-no-style\" ><div id=\"pgc-11313-11-0\"  class=\"panel-grid-cell\" ><div id=\"panel-11313-11-0-0\" class=\"so-panel widget widget_heading panel-first-child panel-last-child\" data-index=\"25\" ><div class=\"thim-widget-heading template-base\"><div class=\"sc_heading  text-left\"><h3 style=\"text-transform: uppercase;\" class=\"title\">Plus de d\u00e9tails<\/h3><span class=\"line\"><\/span><\/div><\/div><\/div><\/div><\/div><div id=\"pg-11313-12\"  class=\"panel-grid panel-no-style\" ><div id=\"pgc-11313-12-0\"  class=\"panel-grid-cell\" ><div id=\"panel-11313-12-0-0\" class=\"so-panel widget widget_sow-button panel-first-child panel-last-child\" data-index=\"26\" ><div\n\t\t\t\n\t\t\tclass=\"so-widget-sow-button so-widget-sow-button-atom-c79703b27520-11313\"\n\t\t\t\n\t\t><div class=\"ow-button-base ow-button-align-center\"\n>\n\t\t\t<a\n\t\t\t\t\thref=\"\/wp-content\/uploads\/2024\/03\/Sup-Galilee-Fiche-formation-Ingenieur-Instrumentation.pdf\"\n\t\t\t\t\tclass=\"sowb-button ow-icon-placement-top ow-button-hover\" target=\"_blank\" rel=\"noopener noreferrer\" \t>\n\t\t<span>\n\t\t\t<span class=\"sow-icon-elegantline\" data-sow-icon=\"&#xe008;\"\n\t\tstyle=\"\" \n\t\taria-hidden=\"true\"><\/span>\n\t\t\tFiche formation\t\t<\/span>\n\t\t\t<\/a>\n\t<\/div>\n<\/div><\/div><\/div><div id=\"pgc-11313-12-1\"  class=\"panel-grid-cell\" ><div id=\"panel-11313-12-1-0\" class=\"so-panel widget widget_sow-button panel-first-child panel-last-child\" data-index=\"27\" ><div\n\t\t\t\n\t\t\tclass=\"so-widget-sow-button so-widget-sow-button-atom-14e80c19de8f-11313\"\n\t\t\t\n\t\t><div class=\"ow-button-base ow-button-align-center\"\n>\n\t\t\t<a\n\t\t\t\t\thref=\"https:\/\/www.sup-galilee.univ-paris13.fr\/index.php\/formation\/instrumentation\/controle-des-connaissance-instrumentation\/\"\n\t\t\t\t\tclass=\"sowb-button ow-icon-placement-top ow-button-hover\" \t>\n\t\t<span>\n\t\t\t<span class=\"sow-icon-elegantline\" data-sow-icon=\"&#xe019;\"\n\t\tstyle=\"\" \n\t\taria-hidden=\"true\"><\/span>\n\t\t\tModalit\u00e9s de contr\u00f4le des connaissances\t\t<\/span>\n\t\t\t<\/a>\n\t<\/div>\n<\/div><\/div><\/div><div id=\"pgc-11313-12-2\"  class=\"panel-grid-cell\" ><div id=\"panel-11313-12-2-0\" class=\"so-panel widget widget_sow-button panel-first-child panel-last-child\" data-index=\"28\" ><div\n\t\t\t\n\t\t\tclass=\"so-widget-sow-button so-widget-sow-button-atom-9261580827f8-11313\"\n\t\t\t\n\t\t><div class=\"ow-button-base ow-button-align-center\"\n>\n\t\t\t<a\n\t\t\t\t\thref=\"\/wp-content\/uploads\/2024\/01\/Organigramme_Sup_Galilee.pdf\"\n\t\t\t\t\tclass=\"sowb-button ow-icon-placement-top ow-button-hover\" target=\"_blank\" rel=\"noopener noreferrer\" \t>\n\t\t<span>\n\t\t\t<span class=\"sow-icon-elegantline\" data-sow-icon=\"&#xe00b;\"\n\t\tstyle=\"\" \n\t\taria-hidden=\"true\"><\/span>\n\t\t\tOrganigramme\t\t<\/span>\n\t\t\t<\/a>\n\t<\/div>\n<\/div><\/div><\/div><\/div><\/div>","protected":false},"excerpt":{"rendered":"<p>Cette nouvelle sp\u00e9cialit\u00e9 Instrumentation, cr\u00e9\u00e9e en 2019, a pour objectif de former des ing\u00e9nieurs sp\u00e9cialis\u00e9s dans la conception et la mise en \u0153uvre de syst\u00e8mes de mesure et de contr\u00f4le pour l\u2019industrie, la sant\u00e9 ou encore les transports. Les ing\u00e9nieurs &hellip; <\/p>\n","protected":false},"author":1,"featured_media":0,"parent":9025,"menu_order":0,"comment_status":"closed","ping_status":"closed","template":"","meta":{"footnotes":""},"class_list":["post-11313","page","type-page","status-publish","hentry"],"_links":{"self":[{"href":"https:\/\/www.sup-galilee.univ-paris13.fr\/index.php\/wp-json\/wp\/v2\/pages\/11313","targetHints":{"allow":["GET"]}}],"collection":[{"href":"https:\/\/www.sup-galilee.univ-paris13.fr\/index.php\/wp-json\/wp\/v2\/pages"}],"about":[{"href":"https:\/\/www.sup-galilee.univ-paris13.fr\/index.php\/wp-json\/wp\/v2\/types\/page"}],"author":[{"embeddable":true,"href":"https:\/\/www.sup-galilee.univ-paris13.fr\/index.php\/wp-json\/wp\/v2\/users\/1"}],"replies":[{"embeddable":true,"href":"https:\/\/www.sup-galilee.univ-paris13.fr\/index.php\/wp-json\/wp\/v2\/comments?post=11313"}],"version-history":[{"count":39,"href":"https:\/\/www.sup-galilee.univ-paris13.fr\/index.php\/wp-json\/wp\/v2\/pages\/11313\/revisions"}],"predecessor-version":[{"id":14530,"href":"https:\/\/www.sup-galilee.univ-paris13.fr\/index.php\/wp-json\/wp\/v2\/pages\/11313\/revisions\/14530"}],"up":[{"embeddable":true,"href":"https:\/\/www.sup-galilee.univ-paris13.fr\/index.php\/wp-json\/wp\/v2\/pages\/9025"}],"wp:attachment":[{"href":"https:\/\/www.sup-galilee.univ-paris13.fr\/index.php\/wp-json\/wp\/v2\/media?parent=11313"}],"curies":[{"name":"wp","href":"https:\/\/api.w.org\/{rel}","templated":true}]}}