{"id":11653,"date":"2019-08-07T11:48:56","date_gmt":"2019-08-07T09:48:56","guid":{"rendered":"http:\/\/sup-gal.ig-edu.univ-paris13.fr\/?page_id=11653"},"modified":"2024-02-16T11:15:02","modified_gmt":"2024-02-16T09:15:02","slug":"bde","status":"publish","type":"page","link":"https:\/\/www.sup-galilee.univ-paris13.fr\/index.php\/vie-sur-le-campus\/bde\/","title":{"rendered":"BDE"},"content":{"rendered":"<div id=\"pl-gb11653-69f3721167e51\"  class=\"panel-layout\" ><div id=\"pg-gb11653-69f3721167e51-0\"  class=\"panel-grid panel-no-style\" ><div id=\"pgc-gb11653-69f3721167e51-0-0\"  class=\"panel-grid-cell\" ><div id=\"panel-gb11653-69f3721167e51-0-0-0\" class=\"so-panel widget widget_heading panel-first-child\" data-index=\"0\" ><div class=\"thim-widget-heading template-base\"><div class=\"sc_heading  \"><h3 style=\"text-transform: uppercase;\" class=\"title\">Bureau des \u00e9l\u00e8ves<\/h3><span class=\"line\"><\/span><\/div><\/div><\/div><div id=\"panel-gb11653-69f3721167e51-0-0-1\" class=\"so-panel widget widget_sow-editor panel-last-child\" data-index=\"1\" ><div\n\t\t\t\n\t\t\tclass=\"so-widget-sow-editor so-widget-sow-editor-base\"\n\t\t\t\n\t\t>\n<div class=\"siteorigin-widget-tinymce textwidget\">\n\t<p>Le <strong>BDE<\/strong> est g\u00e9r\u00e9 par une \u00e9quipe d\u2019\u00e9tudiants et d\u2019\u00e9tudiantes <strong>\u00e9lus annuellement<\/strong>. Il est \u00e9galement ouvert aux \u00e9tudiants de l&rsquo;<strong>Universit\u00e9 Sorbonne Paris Nord<\/strong>.<\/p>\n<p><strong>Nous contacter :<\/strong> supgalilee.bde@gmail.com<\/p>\n<p><strong>Nous retrouver :<\/strong><\/p>\n<ul>\n<li>sur <a href=\"https:\/\/www.instagram.com\/bde_supgalilee\/?hl=fr https:\/\/discord.gg\/APfVbsurGY\" target=\"_blank\" rel=\"noopener\">instagram<\/a><\/li>\n<li>sur <a href=\"https:\/\/fr-fr.facebook.com\/BdeSupGalilee\/\" target=\"_blank\" rel=\"noopener\">facebook<\/a><\/li>\n<\/ul>\n<p>&nbsp;<\/p>\n<p>&nbsp;<\/p>\n<\/div>\n<\/div><\/div><\/div><div id=\"pgc-gb11653-69f3721167e51-0-1\"  class=\"panel-grid-cell\" ><div id=\"panel-gb11653-69f3721167e51-0-1-0\" class=\"so-panel widget widget_empty-space panel-first-child\" data-index=\"2\" ><div class=\"thim-widget-empty-space template-base\"><div class=\"empty_space\" style=\"height:100px\"><\/div><\/div><\/div><div id=\"panel-gb11653-69f3721167e51-0-1-1\" class=\"so-panel widget widget_sow-editor panel-last-child\" data-index=\"3\" ><div\n\t\t\t\n\t\t\tclass=\"so-widget-sow-editor so-widget-sow-editor-base\"\n\t\t\t\n\t\t>\n<div class=\"siteorigin-widget-tinymce textwidget\">\n\t<p><img loading=\"lazy\" decoding=\"async\" class=\"alignnone size-medium wp-image-13519\" src=\"https:\/\/sup-gal.ig-edu.univ-paris13.fr\/wp-content\/uploads\/2024\/02\/LOGO-PNG-1-212x300.png\" alt=\"\" width=\"212\" height=\"300\" srcset=\"https:\/\/www.sup-galilee.univ-paris13.fr\/wp-content\/uploads\/2024\/02\/LOGO-PNG-1-212x300.png 212w, https:\/\/www.sup-galilee.univ-paris13.fr\/wp-content\/uploads\/2024\/02\/LOGO-PNG-1-724x1024.png 724w, https:\/\/www.sup-galilee.univ-paris13.fr\/wp-content\/uploads\/2024\/02\/LOGO-PNG-1-768x1086.png 768w, https:\/\/www.sup-galilee.univ-paris13.fr\/wp-content\/uploads\/2024\/02\/LOGO-PNG-1-1086x1536.png 1086w, https:\/\/www.sup-galilee.univ-paris13.fr\/wp-content\/uploads\/2024\/02\/LOGO-PNG-1-1448x2048.png 1448w\" sizes=\"auto, (max-width: 212px) 100vw, 212px\" \/><\/p>\n<\/div>\n<\/div><\/div><\/div><\/div><div id=\"pg-gb11653-69f3721167e51-1\"  class=\"panel-grid panel-no-style\" ><div id=\"pgc-gb11653-69f3721167e51-1-0\"  class=\"panel-grid-cell\" ><div id=\"panel-gb11653-69f3721167e51-1-0-0\" class=\"so-panel widget widget_siteorigin-panels-builder panel-first-child panel-last-child\" data-index=\"4\" ><div id=\"pl-w65cf2794539b5\"  class=\"panel-layout\" ><div id=\"pg-w65cf2794539b5-0\"  class=\"panel-grid panel-no-style\" ><div id=\"pgc-w65cf2794539b5-0-0\"  class=\"panel-grid-cell\" ><div id=\"panel-w65cf2794539b5-0-0-0\" class=\"so-panel widget widget_icon-box panel-first-child panel-last-child\" data-index=\"0\" ><div class=\"thim-widget-icon-box template-base\"><div class=\"wrapper-box-icon text-center \" ><div class=\"smicon-box iconbox-top\" style=\"--icon-font-size:14px;--icon-color:#e88835;\"><div class=\"boxes-icon\"><span class=\"inner-icon\"><span class=\"icon\"><i class=\"fa fa-star\"><\/i><\/span><\/span><\/span><\/div><div class=\"content-inner\"><div class=\"sc-heading article_heading\"><h2 class = \"heading__primary\" style=\"--title-font-size: 20px;--title-margin-top: 10px;--title-margin-bottom: 20px;\">Objectifs<\/h2><\/div><div class=\"desc-icon-box\"><div class=\"desc-content\" style=\"font-size: 17px;line-height: 24px;\">Promouvoir et animer l\u2019\u00c9cole d\u2019Ing\u00e9nieurs Sup Galil\u00e9e tout en cr\u00e9ant du lien et en repr\u00e9sentant un r\u00e9seau d\u2019entraide amical et chaleureux.<\/div><\/div><\/div><\/div><\/div><\/div><\/div><\/div><div id=\"pgc-w65cf2794539b5-0-1\"  class=\"panel-grid-cell\" ><div id=\"panel-w65cf2794539b5-0-1-0\" class=\"so-panel widget widget_icon-box panel-first-child panel-last-child\" data-index=\"1\" ><div class=\"thim-widget-icon-box template-base\"><div class=\"wrapper-box-icon text-center \" ><div class=\"smicon-box iconbox-top\" style=\"--icon-font-size:14px;--icon-color:#e88835;\"><div class=\"boxes-icon\"><span class=\"inner-icon\"><span class=\"icon\"><i class=\"fa fa-users\"><\/i><\/span><\/span><\/span><\/div><div class=\"content-inner\"><div class=\"sc-heading article_heading\"><h2 class = \"heading__primary\" style=\"--title-font-size: 20px;--title-margin-top: 10px;--title-margin-bottom: 20px;\">Convivialit\u00e9<\/h2><\/div><div class=\"desc-icon-box\"><div class=\"desc-content\" style=\"font-size: 17px;line-height: 24px;\">Canap\u00e9s, consoles de jeux, t\u00e9l\u00e9, baby\u00adfoot, piano, snack : tout est r\u00e9uni pour passer un excellent moment de d\u00e9tente et de partage dans un lieu accueillant.<\/div><\/div><\/div><\/div><\/div><\/div><\/div><\/div><div id=\"pgc-w65cf2794539b5-0-2\"  class=\"panel-grid-cell\" ><div id=\"panel-w65cf2794539b5-0-2-0\" class=\"so-panel widget widget_icon-box panel-first-child panel-last-child\" data-index=\"2\" ><div class=\"thim-widget-icon-box template-base\"><div class=\"wrapper-box-icon text-center \" ><div class=\"smicon-box iconbox-top\" style=\"--icon-font-size:14px;--icon-color:#e88835;\"><div class=\"boxes-icon\"><span class=\"inner-icon\"><span class=\"icon\"><i class=\"fa fa-coffee\"><\/i><\/span><\/span><\/span><\/div><div class=\"content-inner\"><div class=\"sc-heading article_heading\"><h2 class = \"heading__primary\" style=\"--title-font-size: 20px;--title-margin-top: 10px;--title-margin-bottom: 20px;\">Venez nombreux<\/h2><\/div><div class=\"desc-icon-box\"><div class=\"desc-content\" style=\"font-size: 17px;line-height: 24px;\">Le BDE est situ\u00e9 dans le hall de l\u2019Institut Galil\u00e9e et est ouvert de 8h30 \u00e0 17h. On ne peut pas passer \u00e0 c\u00f4t\u00e9 alors n\u2019h\u00e9sitez pas \u00e0 pousser la porte !<\/div><\/div><\/div><\/div><\/div><\/div><\/div><\/div><\/div><div id=\"pg-w65cf2794539b5-1\"  class=\"panel-grid panel-no-style\" ><div id=\"pgc-w65cf2794539b5-1-0\"  class=\"panel-grid-cell\" ><div id=\"panel-w65cf2794539b5-1-0-0\" class=\"so-panel widget widget_empty-space panel-first-child panel-last-child\" data-index=\"3\" ><div class=\"thim-widget-empty-space template-base\"><div class=\"empty_space\" style=\"height:30px\"><\/div><\/div><\/div><\/div><\/div><div id=\"pg-w65cf2794539b5-2\"  class=\"panel-grid panel-no-style\" ><div id=\"pgc-w65cf2794539b5-2-0\"  class=\"panel-grid-cell\" ><div id=\"panel-w65cf2794539b5-2-0-0\" class=\"so-panel widget widget_icon-box panel-first-child panel-last-child\" data-index=\"4\" ><div class=\"thim-widget-icon-box template-base\"><div class=\"wrapper-box-icon text-center \" ><div class=\"smicon-box iconbox-top\" style=\"--icon-font-size:14px;--icon-color:#e88835;\"><div class=\"boxes-icon\"><span class=\"inner-icon\"><span class=\"icon\"><i class=\"fa fa-music\"><\/i><\/span><\/span><\/span><\/div><div class=\"content-inner\"><div class=\"sc-heading article_heading\"><h2 class = \"heading__primary\" style=\"--title-font-size: 20px;--title-margin-top: 10px;--title-margin-bottom: 20px;\">\u00c9v\u00e9nements festifs<\/h2><\/div><div class=\"desc-icon-box\"><div class=\"desc-content\" style=\"font-size: 17px;line-height: 24px;\">Organisation de festivit\u00e9s tout au long de l\u2019ann\u00e9e : week\u00adend d\u2019int\u00e9gration, gala de No\u00ebl, gala de remise des dipl\u00f4mes, f\u00eate de la rose la semaine du 14 f\u00e9vrier, f\u00eate d\u2019Halloween&#8230;<\/div><\/div><\/div><\/div><\/div><\/div><\/div><\/div><div id=\"pgc-w65cf2794539b5-2-1\"  class=\"panel-grid-cell\" ><div id=\"panel-w65cf2794539b5-2-1-0\" class=\"so-panel widget widget_icon-box panel-first-child panel-last-child\" data-index=\"5\" ><div class=\"thim-widget-icon-box template-base\"><div class=\"wrapper-box-icon text-center \" ><div class=\"smicon-box iconbox-top\" style=\"--icon-font-size:14px;--icon-color:#e88835;\"><div class=\"boxes-icon\"><span class=\"inner-icon\"><span class=\"icon\"><i class=\"fa fa-dribbble\"><\/i><\/span><\/span><\/span><\/div><div class=\"content-inner\"><div class=\"sc-heading article_heading\"><h2 class = \"heading__primary\" style=\"--title-font-size: 20px;--title-margin-top: 10px;--title-margin-bottom: 20px;\">\u00c9v\u00e9nements sportifs<\/h2><\/div><div class=\"desc-icon-box\"><div class=\"desc-content\" style=\"font-size: 17px;line-height: 24px;\">Organisation d&rsquo;un challenge sportif et barbecue avec le DAPS \u00e0 la base nautique de Cergy-Pontoise, chasse aux tr\u00e9sors associ\u00e9e avec les diff\u00e9rents clubs de l\u2019Institut Galil\u00e9e durant la semaine de P\u00e2ques&#8230;<\/div><\/div><\/div><\/div><\/div><\/div><\/div><\/div><div id=\"pgc-w65cf2794539b5-2-2\"  class=\"panel-grid-cell\" ><div id=\"panel-w65cf2794539b5-2-2-0\" class=\"so-panel widget widget_icon-box panel-first-child panel-last-child\" data-index=\"6\" ><div class=\"thim-widget-icon-box template-base\"><div class=\"wrapper-box-icon text-center \" ><div class=\"smicon-box iconbox-top\" style=\"--icon-font-size:14px;--icon-color:#e88835;\"><div class=\"boxes-icon\"><span class=\"inner-icon\"><span class=\"icon\"><i class=\"fa fa-comment-o\"><\/i><\/span><\/span><\/span><\/div><div class=\"content-inner\"><div class=\"sc-heading article_heading\"><h2 class = \"heading__primary\" style=\"--title-font-size: 20px;--title-margin-top: 10px;--title-margin-bottom: 20px;\">Clubs anim\u00e9s<\/h2><\/div><div class=\"desc-icon-box\"><div class=\"desc-content\" style=\"font-size: 17px;line-height: 24px;\">Avec une activit\u00e9 hebdomadaire ainsi que des \u00e9v\u00e9nements ponctuels. Exemples de Clubs selon les ann\u00e9es : Cin\u00e9 Club, le Club de jeux de soci\u00e9t\u00e9, le Club de Culture Nipponne ou toute autre nouvelle id\u00e9e pour se rassembler autour d\u2019une passion commune.<\/div><\/div><\/div><\/div><\/div><\/div><\/div><\/div><\/div><\/div><\/div><\/div><\/div><div id=\"pg-gb11653-69f3721167e51-2\"  class=\"panel-grid panel-no-style\" ><div id=\"pgc-gb11653-69f3721167e51-2-0\"  class=\"panel-grid-cell\" ><div id=\"panel-gb11653-69f3721167e51-2-0-0\" class=\"so-panel widget widget_empty-space panel-first-child panel-last-child\" data-index=\"5\" ><div class=\"thim-widget-empty-space template-base\"><div class=\"empty_space\" style=\"height:100px\"><\/div><\/div><\/div><\/div><\/div><\/div>\n\n\n<figure class=\"wp-block-gallery has-nested-images columns-default is-cropped wp-block-gallery-1 is-layout-flex wp-block-gallery-is-layout-flex\">\n<figure class=\"wp-block-image size-large\"><img loading=\"lazy\" decoding=\"async\" width=\"1024\" height=\"548\" data-id=\"12307\" src=\"http:\/\/sup-gal.ig-edu.univ-paris13.fr\/wp-content\/uploads\/2022\/02\/Ski-1-1024x548.jpg\" alt=\"\" class=\"wp-image-12307\" srcset=\"https:\/\/www.sup-galilee.univ-paris13.fr\/wp-content\/uploads\/2022\/02\/Ski-1-1024x548.jpg 1024w, https:\/\/www.sup-galilee.univ-paris13.fr\/wp-content\/uploads\/2022\/02\/Ski-1-300x160.jpg 300w, https:\/\/www.sup-galilee.univ-paris13.fr\/wp-content\/uploads\/2022\/02\/Ski-1-768x411.jpg 768w, https:\/\/www.sup-galilee.univ-paris13.fr\/wp-content\/uploads\/2022\/02\/Ski-1.jpg 1064w\" sizes=\"auto, (max-width: 1024px) 100vw, 1024px\" \/><\/figure>\n\n\n\n<figure class=\"wp-block-image size-large\"><img loading=\"lazy\" decoding=\"async\" width=\"960\" height=\"640\" data-id=\"12310\" src=\"http:\/\/sup-gal.ig-edu.univ-paris13.fr\/wp-content\/uploads\/2022\/02\/Gala-1.jpg\" alt=\"\" class=\"wp-image-12310\" srcset=\"https:\/\/www.sup-galilee.univ-paris13.fr\/wp-content\/uploads\/2022\/02\/Gala-1.jpg 960w, https:\/\/www.sup-galilee.univ-paris13.fr\/wp-content\/uploads\/2022\/02\/Gala-1-300x200.jpg 300w, https:\/\/www.sup-galilee.univ-paris13.fr\/wp-content\/uploads\/2022\/02\/Gala-1-768x512.jpg 768w, https:\/\/www.sup-galilee.univ-paris13.fr\/wp-content\/uploads\/2022\/02\/Gala-1-272x182.jpg 272w\" sizes=\"auto, (max-width: 960px) 100vw, 960px\" \/><\/figure>\n\n\n\n<figure class=\"wp-block-image size-large\"><img loading=\"lazy\" decoding=\"async\" width=\"960\" height=\"640\" data-id=\"12309\" src=\"http:\/\/sup-gal.ig-edu.univ-paris13.fr\/wp-content\/uploads\/2022\/02\/Gala-2-1.jpg\" alt=\"\" class=\"wp-image-12309\" srcset=\"https:\/\/www.sup-galilee.univ-paris13.fr\/wp-content\/uploads\/2022\/02\/Gala-2-1.jpg 960w, https:\/\/www.sup-galilee.univ-paris13.fr\/wp-content\/uploads\/2022\/02\/Gala-2-1-300x200.jpg 300w, https:\/\/www.sup-galilee.univ-paris13.fr\/wp-content\/uploads\/2022\/02\/Gala-2-1-768x512.jpg 768w, https:\/\/www.sup-galilee.univ-paris13.fr\/wp-content\/uploads\/2022\/02\/Gala-2-1-272x182.jpg 272w\" sizes=\"auto, (max-width: 960px) 100vw, 960px\" \/><\/figure>\n\n\n\n<figure class=\"wp-block-image size-large\"><img loading=\"lazy\" decoding=\"async\" width=\"510\" height=\"382\" data-id=\"12308\" src=\"http:\/\/sup-gal.ig-edu.univ-paris13.fr\/wp-content\/uploads\/2022\/02\/Equipe-510x382-2.jpg\" alt=\"\" class=\"wp-image-12308\" srcset=\"https:\/\/www.sup-galilee.univ-paris13.fr\/wp-content\/uploads\/2022\/02\/Equipe-510x382-2.jpg 510w, https:\/\/www.sup-galilee.univ-paris13.fr\/wp-content\/uploads\/2022\/02\/Equipe-510x382-2-300x225.jpg 300w\" sizes=\"auto, (max-width: 510px) 100vw, 510px\" \/><\/figure>\n\n\n\n<figure class=\"wp-block-image size-large\"><img loading=\"lazy\" decoding=\"async\" width=\"1024\" height=\"576\" data-id=\"12312\" src=\"http:\/\/sup-gal.ig-edu.univ-paris13.fr\/wp-content\/uploads\/2022\/02\/Challenge-Sportif-3-1080x608-2-1024x576.jpg\" alt=\"\" class=\"wp-image-12312\" srcset=\"https:\/\/www.sup-galilee.univ-paris13.fr\/wp-content\/uploads\/2022\/02\/Challenge-Sportif-3-1080x608-2-1024x576.jpg 1024w, https:\/\/www.sup-galilee.univ-paris13.fr\/wp-content\/uploads\/2022\/02\/Challenge-Sportif-3-1080x608-2-300x169.jpg 300w, https:\/\/www.sup-galilee.univ-paris13.fr\/wp-content\/uploads\/2022\/02\/Challenge-Sportif-3-1080x608-2-768x432.jpg 768w, https:\/\/www.sup-galilee.univ-paris13.fr\/wp-content\/uploads\/2022\/02\/Challenge-Sportif-3-1080x608-2.jpg 1080w\" sizes=\"auto, (max-width: 1024px) 100vw, 1024px\" \/><\/figure>\n\n\n\n<figure class=\"wp-block-image size-large\"><img loading=\"lazy\" decoding=\"async\" width=\"1024\" height=\"576\" data-id=\"12311\" src=\"http:\/\/sup-gal.ig-edu.univ-paris13.fr\/wp-content\/uploads\/2022\/02\/Challenge-Sportif-2-1080x608-2-1024x576.jpg\" alt=\"\" class=\"wp-image-12311\" srcset=\"https:\/\/www.sup-galilee.univ-paris13.fr\/wp-content\/uploads\/2022\/02\/Challenge-Sportif-2-1080x608-2-1024x576.jpg 1024w, https:\/\/www.sup-galilee.univ-paris13.fr\/wp-content\/uploads\/2022\/02\/Challenge-Sportif-2-1080x608-2-300x169.jpg 300w, https:\/\/www.sup-galilee.univ-paris13.fr\/wp-content\/uploads\/2022\/02\/Challenge-Sportif-2-1080x608-2-768x432.jpg 768w, https:\/\/www.sup-galilee.univ-paris13.fr\/wp-content\/uploads\/2022\/02\/Challenge-Sportif-2-1080x608-2.jpg 1080w\" sizes=\"auto, (max-width: 1024px) 100vw, 1024px\" \/><\/figure>\n\n\n\n<figure class=\"wp-block-image size-large\"><img loading=\"lazy\" decoding=\"async\" width=\"1024\" height=\"576\" data-id=\"12313\" src=\"http:\/\/sup-gal.ig-edu.univ-paris13.fr\/wp-content\/uploads\/2022\/02\/Challenge-Sportif-1-1080x608-2-1024x576.jpg\" alt=\"\" class=\"wp-image-12313\" srcset=\"https:\/\/www.sup-galilee.univ-paris13.fr\/wp-content\/uploads\/2022\/02\/Challenge-Sportif-1-1080x608-2-1024x576.jpg 1024w, https:\/\/www.sup-galilee.univ-paris13.fr\/wp-content\/uploads\/2022\/02\/Challenge-Sportif-1-1080x608-2-300x169.jpg 300w, https:\/\/www.sup-galilee.univ-paris13.fr\/wp-content\/uploads\/2022\/02\/Challenge-Sportif-1-1080x608-2-768x432.jpg 768w, https:\/\/www.sup-galilee.univ-paris13.fr\/wp-content\/uploads\/2022\/02\/Challenge-Sportif-1-1080x608-2.jpg 1080w\" sizes=\"auto, (max-width: 1024px) 100vw, 1024px\" \/><\/figure>\n<\/figure>\n\n\n<div id=\"pl-gb11653-69f372116aafc\"  class=\"panel-layout\" ><div id=\"pg-gb11653-69f372116aafc-0\"  class=\"panel-grid panel-no-style\" ><div id=\"pgc-gb11653-69f372116aafc-0-0\"  class=\"panel-grid-cell\" ><div id=\"panel-gb11653-69f372116aafc-0-0-0\" class=\"so-panel widget widget_empty-space panel-first-child panel-last-child\" data-index=\"0\" ><div class=\"thim-widget-empty-space template-base\"><div class=\"empty_space\" style=\"height:30px\"><\/div><\/div><\/div><\/div><\/div><\/div>","protected":false},"excerpt":{"rendered":"<p>Le BDE est g\u00e9r\u00e9 par une \u00e9quipe d\u2019\u00e9tudiants et d\u2019\u00e9tudiantes \u00e9lus annuellement. Il est \u00e9galement ouvert aux \u00e9tudiants de l&rsquo;Universit\u00e9 Sorbonne Paris Nord. Nous contacter : supgalilee.bde@gmail.com Nous retrouver : sur instagram sur facebook &nbsp; &nbsp;<\/p>\n","protected":false},"author":1,"featured_media":0,"parent":9026,"menu_order":0,"comment_status":"closed","ping_status":"closed","template":"","meta":{"footnotes":""},"class_list":["post-11653","page","type-page","status-publish","hentry"],"_links":{"self":[{"href":"https:\/\/www.sup-galilee.univ-paris13.fr\/index.php\/wp-json\/wp\/v2\/pages\/11653","targetHints":{"allow":["GET"]}}],"collection":[{"href":"https:\/\/www.sup-galilee.univ-paris13.fr\/index.php\/wp-json\/wp\/v2\/pages"}],"about":[{"href":"https:\/\/www.sup-galilee.univ-paris13.fr\/index.php\/wp-json\/wp\/v2\/types\/page"}],"author":[{"embeddable":true,"href":"https:\/\/www.sup-galilee.univ-paris13.fr\/index.php\/wp-json\/wp\/v2\/users\/1"}],"replies":[{"embeddable":true,"href":"https:\/\/www.sup-galilee.univ-paris13.fr\/index.php\/wp-json\/wp\/v2\/comments?post=11653"}],"version-history":[{"count":50,"href":"https:\/\/www.sup-galilee.univ-paris13.fr\/index.php\/wp-json\/wp\/v2\/pages\/11653\/revisions"}],"predecessor-version":[{"id":13611,"href":"https:\/\/www.sup-galilee.univ-paris13.fr\/index.php\/wp-json\/wp\/v2\/pages\/11653\/revisions\/13611"}],"up":[{"embeddable":true,"href":"https:\/\/www.sup-galilee.univ-paris13.fr\/index.php\/wp-json\/wp\/v2\/pages\/9026"}],"wp:attachment":[{"href":"https:\/\/www.sup-galilee.univ-paris13.fr\/index.php\/wp-json\/wp\/v2\/media?parent=11653"}],"curies":[{"name":"wp","href":"https:\/\/api.w.org\/{rel}","templated":true}]}}