{"id":11655,"date":"2019-08-07T11:49:44","date_gmt":"2019-08-07T09:49:44","guid":{"rendered":"http:\/\/sup-gal.ig-edu.univ-paris13.fr\/?page_id=11655"},"modified":"2024-03-12T11:09:42","modified_gmt":"2024-03-12T09:09:42","slug":"activites-et-divertissements","status":"publish","type":"page","link":"https:\/\/www.sup-galilee.univ-paris13.fr\/index.php\/vie-sur-le-campus\/activites-et-divertissements\/","title":{"rendered":"Activit\u00e9s et divertissements"},"content":{"rendered":"<div id=\"pl-gb11655-69ea491ce4599\"  class=\"panel-layout panel-layout\" ><div id=\"pg-gb11655-69ea491ce4599-0\"  class=\"panel-grid panel-no-style\" ><div id=\"pgc-gb11655-69ea491ce4599-0-0\"  class=\"panel-grid-cell\" ><div id=\"panel-gb11655-69ea491ce4599-0-0-0\" class=\"so-panel widget widget_heading panel-first-child\" data-index=\"0\" ><div class=\"thim-widget-heading template-base\"><div class=\"sc_heading  \"><h3 style=\"text-transform: uppercase;\" class=\"title\">Associations \u00e9tudiantes<\/h3><span class=\"line\"><\/span><\/div><\/div><\/div><div id=\"panel-gb11655-69ea491ce4599-0-0-1\" class=\"so-panel widget widget_sow-editor panel-last-child\" data-index=\"1\" ><div\n\t\t\t\n\t\t\tclass=\"so-widget-sow-editor so-widget-sow-editor-base\"\n\t\t\t\n\t\t>\n<div class=\"siteorigin-widget-tinymce textwidget\">\n\t<p>Les associations sont <strong>nombreuses sur le campus<\/strong> et permettent de <strong>s\u2019investir dans la vie \u00e9tudiante<\/strong> et proposent en permanence d&rsquo;innombrables<strong>\u00a0activit\u00e9s<\/strong> favorisant : les rencontres, l\u2019int\u00e9gration, les \u00e9changes, la communication ou encore le partage de passions communes\u2026<\/p>\n<p>Vous trouverez diverses associations destin\u00e9es aux \u00e9tudiants sur le campus de l\u2019\u00c9cole parmi lesquelles :<\/p>\n<ul>\n<li><a href=\"\/index.php\/vie-sur-le-campus\/bde\/\" target=\"_blank\" rel=\"noopener\">BDE\u00a0<\/a><\/li>\n<li>R\u00e9seau d&rsquo;anciens dipl\u00f4m\u00e9s : l\u2019<a href=\"\/index.php\/services-etudiant\/reseau-danciens-diplomes\/\" target=\"_blank\" rel=\"noopener\">AISG<\/a> (Association Ing\u00e9nieurs Sup Galil\u00e9e)<\/li>\n<li>Association <a href=\"https:\/\/www.atouts-sciences.org\/\" target=\"_blank\" rel=\"noopener\">Atouts Sciences<\/a> pour la diffusion de la culture scientifique<\/li>\n<li>Club de Robotique de l\u2019Institut Galil\u00e9e (<a href=\"\/index.php\/vie-sur-le-campus\/crig\/\" target=\"_blank\" rel=\"noopener\">CRIG<\/a>)<\/li>\n<\/ul>\n<\/div>\n<\/div><\/div><\/div><div id=\"pgc-gb11655-69ea491ce4599-0-1\"  class=\"panel-grid-cell\" ><div id=\"panel-gb11655-69ea491ce4599-0-1-0\" class=\"so-panel widget widget_empty-space panel-first-child\" data-index=\"2\" ><div class=\"thim-widget-empty-space template-base\"><div class=\"empty_space\" style=\"height:150px\"><\/div><\/div><\/div><div id=\"panel-gb11655-69ea491ce4599-0-1-1\" class=\"so-panel widget widget_sow-editor panel-last-child\" data-index=\"3\" ><div\n\t\t\t\n\t\t\tclass=\"so-widget-sow-editor so-widget-sow-editor-base\"\n\t\t\t\n\t\t>\n<div class=\"siteorigin-widget-tinymce textwidget\">\n\t<p><img loading=\"lazy\" decoding=\"async\" class=\"alignnone  wp-image-13637 aligncenter\" src=\"https:\/\/sup-gal.ig-edu.univ-paris13.fr\/wp-content\/uploads\/2024\/02\/P1040671-300x225.jpg\" alt=\"\" width=\"391\" height=\"293\" srcset=\"https:\/\/www.sup-galilee.univ-paris13.fr\/wp-content\/uploads\/2024\/02\/P1040671-300x225.jpg 300w, https:\/\/www.sup-galilee.univ-paris13.fr\/wp-content\/uploads\/2024\/02\/P1040671-1024x768.jpg 1024w, https:\/\/www.sup-galilee.univ-paris13.fr\/wp-content\/uploads\/2024\/02\/P1040671-768x576.jpg 768w, https:\/\/www.sup-galilee.univ-paris13.fr\/wp-content\/uploads\/2024\/02\/P1040671-1536x1152.jpg 1536w, https:\/\/www.sup-galilee.univ-paris13.fr\/wp-content\/uploads\/2024\/02\/P1040671-2048x1536.jpg 2048w\" sizes=\"auto, (max-width: 391px) 100vw, 391px\" \/><\/p>\n<\/div>\n<\/div><\/div><\/div><\/div><div id=\"pg-gb11655-69ea491ce4599-1\"  class=\"panel-grid panel-no-style\" ><div id=\"pgc-gb11655-69ea491ce4599-1-0\"  class=\"panel-grid-cell\" ><div id=\"panel-gb11655-69ea491ce4599-1-0-0\" class=\"so-panel widget widget_heading panel-first-child\" data-index=\"4\" ><div class=\"thim-widget-heading template-base\"><div class=\"sc_heading  \"><h3 style=\"text-transform: uppercase;\" class=\"title\">Sport<\/h3><span class=\"line\"><\/span><\/div><\/div><\/div><div id=\"panel-gb11655-69ea491ce4599-1-0-1\" class=\"so-panel widget widget_sow-editor panel-last-child\" data-index=\"5\" ><div\n\t\t\t\n\t\t\tclass=\"so-widget-sow-editor so-widget-sow-editor-base\"\n\t\t\t\n\t\t>\n<div class=\"siteorigin-widget-tinymce textwidget\">\n\t<p>Le <a href=\"https:\/\/www.univ-spn.fr\/le-daps\/\" target=\"_blank\" rel=\"noopener\">DAPS<\/a> (D\u00e9partement des Activit\u00e9s Physiques et Sportives) de l\u2019Universit\u00e9 Sorbonne Paris Nord s&rsquo;articule autour de la <strong>pratique sportive<\/strong> en alliant l&rsquo;<strong>am\u00e9lioration du cadre de vie<\/strong>, la <strong>convivialit\u00e9<\/strong> et la <strong>motivation<\/strong>. Il propose plus de<strong> 38 activit\u00e9s diff\u00e9rentes<\/strong> et compte plus de<strong> 3 800 inscrits<\/strong>.<\/p>\n<p>Le DAPS est un d\u00e9partement transversal qui a pour mission d\u2019<strong>organiser et d\u2019encadrer les activit\u00e9s sportives<\/strong> <strong>\u00e9valu\u00e9es<\/strong> dans les diff\u00e9rents cursus, les pratiques de <strong>loisirs<\/strong>, et les <strong>comp\u00e9titions<\/strong> FFSU (F\u00e9d\u00e9ration Fran\u00e7aise du Sport Universitaire) ; sans oublier les stages et les week-ends sportifs programm\u00e9s tout au long de l\u2019ann\u00e9e.<\/p>\n<p>Il s\u2019adresse \u00e0 tous les \u00e9tudiants, mais \u00e9galement aux enseignants et personnels. Il f\u00e9d\u00e8re ainsi un v\u00e9ritable r\u00e9seau de pratiquants au sein de l\u2019\u00e9tablissement.<\/p>\n<p>Le DAPS encadre toutes sortes d\u2019<strong>Activit\u00e9s Physiques Sportives et Artistiques<\/strong> (APSA) dans divers lieu \u00e0 disposition sur le <strong>campus de Villetaneuse<\/strong> :<\/p>\n<ul>\n<li>2 gymnases type C permettent la pratique de tous les sports de salle : handball, volleyball, basketball\u2026<\/li>\n<li>1 mur d\u2019escalade<\/li>\n<li>1 salle de danse<\/li>\n<li>1 salle de musculation<\/li>\n<li>1 dojo<\/li>\n<li>1 salle multisports<\/li>\n<\/ul>\n<p>L&rsquo;\u00c9cole Sup Galil\u00e9e propose \u00e9galement un am\u00e9nagement des \u00e9tudes aux <a href=\"https:\/\/www.univ-spn.fr\/sport-de-haut-niveau\/\" target=\"_blank\" rel=\"noopener\">sportifs de haut, bon ou tre\u0300s bon niveau<\/a> afin de b\u00e9n\u00e9ficier d\u2019am\u00e9nagements et d\u2019un accompagnement sp\u00e9cifique.<\/p>\n<p>&nbsp;<\/p>\n<p><strong>Nous contacter :<\/strong> sec\u00addaps@univ\u00adparis13.fr<\/p>\n<p><strong>Nous retrouver :<\/strong> <a href=\"https:\/\/www.univ-spn.fr\/sport\/\" target=\"_blank\" rel=\"noopener\">https:\/\/www.univ-spn.fr\/sport\/<\/a><\/p>\n<\/div>\n<\/div><\/div><\/div><div id=\"pgc-gb11655-69ea491ce4599-1-1\"  class=\"panel-grid-cell\" ><div id=\"panel-gb11655-69ea491ce4599-1-1-0\" class=\"so-panel widget widget_empty-space panel-first-child\" data-index=\"6\" ><div class=\"thim-widget-empty-space template-base\"><div class=\"empty_space\" style=\"height:300px\"><\/div><\/div><\/div><div id=\"panel-gb11655-69ea491ce4599-1-1-1\" class=\"so-panel widget widget_sow-editor panel-last-child\" data-index=\"7\" ><div\n\t\t\t\n\t\t\tclass=\"so-widget-sow-editor so-widget-sow-editor-base\"\n\t\t\t\n\t\t>\n<div class=\"siteorigin-widget-tinymce textwidget\">\n\t<p><img loading=\"lazy\" decoding=\"async\" class=\"alignnone  wp-image-13604 aligncenter\" src=\"https:\/\/sup-gal.ig-edu.univ-paris13.fr\/wp-content\/uploads\/2024\/02\/P1040596-300x225.jpg\" alt=\"\" width=\"433\" height=\"325\" srcset=\"https:\/\/www.sup-galilee.univ-paris13.fr\/wp-content\/uploads\/2024\/02\/P1040596-300x225.jpg 300w, https:\/\/www.sup-galilee.univ-paris13.fr\/wp-content\/uploads\/2024\/02\/P1040596-1024x768.jpg 1024w, https:\/\/www.sup-galilee.univ-paris13.fr\/wp-content\/uploads\/2024\/02\/P1040596-768x576.jpg 768w, https:\/\/www.sup-galilee.univ-paris13.fr\/wp-content\/uploads\/2024\/02\/P1040596-1536x1152.jpg 1536w, https:\/\/www.sup-galilee.univ-paris13.fr\/wp-content\/uploads\/2024\/02\/P1040596-2048x1536.jpg 2048w\" sizes=\"auto, (max-width: 433px) 100vw, 433px\" \/><\/p>\n<\/div>\n<\/div><\/div><\/div><\/div><div id=\"pg-gb11655-69ea491ce4599-2\"  class=\"panel-grid panel-no-style\" ><div id=\"pgc-gb11655-69ea491ce4599-2-0\"  class=\"panel-grid-cell\" ><div id=\"panel-gb11655-69ea491ce4599-2-0-0\" class=\"so-panel widget widget_empty-space panel-first-child panel-last-child\" data-index=\"8\" ><div class=\"thim-widget-empty-space template-base\"><div class=\"empty_space\" style=\"height:50px\"><\/div><\/div><\/div><\/div><\/div><\/div>\n\n\n<div class=\"wp-block-group\"><div class=\"wp-block-group__inner-container is-layout-constrained wp-block-group-is-layout-constrained\">\n<figure class=\"wp-block-gallery has-nested-images columns-default is-cropped wp-block-gallery-1 is-layout-flex wp-block-gallery-is-layout-flex\">\n<figure class=\"wp-block-image size-large\"><img loading=\"lazy\" decoding=\"async\" width=\"1024\" height=\"768\" data-id=\"12359\" src=\"https:\/\/sup-gal.ig-edu.univ-paris13.fr\/wp-content\/uploads\/2022\/02\/Salle-multisports-2048x1536-1-1024x768.jpg\" alt=\"\" class=\"wp-image-12359\" srcset=\"https:\/\/www.sup-galilee.univ-paris13.fr\/wp-content\/uploads\/2022\/02\/Salle-multisports-2048x1536-1-1024x768.jpg 1024w, https:\/\/www.sup-galilee.univ-paris13.fr\/wp-content\/uploads\/2022\/02\/Salle-multisports-2048x1536-1-300x225.jpg 300w, https:\/\/www.sup-galilee.univ-paris13.fr\/wp-content\/uploads\/2022\/02\/Salle-multisports-2048x1536-1-768x576.jpg 768w, https:\/\/www.sup-galilee.univ-paris13.fr\/wp-content\/uploads\/2022\/02\/Salle-multisports-2048x1536-1-1536x1152.jpg 1536w, https:\/\/www.sup-galilee.univ-paris13.fr\/wp-content\/uploads\/2022\/02\/Salle-multisports-2048x1536-1.jpg 2048w\" sizes=\"auto, (max-width: 1024px) 100vw, 1024px\" \/><\/figure>\n\n\n\n<figure class=\"wp-block-image size-large\"><img loading=\"lazy\" decoding=\"async\" width=\"1024\" height=\"768\" data-id=\"12358\" src=\"https:\/\/sup-gal.ig-edu.univ-paris13.fr\/wp-content\/uploads\/2022\/02\/Gymnase-Bleu-2048x1536-2-1024x768.jpg\" alt=\"\" class=\"wp-image-12358\" srcset=\"https:\/\/www.sup-galilee.univ-paris13.fr\/wp-content\/uploads\/2022\/02\/Gymnase-Bleu-2048x1536-2-1024x768.jpg 1024w, https:\/\/www.sup-galilee.univ-paris13.fr\/wp-content\/uploads\/2022\/02\/Gymnase-Bleu-2048x1536-2-300x225.jpg 300w, https:\/\/www.sup-galilee.univ-paris13.fr\/wp-content\/uploads\/2022\/02\/Gymnase-Bleu-2048x1536-2-768x576.jpg 768w, https:\/\/www.sup-galilee.univ-paris13.fr\/wp-content\/uploads\/2022\/02\/Gymnase-Bleu-2048x1536-2-1536x1152.jpg 1536w, https:\/\/www.sup-galilee.univ-paris13.fr\/wp-content\/uploads\/2022\/02\/Gymnase-Bleu-2048x1536-2.jpg 2048w\" sizes=\"auto, (max-width: 1024px) 100vw, 1024px\" \/><\/figure>\n\n\n\n<figure class=\"wp-block-image size-large\"><img loading=\"lazy\" decoding=\"async\" width=\"1024\" height=\"768\" data-id=\"12356\" src=\"https:\/\/sup-gal.ig-edu.univ-paris13.fr\/wp-content\/uploads\/2022\/02\/salle-de-danse-2048x1536-1-1024x768.jpg\" alt=\"\" class=\"wp-image-12356\" srcset=\"https:\/\/www.sup-galilee.univ-paris13.fr\/wp-content\/uploads\/2022\/02\/salle-de-danse-2048x1536-1-1024x768.jpg 1024w, https:\/\/www.sup-galilee.univ-paris13.fr\/wp-content\/uploads\/2022\/02\/salle-de-danse-2048x1536-1-300x225.jpg 300w, https:\/\/www.sup-galilee.univ-paris13.fr\/wp-content\/uploads\/2022\/02\/salle-de-danse-2048x1536-1-768x576.jpg 768w, https:\/\/www.sup-galilee.univ-paris13.fr\/wp-content\/uploads\/2022\/02\/salle-de-danse-2048x1536-1-1536x1152.jpg 1536w, https:\/\/www.sup-galilee.univ-paris13.fr\/wp-content\/uploads\/2022\/02\/salle-de-danse-2048x1536-1.jpg 2048w\" sizes=\"auto, (max-width: 1024px) 100vw, 1024px\" \/><\/figure>\n\n\n\n<figure class=\"wp-block-image size-large\"><img loading=\"lazy\" decoding=\"async\" width=\"1024\" height=\"768\" data-id=\"12355\" src=\"https:\/\/sup-gal.ig-edu.univ-paris13.fr\/wp-content\/uploads\/2022\/02\/Dojo-2048x1536-1-1024x768.jpg\" alt=\"\" class=\"wp-image-12355\" srcset=\"https:\/\/www.sup-galilee.univ-paris13.fr\/wp-content\/uploads\/2022\/02\/Dojo-2048x1536-1-1024x768.jpg 1024w, https:\/\/www.sup-galilee.univ-paris13.fr\/wp-content\/uploads\/2022\/02\/Dojo-2048x1536-1-300x225.jpg 300w, https:\/\/www.sup-galilee.univ-paris13.fr\/wp-content\/uploads\/2022\/02\/Dojo-2048x1536-1-768x576.jpg 768w, https:\/\/www.sup-galilee.univ-paris13.fr\/wp-content\/uploads\/2022\/02\/Dojo-2048x1536-1-1536x1152.jpg 1536w, https:\/\/www.sup-galilee.univ-paris13.fr\/wp-content\/uploads\/2022\/02\/Dojo-2048x1536-1.jpg 2048w\" sizes=\"auto, (max-width: 1024px) 100vw, 1024px\" \/><\/figure>\n\n\n\n<figure class=\"wp-block-image size-large\"><img loading=\"lazy\" decoding=\"async\" width=\"1024\" height=\"768\" data-id=\"12354\" src=\"https:\/\/sup-gal.ig-edu.univ-paris13.fr\/wp-content\/uploads\/2022\/02\/Salle-musculation-2048x1536-2-1024x768.jpg\" alt=\"\" class=\"wp-image-12354\" srcset=\"https:\/\/www.sup-galilee.univ-paris13.fr\/wp-content\/uploads\/2022\/02\/Salle-musculation-2048x1536-2-1024x768.jpg 1024w, https:\/\/www.sup-galilee.univ-paris13.fr\/wp-content\/uploads\/2022\/02\/Salle-musculation-2048x1536-2-300x225.jpg 300w, https:\/\/www.sup-galilee.univ-paris13.fr\/wp-content\/uploads\/2022\/02\/Salle-musculation-2048x1536-2-768x576.jpg 768w, https:\/\/www.sup-galilee.univ-paris13.fr\/wp-content\/uploads\/2022\/02\/Salle-musculation-2048x1536-2-1536x1152.jpg 1536w, https:\/\/www.sup-galilee.univ-paris13.fr\/wp-content\/uploads\/2022\/02\/Salle-musculation-2048x1536-2.jpg 2048w\" sizes=\"auto, (max-width: 1024px) 100vw, 1024px\" \/><\/figure>\n\n\n\n<figure class=\"wp-block-image size-large\"><img loading=\"lazy\" decoding=\"async\" width=\"1024\" height=\"768\" data-id=\"12353\" src=\"https:\/\/sup-gal.ig-edu.univ-paris13.fr\/wp-content\/uploads\/2022\/02\/Salle-escalade-2048x1536-2-1024x768.jpg\" alt=\"\" class=\"wp-image-12353\" srcset=\"https:\/\/www.sup-galilee.univ-paris13.fr\/wp-content\/uploads\/2022\/02\/Salle-escalade-2048x1536-2-1024x768.jpg 1024w, https:\/\/www.sup-galilee.univ-paris13.fr\/wp-content\/uploads\/2022\/02\/Salle-escalade-2048x1536-2-300x225.jpg 300w, https:\/\/www.sup-galilee.univ-paris13.fr\/wp-content\/uploads\/2022\/02\/Salle-escalade-2048x1536-2-768x576.jpg 768w, https:\/\/www.sup-galilee.univ-paris13.fr\/wp-content\/uploads\/2022\/02\/Salle-escalade-2048x1536-2-1536x1152.jpg 1536w, https:\/\/www.sup-galilee.univ-paris13.fr\/wp-content\/uploads\/2022\/02\/Salle-escalade-2048x1536-2.jpg 2048w\" sizes=\"auto, (max-width: 1024px) 100vw, 1024px\" \/><\/figure>\n<\/figure>\n<\/div><\/div>\n\n\n<div id=\"pl-gb11655-69ea491ce6653\"  class=\"panel-layout panel-layout\" ><div id=\"pg-gb11655-69ea491ce6653-0\"  class=\"panel-grid panel-no-style\" ><div id=\"pgc-gb11655-69ea491ce6653-0-0\"  class=\"panel-grid-cell\" ><div id=\"panel-gb11655-69ea491ce6653-0-0-0\" class=\"so-panel widget widget_empty-space panel-first-child panel-last-child\" data-index=\"0\" ><div class=\"thim-widget-empty-space template-base\"><div class=\"empty_space\" style=\"height:100px\"><\/div><\/div><\/div><\/div><\/div><\/div>\n\n<div id=\"pl-gb11655-69ea491ce6b2c\"  class=\"panel-layout panel-layout\" ><div id=\"pg-gb11655-69ea491ce6b2c-0\"  class=\"panel-grid panel-no-style\" ><div id=\"pgc-gb11655-69ea491ce6b2c-0-0\"  class=\"panel-grid-cell\" ><div id=\"panel-gb11655-69ea491ce6b2c-0-0-0\" class=\"so-panel widget widget_heading panel-first-child\" data-index=\"0\" ><div class=\"thim-widget-heading template-base\"><div class=\"sc_heading  \"><h3 style=\"text-transform: uppercase;\" class=\"title\">Espace Langues<\/h3><span class=\"line\"><\/span><\/div><\/div><\/div><div id=\"panel-gb11655-69ea491ce6b2c-0-0-1\" class=\"so-panel widget widget_sow-editor panel-last-child\" data-index=\"1\" ><div\n\t\t\t\n\t\t\tclass=\"so-widget-sow-editor so-widget-sow-editor-base\"\n\t\t\t\n\t\t>\n<div class=\"siteorigin-widget-tinymce textwidget\">\n\t<p>L\u2019<a href=\"https:\/\/www.univ-spn.fr\/espace-langues\/\" target=\"_blank\" rel=\"noopener\">Espace Langues<\/a> vous accompagne dans l\u2019<strong>apprentissage d\u2019une nouvelle langue<\/strong>, le <strong>perfectionnement<\/strong> d\u2019une langue connue ou la pr\u00e9paration d\u2019une <strong>certification<\/strong> (FLE, anglais). Pour cela, il vous propose diff\u00e9rents cours de niveaux adapt\u00e9s en :<\/p>\n<ul>\n<li>Anglais<\/li>\n<li>Espagnol<\/li>\n<li>Allemand<\/li>\n<li>Italien<\/li>\n<li>Russe<\/li>\n<li>Chinois<\/li>\n<li>Cor\u00e9en<\/li>\n<li>Japonais<\/li>\n<li>Fran\u00e7ais Langue Etrang\u00e8re (FLE)<\/li>\n<\/ul>\n<p>&nbsp;<\/p>\n<p><strong>Nous contacter :<\/strong> adm\u00adsel@univ\u00adparis13.fr<\/p>\n<p><strong>Nous retrouver :<\/strong><a href=\"https:\/\/www.univ-spn.fr\/espace-langues\/\" target=\"_blank\" rel=\"noopener\"> https:\/\/www.univ-spn.fr\/espace-langues\/<\/a><\/p>\n<\/div>\n<\/div><\/div><\/div><div id=\"pgc-gb11655-69ea491ce6b2c-0-1\"  class=\"panel-grid-cell\" ><div id=\"panel-gb11655-69ea491ce6b2c-0-1-0\" class=\"so-panel widget widget_empty-space panel-first-child\" data-index=\"2\" ><div class=\"thim-widget-empty-space template-base\"><div class=\"empty_space\" style=\"height:250px\"><\/div><\/div><\/div><div id=\"panel-gb11655-69ea491ce6b2c-0-1-1\" class=\"so-panel widget widget_sow-editor panel-last-child\" data-index=\"3\" ><div\n\t\t\t\n\t\t\tclass=\"so-widget-sow-editor so-widget-sow-editor-base\"\n\t\t\t\n\t\t>\n<div class=\"siteorigin-widget-tinymce textwidget\">\n\t<p><img loading=\"lazy\" decoding=\"async\" class=\"alignnone  wp-image-3089 aligncenter\" src=\"https:\/\/sup-gal.ig-edu.univ-paris13.fr\/wp-content\/uploads\/2015\/06\/course-7-300x172.jpg\" alt=\"\" width=\"396\" height=\"227\" srcset=\"https:\/\/www.sup-galilee.univ-paris13.fr\/wp-content\/uploads\/2015\/06\/course-7-300x172.jpg 300w, https:\/\/www.sup-galilee.univ-paris13.fr\/wp-content\/uploads\/2015\/06\/course-7-768x441.jpg 768w, https:\/\/www.sup-galilee.univ-paris13.fr\/wp-content\/uploads\/2015\/06\/course-7-600x345.jpg 600w, https:\/\/www.sup-galilee.univ-paris13.fr\/wp-content\/uploads\/2015\/06\/course-7.jpg 870w\" sizes=\"auto, (max-width: 396px) 100vw, 396px\" \/><\/p>\n<\/div>\n<\/div><\/div><\/div><\/div><div id=\"pg-gb11655-69ea491ce6b2c-1\"  class=\"panel-grid panel-no-style\" ><div id=\"pgc-gb11655-69ea491ce6b2c-1-0\"  class=\"panel-grid-cell\" ><div id=\"panel-gb11655-69ea491ce6b2c-1-0-0\" class=\"so-panel widget widget_heading panel-first-child\" data-index=\"4\" ><div class=\"thim-widget-heading template-base\"><div class=\"sc_heading  \"><h3 style=\"text-transform: uppercase;\" class=\"title\">Culture<\/h3><span class=\"line\"><\/span><\/div><\/div><\/div><div id=\"panel-gb11655-69ea491ce6b2c-1-0-1\" class=\"so-panel widget widget_sow-editor panel-last-child\" data-index=\"5\" ><div\n\t\t\t\n\t\t\tclass=\"so-widget-sow-editor so-widget-sow-editor-base\"\n\t\t\t\n\t\t>\n<div class=\"siteorigin-widget-tinymce textwidget\">\n\t<p>Le <a href=\"https:\/\/www.univ-spn.fr\/culture\/\" target=\"_blank\" rel=\"noopener\">Service Culturel<\/a> est charg\u00e9 de <strong>favoriser l&rsquo;acc\u00e8s \u00e0 l\u2019art et \u00e0 la culture<\/strong> avec un catalogue et un calendrier d\u2019<strong>activit\u00e9s dynamiques<\/strong> propos\u00e9es aux \u00e9tudiants.<\/p>\n<p>Toute au long de l\u2019ann\u00e9e, le Service Culturel g\u00e8re et organise :<\/p>\n<ul>\n<li>des <strong>\u00e9v\u00e9nements<\/strong> gratuits ouverts \u00e0 tous : spectacles, expositions, concerts, rencontres litt\u00e9raires, etc.<\/li>\n<li>des <strong>ateliers<\/strong> gratuits de pratique artistique et culturelle avec inscription aupr\u00e8s du service<\/li>\n<li>l\u2019accompagnement logistique dans l\u2019organisation d\u2019\u00e9v\u00e9nements<\/li>\n<li>la mise \u00e0 disposition pour les musiciens d\u2019une <strong>salle de r\u00e9p\u00e9tition<\/strong> avec des instruments sur le campus de Villetaneuse<\/li>\n<\/ul>\n<p>&nbsp;<\/p>\n<p><strong>Nous contacter :<\/strong> serviceculturel@univ\u00adparis13.fr<\/p>\n<p><strong>Nous retrouver :<\/strong> <a href=\"https:\/\/www.univ-spn.fr\/culture\/\" target=\"_blank\" rel=\"noopener\">https:\/\/www.univ-spn.fr\/culture\/<\/a><\/p>\n<\/div>\n<\/div><\/div><\/div><div id=\"pgc-gb11655-69ea491ce6b2c-1-1\"  class=\"panel-grid-cell\" ><div id=\"panel-gb11655-69ea491ce6b2c-1-1-0\" class=\"so-panel widget widget_empty-space panel-first-child\" data-index=\"6\" ><div class=\"thim-widget-empty-space template-base\"><div class=\"empty_space\" style=\"height:150px\"><\/div><\/div><\/div><div id=\"panel-gb11655-69ea491ce6b2c-1-1-1\" class=\"so-panel widget widget_sow-editor panel-last-child\" data-index=\"7\" ><div\n\t\t\t\n\t\t\tclass=\"so-widget-sow-editor so-widget-sow-editor-base\"\n\t\t\t\n\t\t>\n<div class=\"siteorigin-widget-tinymce textwidget\">\n\t<p><img loading=\"lazy\" decoding=\"async\" class=\"alignnone  wp-image-13632 aligncenter\" src=\"https:\/\/sup-gal.ig-edu.univ-paris13.fr\/wp-content\/uploads\/2024\/02\/P1040475-300x225.jpg\" alt=\"\" width=\"395\" height=\"296\" srcset=\"https:\/\/www.sup-galilee.univ-paris13.fr\/wp-content\/uploads\/2024\/02\/P1040475-300x225.jpg 300w, https:\/\/www.sup-galilee.univ-paris13.fr\/wp-content\/uploads\/2024\/02\/P1040475-1024x768.jpg 1024w, https:\/\/www.sup-galilee.univ-paris13.fr\/wp-content\/uploads\/2024\/02\/P1040475-768x576.jpg 768w, https:\/\/www.sup-galilee.univ-paris13.fr\/wp-content\/uploads\/2024\/02\/P1040475-1536x1152.jpg 1536w, https:\/\/www.sup-galilee.univ-paris13.fr\/wp-content\/uploads\/2024\/02\/P1040475-2048x1536.jpg 2048w\" sizes=\"auto, (max-width: 395px) 100vw, 395px\" \/><\/p>\n<\/div>\n<\/div><\/div><\/div><\/div><div id=\"pg-gb11655-69ea491ce6b2c-2\"  class=\"panel-grid panel-no-style\" ><div id=\"pgc-gb11655-69ea491ce6b2c-2-0\"  class=\"panel-grid-cell\" ><div id=\"panel-gb11655-69ea491ce6b2c-2-0-0\" class=\"so-panel widget widget_empty-space panel-first-child panel-last-child\" data-index=\"8\" ><div class=\"thim-widget-empty-space template-base\"><div class=\"empty_space\" style=\"height:50px\"><\/div><\/div><\/div><\/div><\/div><\/div>","protected":false},"excerpt":{"rendered":"<p>Les associations sont nombreuses sur le campus et permettent de s\u2019investir dans la vie \u00e9tudiante et proposent en permanence d&rsquo;innombrables\u00a0activit\u00e9s favorisant : les rencontres, l\u2019int\u00e9gration, les \u00e9changes, la communication ou encore le partage de passions communes\u2026 Vous trouverez diverses associations &hellip; <\/p>\n","protected":false},"author":1,"featured_media":0,"parent":9026,"menu_order":0,"comment_status":"closed","ping_status":"closed","template":"","meta":{"footnotes":""},"class_list":["post-11655","page","type-page","status-publish","hentry"],"_links":{"self":[{"href":"https:\/\/www.sup-galilee.univ-paris13.fr\/index.php\/wp-json\/wp\/v2\/pages\/11655","targetHints":{"allow":["GET"]}}],"collection":[{"href":"https:\/\/www.sup-galilee.univ-paris13.fr\/index.php\/wp-json\/wp\/v2\/pages"}],"about":[{"href":"https:\/\/www.sup-galilee.univ-paris13.fr\/index.php\/wp-json\/wp\/v2\/types\/page"}],"author":[{"embeddable":true,"href":"https:\/\/www.sup-galilee.univ-paris13.fr\/index.php\/wp-json\/wp\/v2\/users\/1"}],"replies":[{"embeddable":true,"href":"https:\/\/www.sup-galilee.univ-paris13.fr\/index.php\/wp-json\/wp\/v2\/comments?post=11655"}],"version-history":[{"count":29,"href":"https:\/\/www.sup-galilee.univ-paris13.fr\/index.php\/wp-json\/wp\/v2\/pages\/11655\/revisions"}],"predecessor-version":[{"id":14151,"href":"https:\/\/www.sup-galilee.univ-paris13.fr\/index.php\/wp-json\/wp\/v2\/pages\/11655\/revisions\/14151"}],"up":[{"embeddable":true,"href":"https:\/\/www.sup-galilee.univ-paris13.fr\/index.php\/wp-json\/wp\/v2\/pages\/9026"}],"wp:attachment":[{"href":"https:\/\/www.sup-galilee.univ-paris13.fr\/index.php\/wp-json\/wp\/v2\/media?parent=11655"}],"curies":[{"name":"wp","href":"https:\/\/api.w.org\/{rel}","templated":true}]}}