{"id":11658,"date":"2019-08-07T11:50:08","date_gmt":"2019-08-07T09:50:08","guid":{"rendered":"http:\/\/sup-gal.ig-edu.univ-paris13.fr\/?page_id=11658"},"modified":"2024-03-12T11:14:17","modified_gmt":"2024-03-12T09:14:17","slug":"crig","status":"publish","type":"page","link":"https:\/\/www.sup-galilee.univ-paris13.fr\/index.php\/vie-sur-le-campus\/crig\/","title":{"rendered":"CRIG"},"content":{"rendered":"\n<div class=\"wp-block-columns is-layout-flex wp-container-core-columns-is-layout-9d6595d7 wp-block-columns-is-layout-flex\">\n<div class=\"wp-block-column is-layout-flow wp-block-column-is-layout-flow\"><div id=\"pl-gb11658-69ddd518481e1\"  class=\"panel-layout\" ><div id=\"pg-gb11658-69ddd518481e1-0\"  class=\"panel-grid panel-no-style\" ><div id=\"pgc-gb11658-69ddd518481e1-0-0\"  class=\"panel-grid-cell\" ><div id=\"panel-gb11658-69ddd518481e1-0-0-0\" class=\"so-panel widget widget_heading panel-first-child\" data-index=\"0\" ><div class=\"thim-widget-heading template-base\"><div class=\"sc_heading  \"><h3 style=\"text-transform: uppercase;\" class=\"title\">Club robotique<\/h3><span class=\"line\"><\/span><\/div><\/div><\/div><div id=\"panel-gb11658-69ddd518481e1-0-0-1\" class=\"so-panel widget widget_sow-editor panel-last-child\" data-index=\"1\" ><div\n\t\t\t\n\t\t\tclass=\"so-widget-sow-editor so-widget-sow-editor-base\"\n\t\t\t\n\t\t>\n<div class=\"siteorigin-widget-tinymce textwidget\">\n\t<p>Le <strong>Club de Robotique de l\u2019Institut Galil\u00e9e<\/strong> (CRIG) est une <strong>association \u00e9tudiante<\/strong> cr\u00e9\u00e9e en 2001. Elle regroupe des \u00e9tudiants des cinq diff\u00e9rentes fili\u00e8res de l\u2019\u00c9cole d&rsquo;Ing\u00e9nieurs Sup Galil\u00e9e (\u00e9nerg\u00e9tique, informatique, instrumentation, math\u00e9matiques appliqu\u00e9es, t\u00e9l\u00e9communications et r\u00e9seaux) ainsi que des \u00e9tudiants en Licence et Master.<\/p>\n<p>L\u2019association remplit deux principaux objectifs :<\/p>\n<ul>\n<li>l\u2019<strong>animation et la gestion de l\u2019espace<\/strong> <a href=\"https:\/\/galilee.univ-paris13.fr\/iglab\/\" target=\"_blank\" rel=\"noopener\">IGLab<\/a> de l&rsquo;Institut Galil\u00e9e (lieu de conception, de programmation, de fabrication m\u00e9canique et \u00e9lectronique\u2026) ouvert \u00e0 tous<\/li>\n<li>la <strong>participation \u00e0 la Coupe de France de Robotique<\/strong> organis\u00e9e chaque ann\u00e9e \u00e0 La Roche-sur-Yon en Vend\u00e9e par l\u2019association <a href=\"https:\/\/www.planete-sciences.org\/national\/\" target=\"_blank\" rel=\"noopener\">Plan\u00e8te Sciences<\/a><\/li>\n<\/ul>\n<p>&nbsp;<\/p>\n<p><strong>Nous contacter :<\/strong> crig.up13@gmail.com<\/p>\n<p><strong>Nous retrouver :<\/strong> <a href=\"https:\/\/www.facebook.com\/CRIGup13\/\" target=\"_blank\" rel=\"noopener\">https:\/\/www.facebook.com\/CRIGup13\/<\/a><\/p>\n<\/div>\n<\/div><\/div><\/div><div id=\"pgc-gb11658-69ddd518481e1-0-1\"  class=\"panel-grid-cell\" ><div id=\"panel-gb11658-69ddd518481e1-0-1-0\" class=\"so-panel widget widget_empty-space panel-first-child\" data-index=\"2\" ><div class=\"thim-widget-empty-space template-base\"><div class=\"empty_space\" style=\"height:150px\"><\/div><\/div><\/div><div id=\"panel-gb11658-69ddd518481e1-0-1-1\" class=\"so-panel widget widget_sow-editor panel-last-child\" data-index=\"3\" ><div\n\t\t\t\n\t\t\tclass=\"so-widget-sow-editor so-widget-sow-editor-base\"\n\t\t\t\n\t\t>\n<div class=\"siteorigin-widget-tinymce textwidget\">\n\t<p><img loading=\"lazy\" decoding=\"async\" class=\"alignnone  wp-image-12318 aligncenter\" src=\"https:\/\/sup-gal.ig-edu.univ-paris13.fr\/wp-content\/uploads\/2022\/02\/logo_crig-300x225.jpg\" alt=\"\" width=\"357\" height=\"268\" srcset=\"https:\/\/www.sup-galilee.univ-paris13.fr\/wp-content\/uploads\/2022\/02\/logo_crig-300x225.jpg 300w, https:\/\/www.sup-galilee.univ-paris13.fr\/wp-content\/uploads\/2022\/02\/logo_crig.jpg 320w\" sizes=\"auto, (max-width: 357px) 100vw, 357px\" \/><\/p>\n<\/div>\n<\/div><\/div><\/div><\/div><div id=\"pg-gb11658-69ddd518481e1-1\"  class=\"panel-grid panel-no-style\" ><div id=\"pgc-gb11658-69ddd518481e1-1-0\"  class=\"panel-grid-cell\" ><div id=\"panel-gb11658-69ddd518481e1-1-0-0\" class=\"so-panel widget widget_empty-space panel-first-child panel-last-child\" data-index=\"4\" ><div class=\"thim-widget-empty-space template-base\"><div class=\"empty_space\" style=\"height:50px\"><\/div><\/div><\/div><\/div><\/div><\/div><\/div>\n<\/div>\n\n\n\n<figure class=\"wp-block-gallery has-nested-images columns-default is-cropped wp-block-gallery-1 is-layout-flex wp-block-gallery-is-layout-flex\">\n<figure class=\"wp-block-image size-large\"><img loading=\"lazy\" decoding=\"async\" width=\"843\" height=\"1119\" data-id=\"12370\" src=\"http:\/\/sup-gal.ig-edu.univ-paris13.fr\/wp-content\/uploads\/2022\/02\/MascotteEtRobot.jpg\" alt=\"\" class=\"wp-image-12370\" srcset=\"https:\/\/www.sup-galilee.univ-paris13.fr\/wp-content\/uploads\/2022\/02\/MascotteEtRobot.jpg 843w, https:\/\/www.sup-galilee.univ-paris13.fr\/wp-content\/uploads\/2022\/02\/MascotteEtRobot-226x300.jpg 226w, https:\/\/www.sup-galilee.univ-paris13.fr\/wp-content\/uploads\/2022\/02\/MascotteEtRobot-771x1024.jpg 771w, https:\/\/www.sup-galilee.univ-paris13.fr\/wp-content\/uploads\/2022\/02\/MascotteEtRobot-768x1019.jpg 768w\" sizes=\"auto, (max-width: 843px) 100vw, 843px\" \/><\/figure>\n\n\n\n<figure class=\"wp-block-image size-large\"><img loading=\"lazy\" decoding=\"async\" width=\"600\" height=\"300\" data-id=\"12377\" src=\"http:\/\/sup-gal.ig-edu.univ-paris13.fr\/wp-content\/uploads\/2022\/02\/Demonstration_Robot.jpg\" alt=\"\" class=\"wp-image-12377\" srcset=\"https:\/\/www.sup-galilee.univ-paris13.fr\/wp-content\/uploads\/2022\/02\/Demonstration_Robot.jpg 600w, https:\/\/www.sup-galilee.univ-paris13.fr\/wp-content\/uploads\/2022\/02\/Demonstration_Robot-300x150.jpg 300w\" sizes=\"auto, (max-width: 600px) 100vw, 600px\" \/><\/figure>\n\n\n\n<figure class=\"wp-block-image size-large\"><img loading=\"lazy\" decoding=\"async\" width=\"600\" height=\"300\" data-id=\"12376\" src=\"http:\/\/sup-gal.ig-edu.univ-paris13.fr\/wp-content\/uploads\/2022\/02\/JPO_2019-20_1.jpg\" alt=\"\" class=\"wp-image-12376\" srcset=\"https:\/\/www.sup-galilee.univ-paris13.fr\/wp-content\/uploads\/2022\/02\/JPO_2019-20_1.jpg 600w, https:\/\/www.sup-galilee.univ-paris13.fr\/wp-content\/uploads\/2022\/02\/JPO_2019-20_1-300x150.jpg 300w\" sizes=\"auto, (max-width: 600px) 100vw, 600px\" \/><\/figure>\n\n\n\n<figure class=\"wp-block-image size-large\"><img loading=\"lazy\" decoding=\"async\" width=\"600\" height=\"300\" data-id=\"12374\" src=\"http:\/\/sup-gal.ig-edu.univ-paris13.fr\/wp-content\/uploads\/2022\/02\/JPO_2019-20.jpg\" alt=\"\" class=\"wp-image-12374\" srcset=\"https:\/\/www.sup-galilee.univ-paris13.fr\/wp-content\/uploads\/2022\/02\/JPO_2019-20.jpg 600w, https:\/\/www.sup-galilee.univ-paris13.fr\/wp-content\/uploads\/2022\/02\/JPO_2019-20-300x150.jpg 300w\" sizes=\"auto, (max-width: 600px) 100vw, 600px\" \/><\/figure>\n\n\n\n<figure class=\"wp-block-image size-large\"><img loading=\"lazy\" decoding=\"async\" width=\"600\" height=\"300\" data-id=\"12373\" src=\"http:\/\/sup-gal.ig-edu.univ-paris13.fr\/wp-content\/uploads\/2022\/02\/Coupe_robotique_de_france.png\" alt=\"\" class=\"wp-image-12373\" srcset=\"https:\/\/www.sup-galilee.univ-paris13.fr\/wp-content\/uploads\/2022\/02\/Coupe_robotique_de_france.png 600w, https:\/\/www.sup-galilee.univ-paris13.fr\/wp-content\/uploads\/2022\/02\/Coupe_robotique_de_france-300x150.png 300w\" sizes=\"auto, (max-width: 600px) 100vw, 600px\" \/><\/figure>\n\n\n\n<figure class=\"wp-block-image size-large\"><img loading=\"lazy\" decoding=\"async\" width=\"600\" height=\"300\" data-id=\"12372\" src=\"http:\/\/sup-gal.ig-edu.univ-paris13.fr\/wp-content\/uploads\/2022\/02\/Equipe_Coupe_Robotique.jpg\" alt=\"\" class=\"wp-image-12372\" srcset=\"https:\/\/www.sup-galilee.univ-paris13.fr\/wp-content\/uploads\/2022\/02\/Equipe_Coupe_Robotique.jpg 600w, https:\/\/www.sup-galilee.univ-paris13.fr\/wp-content\/uploads\/2022\/02\/Equipe_Coupe_Robotique-300x150.jpg 300w\" sizes=\"auto, (max-width: 600px) 100vw, 600px\" \/><\/figure>\n\n\n\n<figure class=\"wp-block-image size-large\"><img loading=\"lazy\" decoding=\"async\" width=\"2048\" height=\"1536\" data-id=\"12371\" src=\"http:\/\/sup-gal.ig-edu.univ-paris13.fr\/wp-content\/uploads\/2022\/02\/JPO_2021-21.jpg\" alt=\"\" class=\"wp-image-12371\" srcset=\"https:\/\/www.sup-galilee.univ-paris13.fr\/wp-content\/uploads\/2022\/02\/JPO_2021-21.jpg 2048w, https:\/\/www.sup-galilee.univ-paris13.fr\/wp-content\/uploads\/2022\/02\/JPO_2021-21-300x225.jpg 300w, https:\/\/www.sup-galilee.univ-paris13.fr\/wp-content\/uploads\/2022\/02\/JPO_2021-21-1024x768.jpg 1024w, https:\/\/www.sup-galilee.univ-paris13.fr\/wp-content\/uploads\/2022\/02\/JPO_2021-21-768x576.jpg 768w, https:\/\/www.sup-galilee.univ-paris13.fr\/wp-content\/uploads\/2022\/02\/JPO_2021-21-1536x1152.jpg 1536w\" sizes=\"auto, (max-width: 2048px) 100vw, 2048px\" \/><\/figure>\n\n\n\n<figure class=\"wp-block-image size-large\"><img loading=\"lazy\" decoding=\"async\" width=\"1024\" height=\"768\" data-id=\"13605\" src=\"https:\/\/sup-gal.ig-edu.univ-paris13.fr\/wp-content\/uploads\/2024\/02\/P1040549-1024x768.jpg\" alt=\"\" class=\"wp-image-13605\" srcset=\"https:\/\/www.sup-galilee.univ-paris13.fr\/wp-content\/uploads\/2024\/02\/P1040549-1024x768.jpg 1024w, https:\/\/www.sup-galilee.univ-paris13.fr\/wp-content\/uploads\/2024\/02\/P1040549-300x225.jpg 300w, https:\/\/www.sup-galilee.univ-paris13.fr\/wp-content\/uploads\/2024\/02\/P1040549-768x576.jpg 768w, https:\/\/www.sup-galilee.univ-paris13.fr\/wp-content\/uploads\/2024\/02\/P1040549-1536x1152.jpg 1536w, https:\/\/www.sup-galilee.univ-paris13.fr\/wp-content\/uploads\/2024\/02\/P1040549-2048x1536.jpg 2048w\" sizes=\"auto, (max-width: 1024px) 100vw, 1024px\" \/><\/figure>\n\n\n\n<figure class=\"wp-block-image size-large\"><img loading=\"lazy\" decoding=\"async\" width=\"1024\" height=\"768\" data-id=\"13630\" src=\"https:\/\/sup-gal.ig-edu.univ-paris13.fr\/wp-content\/uploads\/2024\/02\/P1040550-1024x768.jpg\" alt=\"\" class=\"wp-image-13630\" srcset=\"https:\/\/www.sup-galilee.univ-paris13.fr\/wp-content\/uploads\/2024\/02\/P1040550-1024x768.jpg 1024w, https:\/\/www.sup-galilee.univ-paris13.fr\/wp-content\/uploads\/2024\/02\/P1040550-300x225.jpg 300w, https:\/\/www.sup-galilee.univ-paris13.fr\/wp-content\/uploads\/2024\/02\/P1040550-768x576.jpg 768w, https:\/\/www.sup-galilee.univ-paris13.fr\/wp-content\/uploads\/2024\/02\/P1040550-1536x1152.jpg 1536w, https:\/\/www.sup-galilee.univ-paris13.fr\/wp-content\/uploads\/2024\/02\/P1040550-2048x1536.jpg 2048w\" sizes=\"auto, (max-width: 1024px) 100vw, 1024px\" \/><\/figure>\n<\/figure>\n\n\n<div id=\"pl-gb11658-69ddd5184a0fa\"  class=\"panel-layout\" ><div id=\"pg-gb11658-69ddd5184a0fa-0\"  class=\"panel-grid panel-no-style\" ><div id=\"pgc-gb11658-69ddd5184a0fa-0-0\"  class=\"panel-grid-cell\" ><div id=\"panel-gb11658-69ddd5184a0fa-0-0-0\" class=\"so-panel widget widget_empty-space panel-first-child panel-last-child\" data-index=\"0\" ><div class=\"thim-widget-empty-space template-base\"><div class=\"empty_space\" style=\"height:10px\"><\/div><\/div><\/div><\/div><\/div><\/div>\n\n\n<figure class=\"wp-block-gallery has-nested-images columns-default is-cropped wp-block-gallery-2 is-layout-flex wp-block-gallery-is-layout-flex\">\n<figure class=\"wp-block-image size-large\"><img loading=\"lazy\" decoding=\"async\" width=\"1024\" height=\"576\" data-id=\"12320\" src=\"http:\/\/sup-gal.ig-edu.univ-paris13.fr\/wp-content\/uploads\/2022\/02\/crig_3-1-1080x607-1-1024x576.jpg\" alt=\"\" class=\"wp-image-12320\" srcset=\"https:\/\/www.sup-galilee.univ-paris13.fr\/wp-content\/uploads\/2022\/02\/crig_3-1-1080x607-1-1024x576.jpg 1024w, https:\/\/www.sup-galilee.univ-paris13.fr\/wp-content\/uploads\/2022\/02\/crig_3-1-1080x607-1-300x169.jpg 300w, https:\/\/www.sup-galilee.univ-paris13.fr\/wp-content\/uploads\/2022\/02\/crig_3-1-1080x607-1-768x432.jpg 768w, https:\/\/www.sup-galilee.univ-paris13.fr\/wp-content\/uploads\/2022\/02\/crig_3-1-1080x607-1.jpg 1080w\" sizes=\"auto, (max-width: 1024px) 100vw, 1024px\" \/><\/figure>\n\n\n\n<figure class=\"wp-block-image size-large\"><img loading=\"lazy\" decoding=\"async\" width=\"1024\" height=\"683\" data-id=\"12321\" src=\"http:\/\/sup-gal.ig-edu.univ-paris13.fr\/wp-content\/uploads\/2022\/02\/crig_2-1-1080x720-1-1024x683.jpg\" alt=\"\" class=\"wp-image-12321\" srcset=\"https:\/\/www.sup-galilee.univ-paris13.fr\/wp-content\/uploads\/2022\/02\/crig_2-1-1080x720-1-1024x683.jpg 1024w, https:\/\/www.sup-galilee.univ-paris13.fr\/wp-content\/uploads\/2022\/02\/crig_2-1-1080x720-1-300x200.jpg 300w, https:\/\/www.sup-galilee.univ-paris13.fr\/wp-content\/uploads\/2022\/02\/crig_2-1-1080x720-1-768x512.jpg 768w, https:\/\/www.sup-galilee.univ-paris13.fr\/wp-content\/uploads\/2022\/02\/crig_2-1-1080x720-1-272x182.jpg 272w, https:\/\/www.sup-galilee.univ-paris13.fr\/wp-content\/uploads\/2022\/02\/crig_2-1-1080x720-1.jpg 1080w\" sizes=\"auto, (max-width: 1024px) 100vw, 1024px\" \/><\/figure>\n\n\n\n<figure class=\"wp-block-image size-large\"><img loading=\"lazy\" decoding=\"async\" width=\"510\" height=\"382\" data-id=\"12319\" src=\"http:\/\/sup-gal.ig-edu.univ-paris13.fr\/wp-content\/uploads\/2022\/02\/crig_1-1-510x382-1.jpg\" alt=\"\" class=\"wp-image-12319\" srcset=\"https:\/\/www.sup-galilee.univ-paris13.fr\/wp-content\/uploads\/2022\/02\/crig_1-1-510x382-1.jpg 510w, https:\/\/www.sup-galilee.univ-paris13.fr\/wp-content\/uploads\/2022\/02\/crig_1-1-510x382-1-300x225.jpg 300w\" sizes=\"auto, (max-width: 510px) 100vw, 510px\" \/><\/figure>\n<\/figure>\n\n\n<div id=\"pl-gb11658-69ddd5184a52e\"  class=\"panel-layout\" ><div id=\"pg-gb11658-69ddd5184a52e-0\"  class=\"panel-grid panel-no-style\" ><div id=\"pgc-gb11658-69ddd5184a52e-0-0\"  class=\"panel-grid-cell\" ><div id=\"panel-gb11658-69ddd5184a52e-0-0-0\" class=\"so-panel widget widget_empty-space panel-first-child panel-last-child\" data-index=\"0\" ><div class=\"thim-widget-empty-space template-base\"><div class=\"empty_space\" style=\"height:50px\"><\/div><\/div><\/div><\/div><\/div><\/div>\n\n\n<figure class=\"wp-block-embed is-type-video is-provider-youtube wp-block-embed-youtube wp-embed-aspect-16-9 wp-has-aspect-ratio\"><div class=\"wp-block-embed__wrapper\">\n<iframe loading=\"lazy\" title=\"[Interview] Lina Hariate - Membre du club de robotique de l&#039;Institut Galil\u00e9e\" width=\"640\" height=\"360\" src=\"https:\/\/www.youtube.com\/embed\/t51v3WnvcNI?feature=oembed\" frameborder=\"0\" allow=\"accelerometer; autoplay; clipboard-write; encrypted-media; gyroscope; picture-in-picture; web-share\" referrerpolicy=\"strict-origin-when-cross-origin\" allowfullscreen><\/iframe>\n<\/div><\/figure>\n\n\n<div id=\"pl-gb11658-69ddd5184a74d\"  class=\"panel-layout\" ><div id=\"pg-gb11658-69ddd5184a74d-0\"  class=\"panel-grid panel-no-style\" ><div id=\"pgc-gb11658-69ddd5184a74d-0-0\"  class=\"panel-grid-cell\" ><div id=\"panel-gb11658-69ddd5184a74d-0-0-0\" class=\"so-panel widget widget_empty-space panel-first-child panel-last-child\" data-index=\"0\" ><div class=\"thim-widget-empty-space template-base\"><div class=\"empty_space\" style=\"height:50px\"><\/div><\/div><\/div><\/div><\/div><\/div>","protected":false},"excerpt":{"rendered":"","protected":false},"author":1,"featured_media":0,"parent":9026,"menu_order":0,"comment_status":"closed","ping_status":"closed","template":"","meta":{"footnotes":""},"class_list":["post-11658","page","type-page","status-publish","hentry"],"_links":{"self":[{"href":"https:\/\/www.sup-galilee.univ-paris13.fr\/index.php\/wp-json\/wp\/v2\/pages\/11658","targetHints":{"allow":["GET"]}}],"collection":[{"href":"https:\/\/www.sup-galilee.univ-paris13.fr\/index.php\/wp-json\/wp\/v2\/pages"}],"about":[{"href":"https:\/\/www.sup-galilee.univ-paris13.fr\/index.php\/wp-json\/wp\/v2\/types\/page"}],"author":[{"embeddable":true,"href":"https:\/\/www.sup-galilee.univ-paris13.fr\/index.php\/wp-json\/wp\/v2\/users\/1"}],"replies":[{"embeddable":true,"href":"https:\/\/www.sup-galilee.univ-paris13.fr\/index.php\/wp-json\/wp\/v2\/comments?post=11658"}],"version-history":[{"count":16,"href":"https:\/\/www.sup-galilee.univ-paris13.fr\/index.php\/wp-json\/wp\/v2\/pages\/11658\/revisions"}],"predecessor-version":[{"id":14152,"href":"https:\/\/www.sup-galilee.univ-paris13.fr\/index.php\/wp-json\/wp\/v2\/pages\/11658\/revisions\/14152"}],"up":[{"embeddable":true,"href":"https:\/\/www.sup-galilee.univ-paris13.fr\/index.php\/wp-json\/wp\/v2\/pages\/9026"}],"wp:attachment":[{"href":"https:\/\/www.sup-galilee.univ-paris13.fr\/index.php\/wp-json\/wp\/v2\/media?parent=11658"}],"curies":[{"name":"wp","href":"https:\/\/api.w.org\/{rel}","templated":true}]}}