{"id":11662,"date":"2019-08-07T11:51:25","date_gmt":"2019-08-07T09:51:25","guid":{"rendered":"http:\/\/sup-gal.ig-edu.univ-paris13.fr\/?page_id=11662"},"modified":"2024-02-19T17:40:08","modified_gmt":"2024-02-19T15:40:08","slug":"bibliotheques-et-espaces-de-travail","status":"publish","type":"page","link":"https:\/\/www.sup-galilee.univ-paris13.fr\/index.php\/vie-sur-le-campus\/bibliotheques-et-espaces-de-travail\/","title":{"rendered":"Biblioth\u00e8ques et espaces de travail"},"content":{"rendered":"<div id=\"pl-gb11662-69ea4917e2405\"  class=\"panel-layout\" ><div id=\"pg-gb11662-69ea4917e2405-0\"  class=\"panel-grid panel-no-style\" ><div id=\"pgc-gb11662-69ea4917e2405-0-0\"  class=\"panel-grid-cell\" ><div id=\"panel-gb11662-69ea4917e2405-0-0-0\" class=\"so-panel widget widget_heading panel-first-child\" data-index=\"0\" ><div class=\"thim-widget-heading template-base\"><div class=\"sc_heading  \"><h3 style=\"text-transform: uppercase;\" class=\"title\">Biblioth\u00e8ques et espaces de travail<\/h3><span class=\"line\"><\/span><\/div><\/div><\/div><div id=\"panel-gb11662-69ea4917e2405-0-0-1\" class=\"so-panel widget widget_sow-editor panel-last-child\" data-index=\"1\" ><div\n\t\t\t\n\t\t\tclass=\"so-widget-sow-editor so-widget-sow-editor-base\"\n\t\t\t\n\t\t>\n<div class=\"siteorigin-widget-tinymce textwidget\">\n\t<p>Le catalogue, commun \u00e0 l\u2019ensemble des <a href=\"https:\/\/www.univ-spn.fr\/informations-pratiques-bu\/\" target=\"_blank\" rel=\"noopener\">biblioth\u00e8ques de l\u2019Universit\u00e9 Sorbonne Paris Nord<\/a>, permet d\u2019<strong>identifier<\/strong>, de<strong> localiser<\/strong> et d\u2019<strong>emprunter des documents<\/strong> dans toutes les biblioth\u00e8ques de l\u2019Universit\u00e9 Sorbonne Paris Nord.<\/p>\n<p>La <strong>BU Edgar Morin<\/strong> du campus de Villetaneuse offre :<\/p>\n<ul>\n<li>900 places assises<\/li>\n<li>une collection compl\u00e8te et sp\u00e9cialis\u00e9e : livres, revues, DVD, th\u00e8ses de Sorbonne Paris Nord<\/li>\n<li>des ouvrages d\u00e9mat\u00e9rialis\u00e9s : p\u00e9riodiques, livres \u00e9lectroniques<\/li>\n<li>9 salles de travail de groupe de 4 \u00e0 8 places r\u00e9servables \u00e0 tout moment, sur place ou \u00e0 distance avec une carte \u00e9tudiant<\/li>\n<li>1 salle handidoc pour favoriser un meilleur confort de travail des \u00e9tudiants handicap\u00e9s avec du personnel sp\u00e9cifique<\/li>\n<li>1 espace d\u00e9tente \u201cKiosque\u201d<\/li>\n<li>du Wi-Fi et des postes informatiques<\/li>\n<li>des imprimantes et photocopieurs<\/li>\n<\/ul>\n<p>&nbsp;<\/p>\n<p>&nbsp;<\/p>\n<\/div>\n<\/div><\/div><\/div><\/div><\/div>\n\n\n<figure class=\"wp-block-gallery has-nested-images columns-default is-cropped wp-block-gallery-1 is-layout-flex wp-block-gallery-is-layout-flex\">\n<figure class=\"wp-block-image size-large\"><img loading=\"lazy\" decoding=\"async\" width=\"1000\" height=\"667\" data-id=\"4443\" src=\"https:\/\/sup-gal.ig-edu.univ-paris13.fr\/wp-content\/uploads\/2016\/03\/book-6.jpg\" alt=\"\" class=\"wp-image-4443\" srcset=\"https:\/\/www.sup-galilee.univ-paris13.fr\/wp-content\/uploads\/2016\/03\/book-6.jpg 1000w, https:\/\/www.sup-galilee.univ-paris13.fr\/wp-content\/uploads\/2016\/03\/book-6-300x200.jpg 300w, https:\/\/www.sup-galilee.univ-paris13.fr\/wp-content\/uploads\/2016\/03\/book-6-768x512.jpg 768w, https:\/\/www.sup-galilee.univ-paris13.fr\/wp-content\/uploads\/2016\/03\/book-6-600x400.jpg 600w\" sizes=\"auto, (max-width: 1000px) 100vw, 1000px\" \/><\/figure>\n\n\n\n<figure class=\"wp-block-image size-large\"><img loading=\"lazy\" decoding=\"async\" width=\"960\" height=\"960\" data-id=\"4429\" src=\"https:\/\/sup-gal.ig-edu.univ-paris13.fr\/wp-content\/uploads\/2016\/03\/portfolio-course-5.jpg\" alt=\"\" class=\"wp-image-4429\" srcset=\"https:\/\/www.sup-galilee.univ-paris13.fr\/wp-content\/uploads\/2016\/03\/portfolio-course-5.jpg 960w, https:\/\/www.sup-galilee.univ-paris13.fr\/wp-content\/uploads\/2016\/03\/portfolio-course-5-150x150.jpg 150w, https:\/\/www.sup-galilee.univ-paris13.fr\/wp-content\/uploads\/2016\/03\/portfolio-course-5-300x300.jpg 300w, https:\/\/www.sup-galilee.univ-paris13.fr\/wp-content\/uploads\/2016\/03\/portfolio-course-5-768x768.jpg 768w, https:\/\/www.sup-galilee.univ-paris13.fr\/wp-content\/uploads\/2016\/03\/portfolio-course-5-600x600.jpg 600w, https:\/\/www.sup-galilee.univ-paris13.fr\/wp-content\/uploads\/2016\/03\/portfolio-course-5-100x100.jpg 100w\" sizes=\"auto, (max-width: 960px) 100vw, 960px\" \/><\/figure>\n\n\n\n<figure class=\"wp-block-image size-large\"><img loading=\"lazy\" decoding=\"async\" width=\"1000\" height=\"667\" data-id=\"4419\" src=\"https:\/\/sup-gal.ig-edu.univ-paris13.fr\/wp-content\/uploads\/2016\/03\/book-4.jpg\" alt=\"\" class=\"wp-image-4419\" srcset=\"https:\/\/www.sup-galilee.univ-paris13.fr\/wp-content\/uploads\/2016\/03\/book-4.jpg 1000w, https:\/\/www.sup-galilee.univ-paris13.fr\/wp-content\/uploads\/2016\/03\/book-4-300x200.jpg 300w, https:\/\/www.sup-galilee.univ-paris13.fr\/wp-content\/uploads\/2016\/03\/book-4-768x512.jpg 768w, https:\/\/www.sup-galilee.univ-paris13.fr\/wp-content\/uploads\/2016\/03\/book-4-600x400.jpg 600w\" sizes=\"auto, (max-width: 1000px) 100vw, 1000px\" \/><\/figure>\n<\/figure>\n\n\n<div id=\"pl-gb11662-69ea4917e3c05\"  class=\"panel-layout\" ><div id=\"pg-gb11662-69ea4917e3c05-0\"  class=\"panel-grid panel-no-style\" ><div id=\"pgc-gb11662-69ea4917e3c05-0-0\"  class=\"panel-grid-cell\" ><div id=\"panel-gb11662-69ea4917e3c05-0-0-0\" class=\"so-panel widget widget_empty-space panel-first-child panel-last-child\" data-index=\"0\" ><div class=\"thim-widget-empty-space template-base\"><div class=\"empty_space\" style=\"height:50px\"><\/div><\/div><\/div><\/div><\/div><\/div>","protected":false},"excerpt":{"rendered":"<p>Le catalogue, commun \u00e0 l\u2019ensemble des biblioth\u00e8ques de l\u2019Universit\u00e9 Sorbonne Paris Nord, permet d\u2019identifier, de localiser et d\u2019emprunter des documents dans toutes les biblioth\u00e8ques de l\u2019Universit\u00e9 Sorbonne Paris Nord. La BU Edgar Morin du campus de Villetaneuse offre : 900 &hellip; <\/p>\n","protected":false},"author":1,"featured_media":0,"parent":9026,"menu_order":0,"comment_status":"closed","ping_status":"closed","template":"","meta":{"footnotes":""},"class_list":["post-11662","page","type-page","status-publish","hentry"],"_links":{"self":[{"href":"https:\/\/www.sup-galilee.univ-paris13.fr\/index.php\/wp-json\/wp\/v2\/pages\/11662","targetHints":{"allow":["GET"]}}],"collection":[{"href":"https:\/\/www.sup-galilee.univ-paris13.fr\/index.php\/wp-json\/wp\/v2\/pages"}],"about":[{"href":"https:\/\/www.sup-galilee.univ-paris13.fr\/index.php\/wp-json\/wp\/v2\/types\/page"}],"author":[{"embeddable":true,"href":"https:\/\/www.sup-galilee.univ-paris13.fr\/index.php\/wp-json\/wp\/v2\/users\/1"}],"replies":[{"embeddable":true,"href":"https:\/\/www.sup-galilee.univ-paris13.fr\/index.php\/wp-json\/wp\/v2\/comments?post=11662"}],"version-history":[{"count":4,"href":"https:\/\/www.sup-galilee.univ-paris13.fr\/index.php\/wp-json\/wp\/v2\/pages\/11662\/revisions"}],"predecessor-version":[{"id":13652,"href":"https:\/\/www.sup-galilee.univ-paris13.fr\/index.php\/wp-json\/wp\/v2\/pages\/11662\/revisions\/13652"}],"up":[{"embeddable":true,"href":"https:\/\/www.sup-galilee.univ-paris13.fr\/index.php\/wp-json\/wp\/v2\/pages\/9026"}],"wp:attachment":[{"href":"https:\/\/www.sup-galilee.univ-paris13.fr\/index.php\/wp-json\/wp\/v2\/media?parent=11662"}],"curies":[{"name":"wp","href":"https:\/\/api.w.org\/{rel}","templated":true}]}}