{"id":11676,"date":"2019-08-07T11:54:59","date_gmt":"2019-08-07T09:54:59","guid":{"rendered":"http:\/\/sup-gal.ig-edu.univ-paris13.fr\/?page_id=11676"},"modified":"2026-04-21T16:40:06","modified_gmt":"2026-04-21T14:40:06","slug":"stages-et-emplois","status":"publish","type":"page","link":"https:\/\/www.sup-galilee.univ-paris13.fr\/index.php\/services-etudiant\/stages-et-emplois\/","title":{"rendered":"Stages et Emplois"},"content":{"rendered":"<div id=\"pl-gb11676-69faac1f99661\"  class=\"panel-layout wp-block-siteorigin-panels-layout-block panel-layout\" ><div id=\"pg-gb11676-69faac1f99661-0\"  class=\"panel-grid panel-no-style\" ><div id=\"pgc-gb11676-69faac1f99661-0-0\"  class=\"panel-grid-cell\" ><div id=\"panel-gb11676-69faac1f99661-0-0-0\" class=\"so-panel widget widget_heading panel-first-child panel-last-child\" data-index=\"0\" ><div class=\"thim-widget-heading template-base\"><div class=\"sc_heading  \"><h3 style=\"text-transform: uppercase;\" class=\"title\">Stages et emplois<\/h3><span class=\"line\"><\/span><\/div><\/div><\/div><\/div><\/div><div id=\"pg-gb11676-69faac1f99661-1\"  class=\"panel-grid panel-no-style\" ><div id=\"pgc-gb11676-69faac1f99661-1-0\"  class=\"panel-grid-cell\" ><div id=\"panel-gb11676-69faac1f99661-1-0-0\" class=\"so-panel widget widget_sow-editor panel-first-child panel-last-child\" data-index=\"1\" ><div\n\t\t\t\n\t\t\tclass=\"so-widget-sow-editor so-widget-sow-editor-base\"\n\t\t\t\n\t\t>\n<div class=\"siteorigin-widget-tinymce textwidget\">\n\t<p>Pour toute information concernant les <strong>stages et emplois, <\/strong>rendez-vous sur la page <a href=\"https:\/\/www.sup-galilee.univ-paris13.fr\/index.php\/insertion-professionnelle\/\" target=\"_blank\" rel=\"noopener\">Insertion professionnelle<\/a> du Service Relations Entreprises de l&rsquo;\u00c9cole Sup Galil\u00e9e. Retrouvez tous nos conseils, de la conception de CV \u00e0 la recherche de postes en passant par les processus de d\u00e9veloppement d&rsquo;un r\u00e9seau professionnel actif.<\/p>\n<\/div>\n<\/div><\/div><\/div><div id=\"pgc-gb11676-69faac1f99661-1-1\"  class=\"panel-grid-cell\" ><div id=\"panel-gb11676-69faac1f99661-1-1-0\" class=\"so-panel widget widget_sow-editor panel-first-child panel-last-child\" data-index=\"2\" ><div\n\t\t\t\n\t\t\tclass=\"so-widget-sow-editor so-widget-sow-editor-base\"\n\t\t\t\n\t\t>\n<div class=\"siteorigin-widget-tinymce textwidget\">\n\t<p><img loading=\"lazy\" decoding=\"async\" class=\" wp-image-2790 aligncenter\" src=\"https:\/\/sup-gal.ig-edu.univ-paris13.fr\/wp-content\/uploads\/2015\/06\/course-2-300x172.jpg\" alt=\"\" width=\"344\" height=\"197\" srcset=\"https:\/\/www.sup-galilee.univ-paris13.fr\/wp-content\/uploads\/2015\/06\/course-2-300x172.jpg 300w, https:\/\/www.sup-galilee.univ-paris13.fr\/wp-content\/uploads\/2015\/06\/course-2-768x441.jpg 768w, https:\/\/www.sup-galilee.univ-paris13.fr\/wp-content\/uploads\/2015\/06\/course-2-600x345.jpg 600w, https:\/\/www.sup-galilee.univ-paris13.fr\/wp-content\/uploads\/2015\/06\/course-2.jpg 870w\" sizes=\"auto, (max-width: 344px) 100vw, 344px\" \/><\/p>\n<\/div>\n<\/div><\/div><\/div><\/div><div id=\"pg-gb11676-69faac1f99661-2\"  class=\"panel-grid panel-no-style\" ><div id=\"pgc-gb11676-69faac1f99661-2-0\"  class=\"panel-grid-cell\" ><div id=\"panel-gb11676-69faac1f99661-2-0-0\" class=\"so-panel widget widget_sow-editor panel-first-child\" data-index=\"3\" ><div\n\t\t\t\n\t\t\tclass=\"so-widget-sow-editor so-widget-sow-editor-base\"\n\t\t\t\n\t\t>\n<div class=\"siteorigin-widget-tinymce textwidget\">\n\t<h3>CONVENTION DE STAGE<\/h3>\n<p>Dans le cadre de votre formation, vous allez effectuer un stage dans une entreprise, un \u00e9tablissement public, une institution, une collectivit\u00e9, une association ou tout autre organisme d\u2019accueil, en France ou \u00e0 l\u2019\u00e9tranger.<\/p>\n<p><strong>Avant tout d\u00e9but de stage vous devez respecter la proc\u00e9dure se rapportant \u00e0 l\u2019\u00e9tablissement de votre convention de stage.<\/strong><\/p>\n<\/div>\n<\/div><\/div><div id=\"panel-gb11676-69faac1f99661-2-0-1\" class=\"so-panel widget widget_sow-editor\" data-index=\"4\" ><div class=\"so-rounded panel-widget-style panel-widget-style-for-gb11676-69faac1f99661-2-0-1\" ><div\n\t\t\t\n\t\t\tclass=\"so-widget-sow-editor so-widget-sow-editor-base\"\n\t\t\t\n\t\t>\n<div class=\"siteorigin-widget-tinymce textwidget\">\n\t<h5><span style=\"color: #7a2c2c;\">IMPORTANT<\/span><\/h5>\n<p><span style=\"color: #7a2c2c;\">Il est strictement interdit :<br \/>\n&#8211; De se pr\u00e9senter en stage sans la convention de stage sign\u00e9e.<br \/>\n&#8211; De quitter d\u00e9finitivement son lieu de stage sans en informer votre enseignant\u00b7e.<\/span><\/p>\n<p><span style=\"color: #7a2c2c;\"><strong><br \/>\nSi vous rencontrez un probl\u00e8me durant votre stage, contactez imp\u00e9rativement votre <span style=\"color: #7a2c2c;\">enseignant\u00b7e<\/span> r\u00e9f\u00e9rent\u00b7e qui se chargera de pr\u00e9venir votre gestionnaire.<\/strong><\/span><\/p>\n<\/div>\n<\/div><\/div><\/div><div id=\"panel-gb11676-69faac1f99661-2-0-2\" class=\"so-panel widget widget_sow-editor panel-last-child\" data-index=\"5\" ><div\n\t\t\t\n\t\t\tclass=\"so-widget-sow-editor so-widget-sow-editor-base\"\n\t\t\t\n\t\t>\n<div class=\"siteorigin-widget-tinymce textwidget\">\n\t<p>Besoin d\u2019informations suppl\u00e9mentaires ?<br \/>\n<a href=\"https:\/\/www.enseignementsup-recherche.gouv.fr\/fr\/guide-des-stages-etudiants-informations-pratiques-46518\"><strong>Consultez le site du Minist\u00e8re de l\u2019Enseignement sup\u00e9rieur, de la recherche et de l\u2019Innovation.<\/strong><\/a><\/p>\n<\/div>\n<\/div><\/div><\/div><div id=\"pgc-gb11676-69faac1f99661-2-1\"  class=\"panel-grid-cell\" ><div id=\"panel-gb11676-69faac1f99661-2-1-0\" class=\"so-panel widget widget_sow-editor panel-first-child panel-last-child\" data-index=\"6\" ><div class=\"panel-widget-style panel-widget-style-for-gb11676-69faac1f99661-2-1-0\" ><div\n\t\t\t\n\t\t\tclass=\"so-widget-sow-editor so-widget-sow-editor-base\"\n\t\t\t\n\t\t>\n<div class=\"siteorigin-widget-tinymce textwidget\">\n\t<h3>DOCUMENTS A TELECHARGER<\/h3>\n<p><a href=\"https:\/\/www.sup-galilee.univ-paris13.fr\/wp-content\/uploads\/2025\/12\/LISTE-RESPONSABLES-INGENIEURS.pdf\"><strong>Liste des gestionnaires Ing\u00e9nieur<\/strong><\/a><\/p>\n<p><a href=\"https:\/\/www.sup-galilee.univ-paris13.fr\/wp-content\/uploads\/2025\/12\/ESUP-STAGE-Tutoriel-Etudiant_IG-25-26.pdf\"><strong>Tutoriel Esup Stage<\/strong><\/a><\/p>\n<p><a href=\"https:\/\/www.sup-galilee.univ-paris13.fr\/wp-content\/uploads\/2025\/12\/Fiche-de-proposition-de-stage-IG-25-26.pdf\"><strong>Fiche de proposition de stage<\/strong><\/a><\/p>\n<p><a href=\"https:\/\/www.sup-galilee.univ-paris13.fr\/wp-content\/uploads\/2025\/12\/Procedure-Stage-a-letranger-IG-25-26.pdf\"><strong>Proc\u00e9dure de stage \u00e0 l&rsquo;\u00e9tranger<\/strong><\/a><\/p>\n<\/div>\n<\/div><\/div><\/div><\/div><\/div><div id=\"pg-gb11676-69faac1f99661-3\"  class=\"panel-grid panel-has-style\" ><div class=\"panel-row-style panel-row-style-for-gb11676-69faac1f99661-3\" ><div id=\"pgc-gb11676-69faac1f99661-3-0\"  class=\"panel-grid-cell\" ><div id=\"panel-gb11676-69faac1f99661-3-0-0\" class=\"so-panel widget widget_sow-editor panel-first-child\" data-index=\"7\" ><div\n\t\t\t\n\t\t\tclass=\"so-widget-sow-editor so-widget-sow-editor-base\"\n\t\t\t\n\t\t>\n<div class=\"siteorigin-widget-tinymce textwidget\">\n\t<h3>VOUS EFFECTUEZ VOTRE STAGE EN FRANCE<\/h3>\n<p><span style=\"color: #7a2c2c;\">Attention : Au 1er janvier 2026,\u00a0<strong>le taux horaire sera au minimum de 4,50 \u20ac par heure de stage<\/strong>.<\/span><br \/>\n<span style=\"color: #7a2c2c;\">Pour les stages d&rsquo;une dur\u00e9e de plus de 2 mois, le plafond horaire de la S\u00e9curit\u00e9 sociale passera alors \u00e0 30 \u20ac (30 x 0,15 = 4,50).<\/span><\/p>\n<\/div>\n<\/div><\/div><div id=\"panel-gb11676-69faac1f99661-3-0-1\" class=\"so-panel widget widget_sow-editor panel-last-child\" data-index=\"8\" ><div class=\"panel-widget-style panel-widget-style-for-gb11676-69faac1f99661-3-0-1\" ><div\n\t\t\t\n\t\t\tclass=\"so-widget-sow-editor so-widget-sow-editor-base\"\n\t\t\t\n\t\t>\n<div class=\"siteorigin-widget-tinymce textwidget\">\n\t<h4 style=\"padding-left: 40px;\"><span style=\"color: #000000;\"><strong>VOTRE CONVENTION SUR LA PLATEFORME ESUP STAGE<\/strong><\/span><\/h4>\n<p style=\"padding-left: 80px;\">1\/\u00a0 Avant de commencer, t\u00e9l\u00e9chargez la\u00a0<strong>fiche de proposition\u00a0de stage<\/strong>\u00a0\u00e0 remettre \u00e0 l\u2019entreprise \u00e0 l\u2019issue de l\u2019entretien ou apr\u00e8s la validation d\u2019un stage.<\/p>\n<p style=\"padding-left: 80px;\">2\/ Une fois que l\u2019entreprise a compl\u00e9t\u00e9 la fiche de proposition du stage, rendez vous sur<a href=\"https:\/\/cas.univ-paris13.fr\/cas\/login?service=http%3A%2F%2Fconventions-stage.univ-paris13.fr%2Flogin%2Fcas#\/\"><strong>\u00a0la plateforme Esup Stage\u00a0<\/strong><\/a>et saisissez vos identifiants ENT.<\/p>\n<p style=\"padding-left: 80px;\">3\/ Ins\u00e9rez les informations en vous aidant du\u00a0<strong>tutoriel\u00a0<\/strong>pour cr\u00e9er votre convention.<\/p>\n<p style=\"padding-left: 80px;\">4\/ Dans l\u2019attente de la validation de votre convention, veuillez transmettre \u00e0 votre gestionnaire votre<strong>\u00a0attestation de responsabilit\u00e9 civile scolaire et extra-scolaire<\/strong>\u00a0qui vous couvre pour la dur\u00e9e de votre stage.<\/p>\n<p>&nbsp;<\/p>\n<p style=\"padding-left: 80px;\"><span style=\"color: #7a2c2c;\"><strong>Pour rappel, vous ne pouvez vous pr\u00e9senter sur votre lieu de stage qu\u2019une fois la convention sign\u00e9e par toutes les parties concern\u00e9es.<\/strong><\/span><br \/>\n<span style=\"color: #7a2c2c;\"><strong>La convention doit \u00eatre finalis\u00e9e au plus tard 15 jours avant le d\u00e9but du stage.<\/strong><\/span><\/p>\n<\/div>\n<\/div><\/div><\/div><\/div><\/div><\/div><div id=\"pg-gb11676-69faac1f99661-4\"  class=\"panel-grid panel-no-style\" ><div id=\"pgc-gb11676-69faac1f99661-4-0\"  class=\"panel-grid-cell\" ><div id=\"panel-gb11676-69faac1f99661-4-0-0\" class=\"so-panel widget widget_sow-editor panel-first-child panel-last-child\" data-index=\"9\" ><div\n\t\t\t\n\t\t\tclass=\"so-widget-sow-editor so-widget-sow-editor-base\"\n\t\t\t\n\t\t>\n<div class=\"siteorigin-widget-tinymce textwidget\">\n\t<h3><strong>VOUS EFFECTUEZ VOTRE STAGE A L&rsquo;ETRANGER<\/strong><\/h3>\n<p>Des dispositions particuli\u00e8res s\u2019appliquent pour tout stage effectu\u00e9 \u00e0 l\u2019\u00e9tranger.<br \/>\nTout d\u2019abord, la recherche du stage rel\u00e8ve d\u2019une d\u00e9marche individuelle de l\u2019\u00e9tudiant\u00b7e et avant de l\u2019envisager, l\u2019\u00e9tudiant\u00b7e doit prendre connaissance des conseils aux voyageurs accessibles via\u00a0<a href=\"http:\/\/www.diplomatie.gouv.fr\/fr\/conseils-aux-voyageurs\/conseils-par-pays\"><strong>la fiche \u2013 pays du MEAE<\/strong><\/a>.<\/p>\n<p>L\u2019\u00e9tudiant\u00b7e doit soumettre sa demande de stage en compl\u00e9tant le formulaire de \u00ab demande d\u2019autorisation de stage \u00e0 l\u2019\u00e9tranger \u00bb en ligne sur le\u00a0<a href=\"https:\/\/paris13.moveonfr.com\/form\/584037fd3f5d66924e8b4567\/fra#\" target=\"_blank\" rel=\"noopener\"><strong>portail du Service des Relations Internationales de l\u2019universit\u00e9 Sorbonne Paris Nord<\/strong><\/a>\u00a0(SRI).<\/p>\n<p>Cette demande d\u2019autorisation de stage \u00e0 l\u2019\u00e9tranger sera soumise pour accord aupr\u00e8s de l\u2019UFR, du SRI et du Fonctionnaire S\u00e9curit\u00e9 D\u00e9fense (FSD).<br \/>\n<strong>Vous devez retourner le formulaire en PDF d\u00fbment compl\u00e9t\u00e9 et sign\u00e9 par mail \u00e0 l\u2019adresse :\u00a0<a href=\"mailto:relations-internationales.galilee@univ-paris13.fr\">relations-internationales.galilee@univ-paris13.fr<\/a><\/strong><\/p>\n<\/div>\n<\/div><\/div><\/div><\/div><div id=\"pg-gb11676-69faac1f99661-5\"  class=\"panel-grid panel-no-style\" ><div id=\"pgc-gb11676-69faac1f99661-5-0\"  class=\"panel-grid-cell\" ><div id=\"panel-gb11676-69faac1f99661-5-0-0\" class=\"so-panel widget widget_empty-space panel-first-child panel-last-child\" data-index=\"10\" ><div class=\"thim-widget-empty-space template-base\"><div class=\"empty_space\" style=\"height:50px\"><\/div><\/div><\/div><\/div><\/div><\/div>","protected":false},"excerpt":{"rendered":"<p>Pour toute information concernant les stages et emplois, rendez-vous sur la page Insertion professionnelle du Service Relations Entreprises de l&rsquo;\u00c9cole Sup Galil\u00e9e. Retrouvez tous nos conseils, de la conception de CV \u00e0 la recherche de postes en passant par les &hellip; <\/p>\n","protected":false},"author":1,"featured_media":0,"parent":9027,"menu_order":0,"comment_status":"closed","ping_status":"closed","template":"","meta":{"footnotes":""},"class_list":["post-11676","page","type-page","status-publish","hentry"],"_links":{"self":[{"href":"https:\/\/www.sup-galilee.univ-paris13.fr\/index.php\/wp-json\/wp\/v2\/pages\/11676","targetHints":{"allow":["GET"]}}],"collection":[{"href":"https:\/\/www.sup-galilee.univ-paris13.fr\/index.php\/wp-json\/wp\/v2\/pages"}],"about":[{"href":"https:\/\/www.sup-galilee.univ-paris13.fr\/index.php\/wp-json\/wp\/v2\/types\/page"}],"author":[{"embeddable":true,"href":"https:\/\/www.sup-galilee.univ-paris13.fr\/index.php\/wp-json\/wp\/v2\/users\/1"}],"replies":[{"embeddable":true,"href":"https:\/\/www.sup-galilee.univ-paris13.fr\/index.php\/wp-json\/wp\/v2\/comments?post=11676"}],"version-history":[{"count":27,"href":"https:\/\/www.sup-galilee.univ-paris13.fr\/index.php\/wp-json\/wp\/v2\/pages\/11676\/revisions"}],"predecessor-version":[{"id":14627,"href":"https:\/\/www.sup-galilee.univ-paris13.fr\/index.php\/wp-json\/wp\/v2\/pages\/11676\/revisions\/14627"}],"up":[{"embeddable":true,"href":"https:\/\/www.sup-galilee.univ-paris13.fr\/index.php\/wp-json\/wp\/v2\/pages\/9027"}],"wp:attachment":[{"href":"https:\/\/www.sup-galilee.univ-paris13.fr\/index.php\/wp-json\/wp\/v2\/media?parent=11676"}],"curies":[{"name":"wp","href":"https:\/\/api.w.org\/{rel}","templated":true}]}}