{"id":11680,"date":"2019-08-07T11:57:38","date_gmt":"2019-08-07T09:57:38","guid":{"rendered":"http:\/\/sup-gal.ig-edu.univ-paris13.fr\/?page_id=11680"},"modified":"2024-02-16T11:46:50","modified_gmt":"2024-02-16T09:46:50","slug":"criteres-dadmissibilite","status":"publish","type":"page","link":"https:\/\/www.sup-galilee.univ-paris13.fr\/index.php\/admission\/criteres-dadmissibilite\/","title":{"rendered":"Crit\u00e8res d&rsquo;admissibilit\u00e9"},"content":{"rendered":"<div id=\"pl-gb11680-69d96d2e57325\"  class=\"panel-layout\" ><div id=\"pg-gb11680-69d96d2e57325-0\"  class=\"panel-grid panel-no-style\" ><div id=\"pgc-gb11680-69d96d2e57325-0-0\"  class=\"panel-grid-cell\" ><div id=\"panel-gb11680-69d96d2e57325-0-0-0\" class=\"so-panel widget widget_heading panel-first-child panel-last-child\" data-index=\"0\" ><div class=\"thim-widget-heading template-base\"><div class=\"sc_heading  \"><h3 style=\"text-transform: uppercase;\" class=\"title\">Admission depuis le lyc\u00e9e<\/h3><span class=\"line\"><\/span><\/div><\/div><\/div><\/div><\/div><div id=\"pg-gb11680-69d96d2e57325-1\"  class=\"panel-grid panel-no-style\" ><div id=\"pgc-gb11680-69d96d2e57325-1-0\"  class=\"panel-grid-cell\" ><div id=\"panel-gb11680-69d96d2e57325-1-0-0\" class=\"so-panel widget widget_sow-editor panel-first-child panel-last-child\" data-index=\"1\" ><div\n\t\t\t\n\t\t\tclass=\"so-widget-sow-editor so-widget-sow-editor-base\"\n\t\t\t\n\t\t>\n<div class=\"siteorigin-widget-tinymce textwidget\">\n\t<p>Pendant l\u2019ann\u00e9e de terminale en Baccalaur\u00e9at G\u00e9n\u00e9ral et apr\u00e8s formulation du v\u0153u sur ParcourSup, l\u2019\u00e9l\u00e8ve peut passer le <strong>Concours Geipi-Polytech<\/strong> lui permettant, en cas de r\u00e9ussite au Concours et au Bac, d\u2019acc\u00e9der \u00e0 la <strong>pr\u00e9pa int\u00e9gr\u00e9e, CP2i : Cursus Pr\u00e9paratoire Ing\u00e9nieur Int\u00e9gr\u00e9,<\/strong>\u00a0sur deux ans.<\/p>\n<p>Les inscriptions au Concours Geipi-Polytech se font via le site : <a href=\"https:\/\/www.geipi-polytech.org\/\" target=\"_blank\" rel=\"noopener\">Geipi-Polytech<\/a>.<\/p>\n<\/div>\n<\/div><\/div><\/div><div id=\"pgc-gb11680-69d96d2e57325-1-1\"  class=\"panel-grid-cell\" ><div id=\"panel-gb11680-69d96d2e57325-1-1-0\" class=\"so-panel widget widget_sow-image panel-first-child panel-last-child\" data-index=\"2\" ><div\n\t\t\t\n\t\t\tclass=\"so-widget-sow-image so-widget-sow-image-default-8b5b6f678277-11680\"\n\t\t\t\n\t\t>\n<div class=\"sow-image-container\">\n\t\t\t<a href=\"https:\/\/www.geipi-polytech.org\/\"\n\t\t\ttarget=\"_blank\" rel=\"noopener noreferrer\" \t\t>\n\t\t\t<img \n\tsrc=\"https:\/\/www.sup-galilee.univ-paris13.fr\/wp-content\/uploads\/2019\/08\/geipi.jpg\" width=\"960\" height=\"570\" srcset=\"https:\/\/www.sup-galilee.univ-paris13.fr\/wp-content\/uploads\/2019\/08\/geipi.jpg 960w, https:\/\/www.sup-galilee.univ-paris13.fr\/wp-content\/uploads\/2019\/08\/geipi-300x178.jpg 300w, https:\/\/www.sup-galilee.univ-paris13.fr\/wp-content\/uploads\/2019\/08\/geipi-768x456.jpg 768w, https:\/\/www.sup-galilee.univ-paris13.fr\/wp-content\/uploads\/2019\/08\/geipi-450x267.jpg 450w\" sizes=\"(max-width: 960px) 100vw, 960px\" alt=\"\" \t\tclass=\"so-widget-image\"\/>\n\t\t\t<\/a><\/div>\n\n<\/div><\/div><\/div><\/div><div id=\"pg-gb11680-69d96d2e57325-2\"  class=\"panel-grid panel-no-style\" ><div id=\"pgc-gb11680-69d96d2e57325-2-0\"  class=\"panel-grid-cell\" ><div id=\"panel-gb11680-69d96d2e57325-2-0-0\" class=\"so-panel widget widget_heading panel-first-child panel-last-child\" data-index=\"3\" ><div class=\"thim-widget-heading template-base\"><div class=\"sc_heading  \"><h3 style=\"text-transform: uppercase;\" class=\"title\">Admission depuis une CPGE<\/h3><span class=\"line\"><\/span><\/div><\/div><\/div><\/div><\/div><div id=\"pg-gb11680-69d96d2e57325-3\"  class=\"panel-grid panel-no-style\" ><div id=\"pgc-gb11680-69d96d2e57325-3-0\"  class=\"panel-grid-cell\" ><div id=\"panel-gb11680-69d96d2e57325-3-0-0\" class=\"so-panel widget widget_sow-editor panel-first-child panel-last-child\" data-index=\"4\" ><div\n\t\t\t\n\t\t\tclass=\"so-widget-sow-editor so-widget-sow-editor-base\"\n\t\t\t\n\t\t>\n<div class=\"siteorigin-widget-tinymce textwidget\">\n\t<p>Apr\u00e8s obtention d\u2019un Bac+2 en CPGE (Classes Pr\u00e9paratoires aux Grandes \u00c9coles), l\u2019\u00e9tudiant peut int\u00e9grer Sup Galil\u00e9e via le <strong>Concours Polytech<\/strong> et suivre l\u2019un des sept parcours propos\u00e9s d\u00e9livrant un <strong>dipl\u00f4me d\u2019ing\u00e9nieur<\/strong> sur trois ans :<\/p>\n<ul>\n<li>\u00c9nerg\u00e9tique : <a href=\"\/index.php\/formation\/energetique\/\">parcours sous statut \u00c9tudiant<\/a> ou <a href=\"\/index.php\/formation\/energetique-apprentissage\/\">parcours sous statut Apprenti<\/a><\/li>\n<li>Informatique : <a href=\"\/index.php\/formation\/informatique\/\">parcours sous statut \u00c9tudiant<\/a> ou <a href=\"\/index.php\/formation\/informatique-apprentissage\/\">parcours sous statut Apprenti<\/a><\/li>\n<li><a href=\"\/index.php\/formation\/instrumentation\/\">Instrumentation<\/a><\/li>\n<li><a href=\"\/index.php\/formation\/macs\/\">Math\u00e9matiques Appliqu\u00e9es<\/a><\/li>\n<li><a href=\"\/index.php\/formation\/telecom\/\">T\u00e9l\u00e9communications et R\u00e9seaux<\/a><\/li>\n<\/ul>\n<p>Sup Galil\u00e9e recrute via le concours Polytech les \u00e9l\u00e8ves des voies pr\u00e9parationnaires :<\/p>\n<ul>\n<li>MP (Math\u00e9matiques et Physique) via le Concours e3a<\/li>\n<li>PC (Physique et Chimie) via le Concours e3a<\/li>\n<li>PSI (Physique et Sciences de l\u2019Ing\u00e9nieur) via le Concours e3a<\/li>\n<li>PT (Physique et Technologie) via la banque PT<\/li>\n<\/ul>\n<p>Les inscriptions au Concours Polytech se font via le <strong>site du Service de Concours \u00c9coles d\u2019Ing\u00e9nieurs<\/strong> : <a href=\"https:\/\/www.scei-concours.fr\/\" target=\"_blank\" rel=\"noopener\">scei<\/a>.<\/p>\n<\/div>\n<\/div><\/div><\/div><div id=\"pgc-gb11680-69d96d2e57325-3-1\"  class=\"panel-grid-cell\" ><div id=\"panel-gb11680-69d96d2e57325-3-1-0\" class=\"so-panel widget widget_sow-image panel-first-child panel-last-child\" data-index=\"5\" ><div\n\t\t\t\n\t\t\tclass=\"so-widget-sow-image so-widget-sow-image-default-8b5b6f678277-11680\"\n\t\t\t\n\t\t>\n<div class=\"sow-image-container\">\n\t\t\t<a href=\"https:\/\/www.e3a-polytech.fr\/\"\n\t\t\ttarget=\"_blank\" rel=\"noopener noreferrer\" \t\t>\n\t\t\t<img \n\tsrc=\"https:\/\/www.sup-galilee.univ-paris13.fr\/wp-content\/uploads\/2019\/08\/polyetch.jpg\" width=\"300\" height=\"95\" sizes=\"(max-width: 300px) 100vw, 300px\" alt=\"\" \t\tclass=\"so-widget-image\"\/>\n\t\t\t<\/a><\/div>\n\n<\/div><\/div><\/div><\/div><div id=\"pg-gb11680-69d96d2e57325-4\"  class=\"panel-grid panel-no-style\" ><div id=\"pgc-gb11680-69d96d2e57325-4-0\"  class=\"panel-grid-cell\" ><div id=\"panel-gb11680-69d96d2e57325-4-0-0\" class=\"so-panel widget widget_heading panel-first-child panel-last-child\" data-index=\"6\" ><div class=\"thim-widget-heading template-base\"><div class=\"sc_heading  \"><h3 style=\"text-transform: uppercase;\" class=\"title\">Admission sur dossier et entretien<\/h3><span class=\"line\"><\/span><\/div><\/div><\/div><\/div><\/div><div id=\"pg-gb11680-69d96d2e57325-5\"  class=\"panel-grid panel-no-style\" ><div id=\"pgc-gb11680-69d96d2e57325-5-0\"  class=\"panel-grid-cell\" ><div id=\"panel-gb11680-69d96d2e57325-5-0-0\" class=\"so-panel widget widget_sow-editor panel-first-child panel-last-child\" data-index=\"7\" ><div\n\t\t\t\n\t\t\tclass=\"so-widget-sow-editor so-widget-sow-editor-base\"\n\t\t\t\n\t\t>\n<div class=\"siteorigin-widget-tinymce textwidget\">\n\t<p>Apr\u00e8s obtention d\u2019une licence (Bac+3) ou d\u2019un Bac+2 (en licence ou en BUT : Bachelor Universitaire de Technologie), l&rsquo;\u00e9tudiant peut \u00eatre admis \u00e0 la suite de l\u2019envoi de son <strong>dossier<\/strong> \u00e0 l\u2019\u00c9cole qui sera examin\u00e9 en vue d\u2019un <strong>entretien<\/strong>. En cas de r\u00e9ussite \u00e0 l\u2019oral, l&rsquo;\u00e9tudiant pourra int\u00e9grer Sup Galil\u00e9e et suivre l\u2019un des sept parcours propos\u00e9s d\u00e9livrant un<strong> dipl\u00f4me d\u2019ing\u00e9nieur<\/strong> sur trois ans :<\/p>\n<ul>\n<li>\u00c9nerg\u00e9tique : <a href=\"\/index.php\/formation\/energetique\/\">parcours sous statut \u00c9tudiant<\/a> ou <a href=\"\/index.php\/formation\/energetique-apprentissage\/\">parcours sous statut Apprenti<\/a><\/li>\n<li>Informatique : <a href=\"\/index.php\/formation\/informatique\/\">parcours sous statut \u00c9tudiant<\/a> ou <a href=\"\/index.php\/formation\/informatique-apprentissage\/\">parcours sous statut Apprenti<\/a><\/li>\n<li><a href=\"\/index.php\/formation\/instrumentation\/\">Instrumentation<\/a><\/li>\n<li><a href=\"\/index.php\/formation\/macs\/\">Math\u00e9matiques Appliqu\u00e9es<\/a><\/li>\n<li><a href=\"\/index.php\/formation\/telecom\/\">T\u00e9l\u00e9communications et R\u00e9seaux<\/a><\/li>\n<\/ul>\n<p>Les demandes de candidatures se font en ligne sur l&rsquo;application <strong>eCandidat de l&rsquo;Universit\u00e9 Sorbonne Paris Nord<\/strong> : <a href=\"https:\/\/ecandidat.univ-paris13.fr\/ecandidat\/#!accueilView\" target=\"_blank\" rel=\"noopener\">eCandidat<\/a>.<\/p>\n<\/div>\n<\/div><\/div><\/div><div id=\"pgc-gb11680-69d96d2e57325-5-1\"  class=\"panel-grid-cell\" ><div id=\"panel-gb11680-69d96d2e57325-5-1-0\" class=\"so-panel widget widget_sow-image panel-first-child panel-last-child\" data-index=\"8\" ><div\n\t\t\t\n\t\t\tclass=\"so-widget-sow-image so-widget-sow-image-default-8b5b6f678277-11680\"\n\t\t\t\n\t\t>\n<div class=\"sow-image-container\">\n\t\t\t<a href=\"https:\/\/ecandidat.univ-paris13.fr\/ecandidat\/#!accueilView\"\n\t\t\ttarget=\"_blank\" rel=\"noopener noreferrer\" \t\t>\n\t\t\t<img \n\tsrc=\"https:\/\/www.sup-galilee.univ-paris13.fr\/wp-content\/uploads\/2024\/02\/Capture-decran-2024-02-16-a-10.35.27.png\" width=\"422\" height=\"60\" srcset=\"https:\/\/www.sup-galilee.univ-paris13.fr\/wp-content\/uploads\/2024\/02\/Capture-decran-2024-02-16-a-10.35.27.png 422w, https:\/\/www.sup-galilee.univ-paris13.fr\/wp-content\/uploads\/2024\/02\/Capture-decran-2024-02-16-a-10.35.27-300x43.png 300w\" sizes=\"(max-width: 422px) 100vw, 422px\" title=\"Capture d\u2019e\u0301cran 2024-02-16 a\u0300 10.35.27\" alt=\"\" \t\tclass=\"so-widget-image\"\/>\n\t\t\t<\/a><\/div>\n\n<\/div><\/div><\/div><\/div><div id=\"pg-gb11680-69d96d2e57325-6\"  class=\"panel-grid panel-no-style\" ><div id=\"pgc-gb11680-69d96d2e57325-6-0\"  class=\"panel-grid-cell\" ><div id=\"panel-gb11680-69d96d2e57325-6-0-0\" class=\"so-panel widget widget_heading panel-first-child panel-last-child\" data-index=\"9\" ><div class=\"thim-widget-heading template-base\"><div class=\"sc_heading  \"><h3 style=\"text-transform: uppercase;\" class=\"title\">Admission depuis l&rsquo;\u00e9tranger hors UE<\/h3><span class=\"line\"><\/span><\/div><\/div><\/div><\/div><\/div><div id=\"pg-gb11680-69d96d2e57325-7\"  class=\"panel-grid panel-no-style\" ><div id=\"pgc-gb11680-69d96d2e57325-7-0\"  class=\"panel-grid-cell\" ><div id=\"panel-gb11680-69d96d2e57325-7-0-0\" class=\"so-panel widget widget_sow-editor panel-first-child panel-last-child\" data-index=\"10\" ><div\n\t\t\t\n\t\t\tclass=\"so-widget-sow-editor so-widget-sow-editor-base\"\n\t\t\t\n\t\t>\n<div class=\"siteorigin-widget-tinymce textwidget\">\n\t<p>L&rsquo;entr\u00e9e \u00e0 l\u2019\u00c9cole Sup Galil\u00e9e s&rsquo;effectue via le site <a href=\"https:\/\/pastel.diplomatie.gouv.fr\/etudesenfrance\/dyn\/public\/authentification\/login.html\" target=\"_blank\" rel=\"noopener\">\u00c9tudes en France<\/a> sur <strong>dossier<\/strong> et \u00e9ventuellement <strong>entretien t\u00e9l\u00e9phonique<\/strong>.<\/p>\n<p>Avec un niveau Bac+2, Bac+3 (Licence 2 ou 3, BUT ou BTS) ou Bac+4 (Master 1) d\u00e9livr\u00e9 par une universit\u00e9 hors Union Europ\u00e9enne, devenez ing\u00e9nieur dipl\u00f4m\u00e9 de l&rsquo;Universit\u00e9 Sorbonne Paris Nord \u00e0 Sup Galil\u00e9e :<\/p>\n<ul>\n<li>Cursus en 3 ans (Bac+5) pour une entr\u00e9e Bac+2 ou Bac+3<\/li>\n<li>Cursus en 2 ans (Bac+5) pour une entr\u00e9e Bac+4<\/li>\n<li>En l\u2019absence de CEF (Centre des \u00c9tudes en France) dans le pays d&rsquo;origine, suivre les proc\u00e9dures de Licence, BUT, BTS\/ATS (Bac+2 ou Bac+3) ou de Master (Bac+4). Voir les pays avec proc\u00e9dure CEF : <a href=\"https:\/\/www.campusfrance.org\/fr\/espaces\" target=\"_blank\" rel=\"noopener\">https:\/\/www.campusfrance.org\/fr\/espaces<\/a><\/li>\n<\/ul>\n<\/div>\n<\/div><\/div><\/div><div id=\"pgc-gb11680-69d96d2e57325-7-1\"  class=\"panel-grid-cell\" ><div id=\"panel-gb11680-69d96d2e57325-7-1-0\" class=\"so-panel widget widget_sow-image panel-first-child panel-last-child\" data-index=\"11\" ><div\n\t\t\t\n\t\t\tclass=\"so-widget-sow-image so-widget-sow-image-default-8b5b6f678277-11680\"\n\t\t\t\n\t\t>\n<div class=\"sow-image-container\">\n\t\t\t<a href=\"https:\/\/www.campusfrance.org\/fr\"\n\t\t\ttarget=\"_blank\" rel=\"noopener noreferrer\" \t\t>\n\t\t\t<img \n\tsrc=\"https:\/\/www.sup-galilee.univ-paris13.fr\/wp-content\/uploads\/2022\/05\/DepuisEtranger.png\" width=\"231\" height=\"229\" srcset=\"https:\/\/www.sup-galilee.univ-paris13.fr\/wp-content\/uploads\/2022\/05\/DepuisEtranger.png 231w, https:\/\/www.sup-galilee.univ-paris13.fr\/wp-content\/uploads\/2022\/05\/DepuisEtranger-150x150.png 150w\" sizes=\"(max-width: 231px) 100vw, 231px\" alt=\"\" \t\tclass=\"so-widget-image\"\/>\n\t\t\t<\/a><\/div>\n\n<\/div><\/div><\/div><\/div><div id=\"pg-gb11680-69d96d2e57325-8\"  class=\"panel-grid panel-no-style\" ><div id=\"pgc-gb11680-69d96d2e57325-8-0\"  class=\"panel-grid-cell\" ><div id=\"panel-gb11680-69d96d2e57325-8-0-0\" class=\"so-panel widget widget_empty-space panel-first-child panel-last-child\" data-index=\"12\" ><div class=\"thim-widget-empty-space template-base\"><div class=\"empty_space\" style=\"height:30px\"><\/div><\/div><\/div><\/div><\/div><\/div>","protected":false},"excerpt":{"rendered":"<p>Pendant l\u2019ann\u00e9e de terminale en Baccalaur\u00e9at G\u00e9n\u00e9ral et apr\u00e8s formulation du v\u0153u sur ParcourSup, l\u2019\u00e9l\u00e8ve peut passer le Concours Geipi-Polytech lui permettant, en cas de r\u00e9ussite au Concours et au Bac, d\u2019acc\u00e9der \u00e0 la pr\u00e9pa int\u00e9gr\u00e9e, CP2i : Cursus Pr\u00e9paratoire &hellip; <\/p>\n","protected":false},"author":1,"featured_media":0,"parent":9028,"menu_order":0,"comment_status":"closed","ping_status":"closed","template":"","meta":{"footnotes":""},"class_list":["post-11680","page","type-page","status-publish","hentry"],"_links":{"self":[{"href":"https:\/\/www.sup-galilee.univ-paris13.fr\/index.php\/wp-json\/wp\/v2\/pages\/11680","targetHints":{"allow":["GET"]}}],"collection":[{"href":"https:\/\/www.sup-galilee.univ-paris13.fr\/index.php\/wp-json\/wp\/v2\/pages"}],"about":[{"href":"https:\/\/www.sup-galilee.univ-paris13.fr\/index.php\/wp-json\/wp\/v2\/types\/page"}],"author":[{"embeddable":true,"href":"https:\/\/www.sup-galilee.univ-paris13.fr\/index.php\/wp-json\/wp\/v2\/users\/1"}],"replies":[{"embeddable":true,"href":"https:\/\/www.sup-galilee.univ-paris13.fr\/index.php\/wp-json\/wp\/v2\/comments?post=11680"}],"version-history":[{"count":31,"href":"https:\/\/www.sup-galilee.univ-paris13.fr\/index.php\/wp-json\/wp\/v2\/pages\/11680\/revisions"}],"predecessor-version":[{"id":13561,"href":"https:\/\/www.sup-galilee.univ-paris13.fr\/index.php\/wp-json\/wp\/v2\/pages\/11680\/revisions\/13561"}],"up":[{"embeddable":true,"href":"https:\/\/www.sup-galilee.univ-paris13.fr\/index.php\/wp-json\/wp\/v2\/pages\/9028"}],"wp:attachment":[{"href":"https:\/\/www.sup-galilee.univ-paris13.fr\/index.php\/wp-json\/wp\/v2\/media?parent=11680"}],"curies":[{"name":"wp","href":"https:\/\/api.w.org\/{rel}","templated":true}]}}