{"id":11689,"date":"2019-08-07T12:52:44","date_gmt":"2019-08-07T10:52:44","guid":{"rendered":"http:\/\/sup-gal.ig-edu.univ-paris13.fr\/?page_id=11689"},"modified":"2024-03-15T12:53:28","modified_gmt":"2024-03-15T10:53:28","slug":"venir-a-sup-galilee-depuis-letranger","status":"publish","type":"page","link":"https:\/\/www.sup-galilee.univ-paris13.fr\/index.php\/international\/venir-a-sup-galilee-depuis-letranger\/","title":{"rendered":"Venir \u00e0 Sup Galil\u00e9e depuis l&rsquo;\u00e9tranger"},"content":{"rendered":"<div id=\"pl-gb11689-69e8adf72e8f2\"  class=\"panel-layout panel-layout\" ><div id=\"pg-gb11689-69e8adf72e8f2-0\"  class=\"panel-grid panel-no-style\" ><div id=\"pgc-gb11689-69e8adf72e8f2-0-0\"  class=\"panel-grid-cell\" ><div id=\"panel-gb11689-69e8adf72e8f2-0-0-0\" class=\"so-panel widget widget_heading panel-first-child panel-last-child\" data-index=\"0\" ><div class=\"thim-widget-heading template-base\"><div class=\"sc_heading  \"><h3 style=\"text-transform: uppercase;\" class=\"title\">Modalit\u00e9s<\/h3><span class=\"line\"><\/span><\/div><\/div><\/div><\/div><\/div><div id=\"pg-gb11689-69e8adf72e8f2-1\"  class=\"panel-grid panel-no-style\" ><div id=\"pgc-gb11689-69e8adf72e8f2-1-0\"  class=\"panel-grid-cell\" ><div id=\"panel-gb11689-69e8adf72e8f2-1-0-0\" class=\"so-panel widget widget_sow-editor panel-first-child panel-last-child\" data-index=\"1\" ><div\n\t\t\t\n\t\t\tclass=\"so-widget-sow-editor so-widget-sow-editor-base\"\n\t\t\t\n\t\t>\n<div class=\"siteorigin-widget-tinymce textwidget\">\n\t<p>L\u2019\u00c9cole Sup Galil\u00e9e accueille les \u00e9tudiants \u00e9trangers souhaitant effectuer tout ou partie de leur cursus dans un <strong>\u00e9tablissement d\u2019enseignement sup\u00e9rieur fran\u00e7ais<\/strong>.<\/p>\n<p>Cet accueil peut se faire pour une <strong>dur\u00e9e de 6 mois \u00e0 2 ans<\/strong> dans le cadre d\u2019un programme d\u2019\u00e9changes (<a href=\"https:\/\/erasmus-plus.ec.europa.eu\/fr\" target=\"_blank\" rel=\"noopener\">ERASMUS<\/a>, <a href=\"https:\/\/micefa.org\/programme-dechange-en-amerique-du-nord\/\" target=\"_blank\" rel=\"noopener\">MICEFA<\/a>, <a href=\"https:\/\/echanges-etudiants.bci-qc.ca\/\" target=\"_blank\" rel=\"noopener\">BCI<\/a>, accords bilat\u00e9raux&#8230;) ou d&rsquo;une convention de double-dipl\u00f4me. Le responsable des relations internationales de l&rsquo;\u00e9tablissement d&rsquo;origine doit <strong>prendre contact avec les responsables de la sp\u00e9cialit\u00e9 \u00e0 Sup Galil\u00e9e<\/strong> ou le <strong>Service des Relations Internationales <\/strong>(SRI) de l\u2019Universit\u00e9 Sorbonne Paris Nord. Il est recommand\u00e9 \u00e0 l&rsquo;\u00e9l\u00e8ve d&rsquo;entrer en contact auparavant avec les responsables de la sp\u00e9cialit\u00e9 pour s&rsquo;assurer que les modules sont compatibles entre eux et avec son niveau d\u2019\u00e9tudes.<\/p>\n<\/div>\n<\/div><\/div><\/div><div id=\"pgc-gb11689-69e8adf72e8f2-1-1\"  class=\"panel-grid-cell\" ><div id=\"panel-gb11689-69e8adf72e8f2-1-1-0\" class=\"so-panel widget widget_sow-editor panel-first-child panel-last-child\" data-index=\"2\" ><div\n\t\t\t\n\t\t\tclass=\"so-widget-sow-editor so-widget-sow-editor-base\"\n\t\t\t\n\t\t>\n<div class=\"siteorigin-widget-tinymce textwidget\">\n\t<p>Les \u00e9tudiants \u00e9trangers peuvent \u00e9galement<strong> s\u2019inscrire \u00e0 l\u2019\u00c9cole Sup Galil\u00e9e<\/strong> via <a href=\"https:\/\/www.campusfrance.org\/fr\" target=\"_blank\" rel=\"noopener\">Campus France<\/a> \u00e0 titre individuel pour y faire leurs \u00e9tudes dans les diff\u00e9rents cycles propos\u00e9s.<\/p>\n<p>L&rsquo;\u00c9cole d\u00e9livre ainsi des <strong>cr\u00e9dits europ\u00e9ens (ECTS)<\/strong> en fonction des mati\u00e8res et des modules (UE) valid\u00e9s par les \u00e9tudiants. Ces cr\u00e9dits permettent de valider un ou plusieurs semestres d\u2019\u00e9tudes en vue de l\u2019<strong>obtention du dipl\u00f4me dans l\u2019\u00e9tablissement d\u2019origine<\/strong>, ou de l\u2019<strong>obtention<\/strong> <strong>d&rsquo;un dipl\u00f4me d\u2019ing\u00e9nieur Sup Galil\u00e9e<\/strong> dans le cas par exemple des doubles dipl\u00f4mes.<\/p>\n<\/div>\n<\/div><\/div><\/div><\/div><div id=\"pg-gb11689-69e8adf72e8f2-2\"  class=\"panel-grid panel-no-style\" ><div id=\"pgc-gb11689-69e8adf72e8f2-2-0\"  class=\"panel-grid-cell\" ><div id=\"panel-gb11689-69e8adf72e8f2-2-0-0\" class=\"so-panel widget widget_heading panel-first-child panel-last-child\" data-index=\"3\" ><div class=\"thim-widget-heading template-base\"><div class=\"sc_heading  \"><h3 style=\"text-transform: uppercase;\" class=\"title\">Programme d&rsquo;enseignements<\/h3><span class=\"line\"><\/span><\/div><\/div><\/div><\/div><\/div><div id=\"pg-gb11689-69e8adf72e8f2-3\"  class=\"panel-grid panel-no-style\" ><div id=\"pgc-gb11689-69e8adf72e8f2-3-0\"  class=\"panel-grid-cell\" ><div id=\"panel-gb11689-69e8adf72e8f2-3-0-0\" class=\"so-panel widget widget_sow-editor panel-first-child panel-last-child\" data-index=\"4\" ><div\n\t\t\t\n\t\t\tclass=\"so-widget-sow-editor so-widget-sow-editor-base\"\n\t\t\t\n\t\t>\n<div class=\"siteorigin-widget-tinymce textwidget\">\n\t<ul>\n<li><a href=\"\/wp-content\/uploads\/2024\/03\/fiche_CP2I_en.pdf\" target=\"_blank\" rel=\"noopener\">Engineering School Integration Program<\/a><\/li>\n<li><a href=\"\/wp-content\/uploads\/2024\/03\/fiche_MACS_en.pdf\" target=\"_blank\" rel=\"noopener\">Major in Scientific Computing Methods &amp; Applied Mathematics<\/a><\/li>\n<li><a href=\"\/wp-content\/uploads\/2024\/03\/fiche_infomatique_inge_en.pdf\" target=\"_blank\" rel=\"noopener\">Major in Computer Science<\/a><\/li>\n<li><a href=\"\/wp-content\/uploads\/2024\/03\/fiche_telecom_en.pdf\" target=\"_blank\" rel=\"noopener\">Major in Telecommunication and Networks<\/a><\/li>\n<li><a href=\"\/wp-content\/uploads\/2024\/03\/fiche_energetique_en.pdf\" target=\"_blank\" rel=\"noopener\">Major in Energy<\/a><\/li>\n<li><a href=\"https:\/\/sup-gal.ig-edu.univ-paris13.fr\/wp-content\/uploads\/2024\/03\/fiche_info_app_en.pdf\" target=\"_blank\" rel=\"noopener\">Major in Computer Science and Networks (Apprenticeship Education Program)<\/a><\/li>\n<li><a href=\"\/wp-content\/uploads\/2024\/03\/fiche_energetique_app_en.pdf\" target=\"_blank\" rel=\"noopener\">Major in Energy (Apprenticeship Education Program)<\/a><\/li>\n<\/ul>\n<\/div>\n<\/div><\/div><\/div><div id=\"pgc-gb11689-69e8adf72e8f2-3-1\"  class=\"panel-grid-cell\" ><div id=\"panel-gb11689-69e8adf72e8f2-3-1-0\" class=\"so-panel widget widget_sow-editor panel-first-child panel-last-child\" data-index=\"5\" ><div\n\t\t\t\n\t\t\tclass=\"so-widget-sow-editor so-widget-sow-editor-base\"\n\t\t\t\n\t\t>\n<div class=\"siteorigin-widget-tinymce textwidget\">\n\t<p><img loading=\"lazy\" decoding=\"async\" class=\"alignnone size-medium wp-image-11124 aligncenter\" src=\"https:\/\/sup-gal.ig-edu.univ-paris13.fr\/wp-content\/uploads\/2019\/07\/student-team-meeting-at-table-300x200.jpg\" alt=\"\" width=\"300\" height=\"200\" srcset=\"https:\/\/www.sup-galilee.univ-paris13.fr\/wp-content\/uploads\/2019\/07\/student-team-meeting-at-table-300x200.jpg 300w, https:\/\/www.sup-galilee.univ-paris13.fr\/wp-content\/uploads\/2019\/07\/student-team-meeting-at-table-768x512.jpg 768w, https:\/\/www.sup-galilee.univ-paris13.fr\/wp-content\/uploads\/2019\/07\/student-team-meeting-at-table-1024x683.jpg 1024w, https:\/\/www.sup-galilee.univ-paris13.fr\/wp-content\/uploads\/2019\/07\/student-team-meeting-at-table-272x182.jpg 272w\" sizes=\"auto, (max-width: 300px) 100vw, 300px\" \/><\/p>\n<\/div>\n<\/div><\/div><\/div><\/div><div id=\"pg-gb11689-69e8adf72e8f2-4\"  class=\"panel-grid panel-no-style\" ><div id=\"pgc-gb11689-69e8adf72e8f2-4-0\"  class=\"panel-grid-cell\" ><div id=\"panel-gb11689-69e8adf72e8f2-4-0-0\" class=\"so-panel widget widget_heading panel-first-child panel-last-child\" data-index=\"6\" ><div class=\"thim-widget-heading template-base\"><div class=\"sc_heading  \"><h3 style=\"text-transform: uppercase;\" class=\"title\">Pr\u00e9requis linguistiques<\/h3><span class=\"line\"><\/span><\/div><\/div><\/div><\/div><\/div><div id=\"pg-gb11689-69e8adf72e8f2-5\"  class=\"panel-grid panel-no-style\" ><div id=\"pgc-gb11689-69e8adf72e8f2-5-0\"  class=\"panel-grid-cell\" ><div id=\"panel-gb11689-69e8adf72e8f2-5-0-0\" class=\"so-panel widget widget_sow-editor panel-first-child panel-last-child\" data-index=\"7\" ><div\n\t\t\t\n\t\t\tclass=\"so-widget-sow-editor so-widget-sow-editor-base\"\n\t\t\t\n\t\t>\n<div class=\"siteorigin-widget-tinymce textwidget\">\n\t<p>En fonction des sp\u00e9cialit\u00e9s et des ann\u00e9es d\u2019\u00e9tudes, les enseignements \u00e0 Sup Galil\u00e9e sont d\u00e9livr\u00e9s <strong>en fran\u00e7ais ou en anglais<\/strong> avec des supports de cours dans une langue ou l\u2019autre.<\/p>\n<p>Il est donc tr\u00e8s n\u00e9cessaire de <strong>ma\u00eetriser le fran\u00e7ais et\/ou l\u2019anglais<\/strong> pour pouvoir suivre un cursus d\u2019enseignement \u00e0 l&rsquo;\u00c9cole Sup Galil\u00e9e.<\/p>\n<\/div>\n<\/div><\/div><\/div><div id=\"pgc-gb11689-69e8adf72e8f2-5-1\"  class=\"panel-grid-cell\" ><div id=\"panel-gb11689-69e8adf72e8f2-5-1-0\" class=\"so-panel widget widget_sow-editor panel-first-child panel-last-child\" data-index=\"8\" ><div\n\t\t\t\n\t\t\tclass=\"so-widget-sow-editor so-widget-sow-editor-base\"\n\t\t\t\n\t\t>\n<div class=\"siteorigin-widget-tinymce textwidget\">\n\t<p>\u00c0 ce titre, l\u2019<a href=\"https:\/\/www.univ-spn.fr\/espace-langues\/\" target=\"_blank\" rel=\"noopener\">Espace Langue de l\u2019Universit\u00e9 Sorbonne Paris Nord<\/a>, propose :<\/p>\n<ul>\n<li>de nombreuses ressources permettant de perfectionner sa pratique<\/li>\n<li>un cursus en Fran\u00e7ais Langue Etrang\u00e8re (FLE) permettant d\u2019acqu\u00e9rir 3 ECTS<\/li>\n<li>le passage du DELF (Dipl\u00f4me d&rsquo;\u00c9tudes en Langue Fran\u00e7aise) et du DALF (Dipl\u00f4me Approfondi de Langue Fran\u00e7aise) : dipl\u00f4mes officiels d\u00e9livr\u00e9s par le Minist\u00e8re de l&rsquo;\u00c9ducation Nationale pour certifier les comp\u00e9tences en fran\u00e7ais des candidats non francophones<\/li>\n<\/ul>\n<\/div>\n<\/div><\/div><\/div><\/div><div id=\"pg-gb11689-69e8adf72e8f2-6\"  class=\"panel-grid panel-no-style\" ><div id=\"pgc-gb11689-69e8adf72e8f2-6-0\"  class=\"panel-grid-cell\" ><div id=\"panel-gb11689-69e8adf72e8f2-6-0-0\" class=\"so-panel widget widget_heading panel-first-child panel-last-child\" data-index=\"9\" ><div class=\"thim-widget-heading template-base\"><div class=\"sc_heading  \"><h3 style=\"text-transform: uppercase;\" class=\"title\">Aides financi\u00e8res<\/h3><span class=\"line\"><\/span><\/div><\/div><\/div><\/div><\/div><div id=\"pg-gb11689-69e8adf72e8f2-7\"  class=\"panel-grid panel-no-style\" ><div id=\"pgc-gb11689-69e8adf72e8f2-7-0\"  class=\"panel-grid-cell\" ><div id=\"panel-gb11689-69e8adf72e8f2-7-0-0\" class=\"so-panel widget widget_sow-editor panel-first-child panel-last-child\" data-index=\"10\" ><div\n\t\t\t\n\t\t\tclass=\"so-widget-sow-editor so-widget-sow-editor-base\"\n\t\t\t\n\t\t>\n<div class=\"siteorigin-widget-tinymce textwidget\">\n\t<p>Avant d&rsquo;envisager une mobilit\u00e9 en France, il est tr\u00e8s important de bien<strong> pr\u00e9parer son budget<\/strong> et de <strong>prendre connaissance des aides financi\u00e8res existantes<\/strong>. Certains programmes d\u2019\u00e9change permettent d\u2019obtenir des <strong>bourses<\/strong> pour faciliter sa mobilit\u00e9 internationale, c\u2019est le cas par exemple de l\u2019allocation ERASMUS allou\u00e9e par la Commission Europ\u00e9enne dans le cadre du programme ERASMUS.<\/p>\n<\/div>\n<\/div><\/div><\/div><div id=\"pgc-gb11689-69e8adf72e8f2-7-1\"  class=\"panel-grid-cell\" ><div id=\"panel-gb11689-69e8adf72e8f2-7-1-0\" class=\"so-panel widget widget_sow-editor panel-first-child panel-last-child\" data-index=\"11\" ><div\n\t\t\t\n\t\t\tclass=\"so-widget-sow-editor so-widget-sow-editor-base\"\n\t\t\t\n\t\t>\n<div class=\"siteorigin-widget-tinymce textwidget\">\n\t<p><strong>Pour plus de pr\u00e9cisions<\/strong> quant aux aides financi\u00e8res, retrouvez l\u2019<a href=\"https:\/\/campusbourses.campusfrance.org\/#\/catalog\" target=\"_blank\" rel=\"noopener\">annuaire des programmes de bourses de Campus France<\/a>.<\/p>\n<\/div>\n<\/div><\/div><\/div><\/div><div id=\"pg-gb11689-69e8adf72e8f2-8\"  class=\"panel-grid panel-no-style\" ><div id=\"pgc-gb11689-69e8adf72e8f2-8-0\"  class=\"panel-grid-cell\" ><div id=\"panel-gb11689-69e8adf72e8f2-8-0-0\" class=\"so-panel widget widget_heading panel-first-child panel-last-child\" data-index=\"12\" ><div class=\"thim-widget-heading template-base\"><div class=\"sc_heading  \"><h3 style=\"text-transform: uppercase;\" class=\"title\">H\u00e9bergement<\/h3><span class=\"line\"><\/span><\/div><\/div><\/div><\/div><\/div><div id=\"pg-gb11689-69e8adf72e8f2-9\"  class=\"panel-grid panel-no-style\" ><div id=\"pgc-gb11689-69e8adf72e8f2-9-0\"  class=\"panel-grid-cell\" ><div id=\"panel-gb11689-69e8adf72e8f2-9-0-0\" class=\"so-panel widget widget_sow-editor panel-first-child panel-last-child\" data-index=\"13\" ><div\n\t\t\t\n\t\t\tclass=\"so-widget-sow-editor so-widget-sow-editor-base\"\n\t\t\t\n\t\t>\n<div class=\"siteorigin-widget-tinymce textwidget\">\n\t<p>Une fois que son dossier de mobilit\u00e9 a \u00e9t\u00e9 accept\u00e9, il existe<strong> diff\u00e9rentes formules pour se loger<\/strong> lorsque l\u2019on fait ses \u00e9tudes \u00e0 l\u2019\u00c9cole Sup Galil\u00e9e.<\/p>\n<p><strong>Pour plus de d\u00e9tails<\/strong>, vous pouvez consulter la page <a href=\"https:\/\/sup-gal.ig-edu.univ-paris13.fr\/index.php\/vie-pratique\/\" target=\"_blank\" rel=\"noopener\">Vie pratique<\/a>.<\/p>\n<\/div>\n<\/div><\/div><\/div><div id=\"pgc-gb11689-69e8adf72e8f2-9-1\"  class=\"panel-grid-cell\" ><div id=\"panel-gb11689-69e8adf72e8f2-9-1-0\" class=\"so-panel widget widget_sow-editor panel-first-child panel-last-child\" data-index=\"14\" ><div\n\t\t\t\n\t\t\tclass=\"so-widget-sow-editor so-widget-sow-editor-base\"\n\t\t\t\n\t\t>\n<div class=\"siteorigin-widget-tinymce textwidget\">\n\t<p><img loading=\"lazy\" decoding=\"async\" class=\"alignnone wp-image-13633 aligncenter\" src=\"https:\/\/sup-gal.ig-edu.univ-paris13.fr\/wp-content\/uploads\/2024\/02\/P1040407-300x225.jpg\" alt=\"\" width=\"288\" height=\"216\" srcset=\"https:\/\/www.sup-galilee.univ-paris13.fr\/wp-content\/uploads\/2024\/02\/P1040407-300x225.jpg 300w, https:\/\/www.sup-galilee.univ-paris13.fr\/wp-content\/uploads\/2024\/02\/P1040407-1024x768.jpg 1024w, https:\/\/www.sup-galilee.univ-paris13.fr\/wp-content\/uploads\/2024\/02\/P1040407-768x576.jpg 768w, https:\/\/www.sup-galilee.univ-paris13.fr\/wp-content\/uploads\/2024\/02\/P1040407-1536x1152.jpg 1536w, https:\/\/www.sup-galilee.univ-paris13.fr\/wp-content\/uploads\/2024\/02\/P1040407-2048x1536.jpg 2048w\" sizes=\"auto, (max-width: 288px) 100vw, 288px\" \/><\/p>\n<\/div>\n<\/div><\/div><\/div><\/div><div id=\"pg-gb11689-69e8adf72e8f2-10\"  class=\"panel-grid panel-no-style\" ><div id=\"pgc-gb11689-69e8adf72e8f2-10-0\"  class=\"panel-grid-cell\" ><div id=\"panel-gb11689-69e8adf72e8f2-10-0-0\" class=\"so-panel widget widget_empty-space panel-first-child panel-last-child\" data-index=\"15\" ><div class=\"thim-widget-empty-space template-base\"><div class=\"empty_space\" style=\"height:50px\"><\/div><\/div><\/div><\/div><\/div><\/div>","protected":false},"excerpt":{"rendered":"<p>L\u2019\u00c9cole Sup Galil\u00e9e accueille les \u00e9tudiants \u00e9trangers souhaitant effectuer tout ou partie de leur cursus dans un \u00e9tablissement d\u2019enseignement sup\u00e9rieur fran\u00e7ais. Cet accueil peut se faire pour une dur\u00e9e de 6 mois \u00e0 2 ans dans le cadre d\u2019un programme &hellip; <\/p>\n","protected":false},"author":1,"featured_media":0,"parent":9029,"menu_order":0,"comment_status":"closed","ping_status":"closed","template":"","meta":{"footnotes":""},"class_list":["post-11689","page","type-page","status-publish","hentry"],"_links":{"self":[{"href":"https:\/\/www.sup-galilee.univ-paris13.fr\/index.php\/wp-json\/wp\/v2\/pages\/11689","targetHints":{"allow":["GET"]}}],"collection":[{"href":"https:\/\/www.sup-galilee.univ-paris13.fr\/index.php\/wp-json\/wp\/v2\/pages"}],"about":[{"href":"https:\/\/www.sup-galilee.univ-paris13.fr\/index.php\/wp-json\/wp\/v2\/types\/page"}],"author":[{"embeddable":true,"href":"https:\/\/www.sup-galilee.univ-paris13.fr\/index.php\/wp-json\/wp\/v2\/users\/1"}],"replies":[{"embeddable":true,"href":"https:\/\/www.sup-galilee.univ-paris13.fr\/index.php\/wp-json\/wp\/v2\/comments?post=11689"}],"version-history":[{"count":21,"href":"https:\/\/www.sup-galilee.univ-paris13.fr\/index.php\/wp-json\/wp\/v2\/pages\/11689\/revisions"}],"predecessor-version":[{"id":14175,"href":"https:\/\/www.sup-galilee.univ-paris13.fr\/index.php\/wp-json\/wp\/v2\/pages\/11689\/revisions\/14175"}],"up":[{"embeddable":true,"href":"https:\/\/www.sup-galilee.univ-paris13.fr\/index.php\/wp-json\/wp\/v2\/pages\/9029"}],"wp:attachment":[{"href":"https:\/\/www.sup-galilee.univ-paris13.fr\/index.php\/wp-json\/wp\/v2\/media?parent=11689"}],"curies":[{"name":"wp","href":"https:\/\/api.w.org\/{rel}","templated":true}]}}