{"id":11715,"date":"2019-08-07T13:00:29","date_gmt":"2019-08-07T11:00:29","guid":{"rendered":"http:\/\/sup-gal.ig-edu.univ-paris13.fr\/?page_id=11715"},"modified":"2024-05-13T09:35:53","modified_gmt":"2024-05-13T07:35:53","slug":"laboratoires","status":"publish","type":"page","link":"https:\/\/www.sup-galilee.univ-paris13.fr\/index.php\/ecole\/laboratoires\/","title":{"rendered":"Laboratoires"},"content":{"rendered":"\n<div class=\"wp-block-columns is-layout-flex wp-container-core-columns-is-layout-9d6595d7 wp-block-columns-is-layout-flex\">\n<div class=\"wp-block-column is-layout-flow wp-block-column-is-layout-flow\" style=\"flex-basis:100%\"><div id=\"pl-gb11715-69f3f9b36f18a\"  class=\"panel-layout wp-block-siteorigin-panels-layout-block panel-layout\" ><div id=\"pg-gb11715-69f3f9b36f18a-0\"  class=\"panel-grid panel-no-style\" ><div id=\"pgc-gb11715-69f3f9b36f18a-0-0\"  class=\"panel-grid-cell\" ><div id=\"panel-gb11715-69f3f9b36f18a-0-0-0\" class=\"so-panel widget widget_heading panel-first-child\" data-index=\"0\" ><div class=\"thim-widget-heading template-base\"><div class=\"sc_heading  \"><h3 style=\"text-transform: uppercase;\" class=\"title\">Les laboratoires de l&rsquo;Institut Galil\u00e9e<\/h3><span class=\"line\"><\/span><\/div><\/div><\/div><div id=\"panel-gb11715-69f3f9b36f18a-0-0-1\" class=\"so-panel widget widget_sow-editor panel-last-child\" data-index=\"1\" ><div\n\t\t\t\n\t\t\tclass=\"so-widget-sow-editor so-widget-sow-editor-base\"\n\t\t\t\n\t\t>\n<div class=\"siteorigin-widget-tinymce textwidget\">\n\t<p>Les 135 enseignants chercheurs de l\u2019\u00c9cole Sup Galil\u00e9e sont membres de divers <a href=\"https:\/\/galilee.univ-paris13.fr\/laboratoires\/\" target=\"_blank\" rel=\"noopener\">laboratoires de recherche de l&rsquo;Institut Galil\u00e9e.<\/a><\/p>\n<p><strong>En math\u00e9matiques et informatique :<\/strong><\/p>\n<ul>\n<li><a href=\"https:\/\/galilee.univ-paris13.fr\/laboratoires\/laga-laboratoire-danalyse-geometrie-applications-umr-7539\/\" target=\"_blank\" rel=\"noopener\">LAGA<\/a> \u2013 Laboratoire Analyse, G\u00e9om\u00e9trie &amp; Applications<\/li>\n<li><a href=\"https:\/\/galilee.univ-paris13.fr\/laboratoires\/lipn-laboratoire-dinformatique-de-luniversite-paris-nord-umr-7030\/\" target=\"_blank\" rel=\"noopener\">LIPN<\/a> \u2013 Laboratoire d\u2019Informatique de Paris Nord<\/li>\n<li><a href=\"https:\/\/galilee.univ-paris13.fr\/laboratoires\/l2ti-laboratoire-de-traitement-transport-de-linformation-ea3043\/\" target=\"_blank\" rel=\"noopener\">L2TI<\/a> \u2013 Laboratoire de Traitement et Transport de l\u2019Information<\/li>\n<\/ul>\n<p><strong>En physique et mat\u00e9riaux :<\/strong><\/p>\n<ul>\n<li><a href=\"https:\/\/galilee.univ-paris13.fr\/laboratoires\/lpl-laboratoire-de-physique-lasers-umr-7538\/\" target=\"_blank\" rel=\"noopener\">LPL<\/a> \u2013 Laboratoire de Physique des Lasers<\/li>\n<li><a href=\"https:\/\/galilee.univ-paris13.fr\/laboratoires\/lspm-laboratoire-sciences-procedes-materiaux-upr-3407\/\" target=\"_blank\" rel=\"noopener\">LSPM<\/a> \u2013 Laboratoire des Sciences des Proc\u00e9d\u00e9s et des Mat\u00e9riaux<\/li>\n<\/ul>\n<p><strong>En sciences de la vie :<\/strong><\/p>\n<ul>\n<li><a href=\"https:\/\/galilee.univ-paris13.fr\/laboratoires\/lvts-laboratoire-de-recherche-vasculaire-translationnelle-inserm-u1148\/\" target=\"_blank\" rel=\"noopener\">LVTS\u00a0<\/a> \u2013 Laboratoire de Recherche Vasculaire Translationnelle<\/li>\n<\/ul>\n<p><strong>En sciences aux interfaces du vivant :<\/strong><\/p>\n<ul>\n<li><a href=\"https:\/\/galilee.univ-paris13.fr\/laboratoires\/lbpscspbat-laboratoire-de-biomateriaux-polymeres-de-specialite\/\" target=\"_blank\" rel=\"noopener\">CB3S<\/a> \u2013 Laboratoire de Chimie, Structure et Propri\u00e9t\u00e9s de Biomat\u00e9riaux et d\u2019Agents Th\u00e9rapeutiques<\/li>\n<\/ul>\n<\/div>\n<\/div><\/div><\/div><div id=\"pgc-gb11715-69f3f9b36f18a-0-1\"  class=\"panel-grid-cell\" ><div id=\"panel-gb11715-69f3f9b36f18a-0-1-0\" class=\"so-panel widget widget_empty-space panel-first-child\" data-index=\"2\" ><div class=\"thim-widget-empty-space template-base\"><div class=\"empty_space\" style=\"height:250px\"><\/div><\/div><\/div><div id=\"panel-gb11715-69f3f9b36f18a-0-1-1\" class=\"so-panel widget widget_sow-image panel-last-child\" data-index=\"3\" ><div\n\t\t\t\n\t\t\tclass=\"so-widget-sow-image so-widget-sow-image-default-8b5b6f678277-11715\"\n\t\t\t\n\t\t>\n<div class=\"sow-image-container\">\n\t\t\t<a href=\"https:\/\/galilee.univ-paris13.fr\/\"\n\t\t\ttarget=\"_blank\" rel=\"noopener noreferrer\" \t\t>\n\t\t\t<img \n\tsrc=\"https:\/\/www.sup-galilee.univ-paris13.fr\/wp-content\/uploads\/2024\/05\/images_labo.jpg\" width=\"2048\" height=\"989\" srcset=\"https:\/\/www.sup-galilee.univ-paris13.fr\/wp-content\/uploads\/2024\/05\/images_labo.jpg 2048w, https:\/\/www.sup-galilee.univ-paris13.fr\/wp-content\/uploads\/2024\/05\/images_labo-300x145.jpg 300w, https:\/\/www.sup-galilee.univ-paris13.fr\/wp-content\/uploads\/2024\/05\/images_labo-1024x495.jpg 1024w, https:\/\/www.sup-galilee.univ-paris13.fr\/wp-content\/uploads\/2024\/05\/images_labo-768x371.jpg 768w, https:\/\/www.sup-galilee.univ-paris13.fr\/wp-content\/uploads\/2024\/05\/images_labo-1536x742.jpg 1536w\" sizes=\"(max-width: 2048px) 100vw, 2048px\" alt=\"\" \t\tclass=\"so-widget-image\"\/>\n\t\t\t<\/a><\/div>\n\n<\/div><\/div><\/div><\/div><div id=\"pg-gb11715-69f3f9b36f18a-1\"  class=\"panel-grid panel-no-style\" ><div id=\"pgc-gb11715-69f3f9b36f18a-1-0\"  class=\"panel-grid-cell\" ><div id=\"panel-gb11715-69f3f9b36f18a-1-0-0\" class=\"so-panel widget widget_empty-space panel-first-child panel-last-child\" data-index=\"4\" ><div class=\"thim-widget-empty-space template-base\"><div class=\"empty_space\" style=\"height:30px\"><\/div><\/div><\/div><\/div><\/div><\/div><\/div>\n<\/div>\n","protected":false},"excerpt":{"rendered":"","protected":false},"author":1,"featured_media":0,"parent":9031,"menu_order":0,"comment_status":"closed","ping_status":"closed","template":"","meta":{"footnotes":""},"class_list":["post-11715","page","type-page","status-publish","hentry"],"_links":{"self":[{"href":"https:\/\/www.sup-galilee.univ-paris13.fr\/index.php\/wp-json\/wp\/v2\/pages\/11715","targetHints":{"allow":["GET"]}}],"collection":[{"href":"https:\/\/www.sup-galilee.univ-paris13.fr\/index.php\/wp-json\/wp\/v2\/pages"}],"about":[{"href":"https:\/\/www.sup-galilee.univ-paris13.fr\/index.php\/wp-json\/wp\/v2\/types\/page"}],"author":[{"embeddable":true,"href":"https:\/\/www.sup-galilee.univ-paris13.fr\/index.php\/wp-json\/wp\/v2\/users\/1"}],"replies":[{"embeddable":true,"href":"https:\/\/www.sup-galilee.univ-paris13.fr\/index.php\/wp-json\/wp\/v2\/comments?post=11715"}],"version-history":[{"count":21,"href":"https:\/\/www.sup-galilee.univ-paris13.fr\/index.php\/wp-json\/wp\/v2\/pages\/11715\/revisions"}],"predecessor-version":[{"id":14236,"href":"https:\/\/www.sup-galilee.univ-paris13.fr\/index.php\/wp-json\/wp\/v2\/pages\/11715\/revisions\/14236"}],"up":[{"embeddable":true,"href":"https:\/\/www.sup-galilee.univ-paris13.fr\/index.php\/wp-json\/wp\/v2\/pages\/9031"}],"wp:attachment":[{"href":"https:\/\/www.sup-galilee.univ-paris13.fr\/index.php\/wp-json\/wp\/v2\/media?parent=11715"}],"curies":[{"name":"wp","href":"https:\/\/api.w.org\/{rel}","templated":true}]}}