{"id":11717,"date":"2019-08-07T13:01:27","date_gmt":"2019-08-07T11:01:27","guid":{"rendered":"http:\/\/sup-gal.ig-edu.univ-paris13.fr\/?page_id=11717"},"modified":"2024-02-13T18:06:06","modified_gmt":"2024-02-13T16:06:06","slug":"contact","status":"publish","type":"page","link":"https:\/\/www.sup-galilee.univ-paris13.fr\/index.php\/ecole\/contact\/","title":{"rendered":"Contact"},"content":{"rendered":"<div id=\"pl-gb11717-69f4abf06138c\"  class=\"panel-layout\" ><div id=\"pg-gb11717-69f4abf06138c-0\"  class=\"panel-grid panel-no-style\" ><div id=\"pgc-gb11717-69f4abf06138c-0-0\"  class=\"panel-grid-cell\" ><div id=\"panel-gb11717-69f4abf06138c-0-0-0\" class=\"so-panel widget widget_heading panel-first-child\" data-index=\"0\" ><div class=\"thim-widget-heading template-base\"><div class=\"sc_heading  \"><h3 style=\"text-transform: uppercase;\" class=\"title\">Nous contacter<\/h3><span class=\"line\"><\/span><\/div><\/div><\/div><div id=\"panel-gb11717-69f4abf06138c-0-0-1\" class=\"so-panel widget widget_sow-editor\" data-index=\"1\" ><div\n\t\t\t\n\t\t\tclass=\"so-widget-sow-editor so-widget-sow-editor-base\"\n\t\t\t\n\t\t>\n<div class=\"siteorigin-widget-tinymce textwidget\">\n\t<p><strong>Institut Galil\u00e9e-Universit\u00e9 Sorbonne Paris Nord<\/strong><\/p>\n<p>99 avenue Jean-Baptiste Cl\u00e9ment<br \/>\n93430 Villetaneuse<br \/>\nBureau : H 100<\/p>\n<p>T\u00e9l : (+33\/0)1 49 40 35 49<\/p>\n<p>E-mail : <a href=\"mailto:administration.sup.galilee@univ-paris13.fr\" target=\"_blank\" rel=\"noopener\">administration.sup.galilee@univ-paris13.fr<\/a><\/p>\n<\/div>\n<\/div><\/div><div id=\"panel-gb11717-69f4abf06138c-0-0-3\" class=\"so-panel widget widget_sow-button panel-last-child\" data-index=\"3\" ><div\n\t\t\t\n\t\t\tclass=\"so-widget-sow-button so-widget-sow-button-flat-3af7bf9cb6e9-11717\"\n\t\t\t\n\t\t><div class=\"ow-button-base ow-button-align-left\"\n>\n\t\t\t<a\n\t\t\t\t\thref=\"\/wp-content\/uploads\/2024\/01\/Organigramme_Sup_Galilee.pdf\"\n\t\t\t\t\tclass=\"sowb-button ow-icon-placement-left ow-button-hover\" target=\"_blank\" rel=\"noopener noreferrer\" \t>\n\t\t<span>\n\t\t\t<span class=\"sow-icon-elegantline\" data-sow-icon=\"&#xe00b;\"\n\t\tstyle=\"\" \n\t\taria-hidden=\"true\"><\/span>\n\t\t\tOrganigramme Sup Galil\u00e9e\t\t<\/span>\n\t\t\t<\/a>\n\t<\/div>\n<\/div><\/div><\/div><div id=\"pgc-gb11717-69f4abf06138c-0-1\"  class=\"panel-grid-cell\" ><div id=\"panel-gb11717-69f4abf06138c-0-1-0\" class=\"so-panel widget widget_sow-image panel-first-child panel-last-child\" data-index=\"4\" ><div\n\t\t\t\n\t\t\tclass=\"so-widget-sow-image so-widget-sow-image-default-8b5b6f678277-11717\"\n\t\t\t\n\t\t>\n<div class=\"sow-image-container\">\n\t\t<img \n\tsrc=\"https:\/\/www.sup-galilee.univ-paris13.fr\/wp-content\/uploads\/2024\/02\/institut_sup_galilee.jpg\" width=\"1741\" height=\"1683\" srcset=\"https:\/\/www.sup-galilee.univ-paris13.fr\/wp-content\/uploads\/2024\/02\/institut_sup_galilee.jpg 1741w, https:\/\/www.sup-galilee.univ-paris13.fr\/wp-content\/uploads\/2024\/02\/institut_sup_galilee-300x290.jpg 300w, https:\/\/www.sup-galilee.univ-paris13.fr\/wp-content\/uploads\/2024\/02\/institut_sup_galilee-1024x990.jpg 1024w, https:\/\/www.sup-galilee.univ-paris13.fr\/wp-content\/uploads\/2024\/02\/institut_sup_galilee-768x742.jpg 768w, https:\/\/www.sup-galilee.univ-paris13.fr\/wp-content\/uploads\/2024\/02\/institut_sup_galilee-1536x1485.jpg 1536w\" sizes=\"(max-width: 1741px) 100vw, 1741px\" alt=\"\" \t\tclass=\"so-widget-image\"\/>\n\t<\/div>\n\n<\/div><\/div><\/div><\/div><div id=\"pg-gb11717-69f4abf06138c-1\"  class=\"panel-grid panel-no-style\" ><div id=\"pgc-gb11717-69f4abf06138c-1-0\"  class=\"panel-grid-cell\" ><div id=\"panel-gb11717-69f4abf06138c-1-0-0\" class=\"so-panel widget widget_empty-space panel-first-child panel-last-child\" data-index=\"5\" ><div class=\"thim-widget-empty-space template-base\"><div class=\"empty_space\" style=\"height:30px\"><\/div><\/div><\/div><\/div><\/div><\/div>","protected":false},"excerpt":{"rendered":"<p>Institut Galil\u00e9e-Universit\u00e9 Sorbonne Paris Nord 99 avenue Jean-Baptiste Cl\u00e9ment 93430 Villetaneuse Bureau : H 100 T\u00e9l : (+33\/0)1 49 40 35 49 E-mail : administration.sup.galilee@univ-paris13.fr<\/p>\n","protected":false},"author":1,"featured_media":0,"parent":9031,"menu_order":0,"comment_status":"closed","ping_status":"closed","template":"","meta":{"footnotes":""},"class_list":["post-11717","page","type-page","status-publish","hentry"],"_links":{"self":[{"href":"https:\/\/www.sup-galilee.univ-paris13.fr\/index.php\/wp-json\/wp\/v2\/pages\/11717","targetHints":{"allow":["GET"]}}],"collection":[{"href":"https:\/\/www.sup-galilee.univ-paris13.fr\/index.php\/wp-json\/wp\/v2\/pages"}],"about":[{"href":"https:\/\/www.sup-galilee.univ-paris13.fr\/index.php\/wp-json\/wp\/v2\/types\/page"}],"author":[{"embeddable":true,"href":"https:\/\/www.sup-galilee.univ-paris13.fr\/index.php\/wp-json\/wp\/v2\/users\/1"}],"replies":[{"embeddable":true,"href":"https:\/\/www.sup-galilee.univ-paris13.fr\/index.php\/wp-json\/wp\/v2\/comments?post=11717"}],"version-history":[{"count":35,"href":"https:\/\/www.sup-galilee.univ-paris13.fr\/index.php\/wp-json\/wp\/v2\/pages\/11717\/revisions"}],"predecessor-version":[{"id":13525,"href":"https:\/\/www.sup-galilee.univ-paris13.fr\/index.php\/wp-json\/wp\/v2\/pages\/11717\/revisions\/13525"}],"up":[{"embeddable":true,"href":"https:\/\/www.sup-galilee.univ-paris13.fr\/index.php\/wp-json\/wp\/v2\/pages\/9031"}],"wp:attachment":[{"href":"https:\/\/www.sup-galilee.univ-paris13.fr\/index.php\/wp-json\/wp\/v2\/media?parent=11717"}],"curies":[{"name":"wp","href":"https:\/\/api.w.org\/{rel}","templated":true}]}}