{"id":13567,"date":"2024-02-16T12:06:41","date_gmt":"2024-02-16T10:06:41","guid":{"rendered":"https:\/\/sup-gal.ig-edu.univ-paris13.fr\/?page_id=13567"},"modified":"2024-03-04T13:56:32","modified_gmt":"2024-03-04T11:56:32","slug":"vie-pratique","status":"publish","type":"page","link":"https:\/\/www.sup-galilee.univ-paris13.fr\/index.php\/vie-pratique\/","title":{"rendered":"Vie pratique"},"content":{"rendered":"<div id=\"pl-gb13567-69e4b40fb69bc\"  class=\"panel-layout\" ><div id=\"pg-gb13567-69e4b40fb69bc-0\"  class=\"panel-grid panel-no-style\" ><div id=\"pgc-gb13567-69e4b40fb69bc-0-0\"  class=\"panel-grid-cell\" ><div id=\"panel-gb13567-69e4b40fb69bc-0-0-0\" class=\"so-panel widget widget_heading panel-first-child panel-last-child\" data-index=\"0\" ><div class=\"thim-widget-heading template-base\"><div class=\"sc_heading  \"><h3 style=\"text-transform: uppercase;\" class=\"title\">H\u00e9bergement<\/h3><span class=\"line\"><\/span><\/div><\/div><\/div><\/div><\/div><div id=\"pg-gb13567-69e4b40fb69bc-1\"  class=\"panel-grid panel-no-style\" ><div id=\"pgc-gb13567-69e4b40fb69bc-1-0\"  class=\"panel-grid-cell\" ><div id=\"panel-gb13567-69e4b40fb69bc-1-0-0\" class=\"so-panel widget widget_sow-editor panel-first-child panel-last-child\" data-index=\"1\" ><div\n\t\t\t\n\t\t\tclass=\"so-widget-sow-editor so-widget-sow-editor-base\"\n\t\t\t\n\t\t>\n<div class=\"siteorigin-widget-tinymce textwidget\">\n\t<p>Pour <strong>trouver un logement<\/strong> sur le campus ou aux alentours rien de plus simple :<\/p>\n<ul>\n<li>r\u00e9servez en ligne parmi des logements propos\u00e9s en exclusivit\u00e9 aux \u00e9tudiants de l\u2019Universit\u00e9 Sorbonne Paris Nord \u00adsur la plateforme <a href=\"https:\/\/sorbonne\u00adparis\u00adnord.studapart.com\u00ad\" target=\"_blank\" rel=\"noopener\">Studapat<\/a><\/li>\n<li>recherchez un logement <a href=\"https:\/\/trouverunlogement.lescrous.fr\/\" target=\"_blank\" rel=\"noopener\">Crous<\/a><\/li>\n<li>optez pour une cohabitation interg\u00e9n\u00e9rationnelle avec un s\u00e9nior : \u00e9conomies, \u00e9changes et convivialit\u00e9 au rendez-vous !<\/li>\n<li>faites votre choix parmi des r\u00e9sidences universitaires priv\u00e9es tout autour du campus<\/li>\n<li>consultez la page d\u00e9di\u00e9e de l&rsquo;<a href=\"https:\/\/www.univ-spn.fr\/logement-restauration\/\" target=\"_blank\" rel=\"noopener\">Universit\u00e9 Sorbonne Paris Nord\u00a0<\/a><\/li>\n<\/ul>\n<\/div>\n<\/div><\/div><\/div><div id=\"pgc-gb13567-69e4b40fb69bc-1-1\"  class=\"panel-grid-cell\" ><div id=\"panel-gb13567-69e4b40fb69bc-1-1-0\" class=\"so-panel widget widget_sow-editor panel-first-child panel-last-child\" data-index=\"2\" ><div\n\t\t\t\n\t\t\tclass=\"so-widget-sow-editor so-widget-sow-editor-base\"\n\t\t\t\n\t\t>\n<div class=\"siteorigin-widget-tinymce textwidget\">\n\t<p>Pensez aussi \u00e0 <strong>demander des aides financi\u00e8res<\/strong> :<\/p>\n<ul>\n<li>les allocations logement aupr\u00e8s de la<a href=\"https:\/\/www.caf.fr\/\" target=\"_blank\" rel=\"noopener\"> CAF<\/a> (Caisse d\u2019Allocation Familiale)<\/li>\n<li>les aides au financement des cautions pour les boursiers et non boursiers avec \u00ad<a href=\"https:\/\/www.visale.fr\/\" target=\"_blank\" rel=\"noopener\">Visale<\/a><\/li>\n<li>les aides au d\u00e9p\u00f4t de garantie \u00adavec <a href=\"https:\/\/locapass.actionlogement.fr\/\" target=\"_blank\" rel=\"noopener\">L\u2019Avance Loca-Pass<\/a> : pr\u00eat sans int\u00e9r\u00eat, ni frais de dossier, accord\u00e9 par Action Logement<\/li>\n<\/ul>\n<\/div>\n<\/div><\/div><\/div><\/div><div id=\"pg-gb13567-69e4b40fb69bc-2\"  class=\"panel-grid panel-no-style\" ><div id=\"pgc-gb13567-69e4b40fb69bc-2-0\"  class=\"panel-grid-cell\" ><div id=\"panel-gb13567-69e4b40fb69bc-2-0-0\" class=\"so-panel widget widget_heading panel-first-child\" data-index=\"3\" ><div class=\"thim-widget-heading template-base\"><div class=\"sc_heading  \"><h3 style=\"text-transform: uppercase;\" class=\"title\">Restauration<\/h3><span class=\"line\"><\/span><\/div><\/div><\/div><div id=\"panel-gb13567-69e4b40fb69bc-2-0-1\" class=\"so-panel widget widget_sow-editor panel-last-child\" data-index=\"4\" ><div\n\t\t\t\n\t\t\tclass=\"so-widget-sow-editor so-widget-sow-editor-base\"\n\t\t\t\n\t\t>\n<div class=\"siteorigin-widget-tinymce textwidget\">\n\t<p><strong>Besoin d\u2019une pause dej<\/strong> ou <strong>envie d\u2019un en-cas<\/strong> sur le campus, les <strong>points de restauration du Crous<\/strong> sont l\u00e0 pour vous :<\/p>\n<ul>\n<li>Restaurant Universitaire Les vergers (11h30 \u00e0 14h) \u00ad<\/li>\n<li>Caf\u00e9t\u00e9ria Galil\u00e9e (8h15 \u00e0 16h30)<\/li>\n<\/ul>\n<p>Les paiements peuvent \u00eatre r\u00e9alis\u00e9s avec la carte \u00e9tudiant via un compte <a href=\"https:\/\/izly.fr\/index.html\" target=\"_blank\" rel=\"noopener\">Izly<\/a> ou par carte bancaire.<\/p>\n<p><strong>Le BDE et d\u2019autres associations \u00e9tudiantes<\/strong> vous proposent \u00e9galement des <strong>points snacks<\/strong> pour compl\u00e9ter le service.<\/p>\n<\/div>\n<\/div><\/div><\/div><div id=\"pgc-gb13567-69e4b40fb69bc-2-1\"  class=\"panel-grid-cell\" ><div id=\"panel-gb13567-69e4b40fb69bc-2-1-0\" class=\"so-panel widget widget_empty-space panel-first-child\" data-index=\"5\" ><div class=\"thim-widget-empty-space template-base\"><div class=\"empty_space\" style=\"height:150px\"><\/div><\/div><\/div><div id=\"panel-gb13567-69e4b40fb69bc-2-1-1\" class=\"so-panel widget widget_sow-editor panel-last-child\" data-index=\"6\" ><div\n\t\t\t\n\t\t\tclass=\"so-widget-sow-editor so-widget-sow-editor-base\"\n\t\t\t\n\t\t>\n<div class=\"siteorigin-widget-tinymce textwidget\">\n\t<p><img loading=\"lazy\" decoding=\"async\" class=\"alignnone size-medium wp-image-13618 aligncenter\" src=\"https:\/\/sup-gal.ig-edu.univ-paris13.fr\/wp-content\/uploads\/2024\/02\/PHOTO-UP-20230417-VILLETANEUSE-15-300x200.jpg\" alt=\"\" width=\"300\" height=\"200\" srcset=\"https:\/\/www.sup-galilee.univ-paris13.fr\/wp-content\/uploads\/2024\/02\/PHOTO-UP-20230417-VILLETANEUSE-15-300x200.jpg 300w, https:\/\/www.sup-galilee.univ-paris13.fr\/wp-content\/uploads\/2024\/02\/PHOTO-UP-20230417-VILLETANEUSE-15-1024x683.jpg 1024w, https:\/\/www.sup-galilee.univ-paris13.fr\/wp-content\/uploads\/2024\/02\/PHOTO-UP-20230417-VILLETANEUSE-15-768x512.jpg 768w, https:\/\/www.sup-galilee.univ-paris13.fr\/wp-content\/uploads\/2024\/02\/PHOTO-UP-20230417-VILLETANEUSE-15-1536x1024.jpg 1536w, https:\/\/www.sup-galilee.univ-paris13.fr\/wp-content\/uploads\/2024\/02\/PHOTO-UP-20230417-VILLETANEUSE-15-2048x1365.jpg 2048w, https:\/\/www.sup-galilee.univ-paris13.fr\/wp-content\/uploads\/2024\/02\/PHOTO-UP-20230417-VILLETANEUSE-15-272x182.jpg 272w\" sizes=\"auto, (max-width: 300px) 100vw, 300px\" \/><\/p>\n<\/div>\n<\/div><\/div><\/div><\/div><div id=\"pg-gb13567-69e4b40fb69bc-3\"  class=\"panel-grid panel-no-style\" ><div id=\"pgc-gb13567-69e4b40fb69bc-3-0\"  class=\"panel-grid-cell\" ><div id=\"panel-gb13567-69e4b40fb69bc-3-0-0\" class=\"so-panel widget widget_heading panel-first-child\" data-index=\"7\" ><div class=\"thim-widget-heading template-base\"><div class=\"sc_heading  \"><h3 style=\"text-transform: uppercase;\" class=\"title\">Sant\u00e9<\/h3><span class=\"line\"><\/span><\/div><\/div><\/div><div id=\"panel-gb13567-69e4b40fb69bc-3-0-1\" class=\"so-panel widget widget_sow-editor panel-last-child\" data-index=\"8\" ><div\n\t\t\t\n\t\t\tclass=\"so-widget-sow-editor so-widget-sow-editor-base\"\n\t\t\t\n\t\t>\n<div class=\"siteorigin-widget-tinymce textwidget\">\n\t<p>Le <a href=\"https:\/\/www.univ-spn.fr\/medecine-preventive\/\" target=\"_blank\" rel=\"noopener\">Service Universitaire de M\u00e9decine Pr\u00e9ventive et de Promotion de la Sant\u00e9<\/a> (SUMPPS),\u00a0 situ\u00e9 sur le campus de Villetaneuse est <strong>ouvert \u00e0 tous les \u00e9tudiants inscrits<\/strong> \u00e0 l\u2019Universit\u00e9 Sorbonne Paris Nord. C\u2019est un <strong>lieu d\u2019accueil et d\u2019\u00e9coute privil\u00e9gi\u00e9<\/strong> pour la sant\u00e9 de chacun. Il assure un acc\u00e8s personnalis\u00e9 aux \u00e9tudiants qui souhaitent demander conseil ou rencontrer des professionnels de la sant\u00e9 et de la pr\u00e9vention.<\/p>\n<p>Le SUMPPS se compose d\u2019une <strong>\u00e9quipe pluridisciplinaire<\/strong> qui r\u00e9unit m\u00e9decins g\u00e9n\u00e9ralistes, gyn\u00e9cologues, infirmi\u00e8res, psychologues, di\u00e9t\u00e9ticiens, secr\u00e9taires etc. \u00e0 la disposition des \u00e9tudiants.<\/p>\n<p>Les \u00e9tudiants ont acc\u00e8s aux soins sur pr\u00e9sentation de la carte \u00e9tudiant et peuvent prendre rendez-vous sur <a href=\"https:\/\/www.doctolib.fr\/\" target=\"_blank\" rel=\"noopener\">Doctolib<\/a>.<\/p>\n<p>Le SUMPPS peut participer \u00e0 la mise en place d&rsquo;un <a href=\"https:\/\/www.monparcourshandicap.gouv.fr\/glossaire\/paeh\" target=\"_blank\" rel=\"noopener\">PAEH<\/a> (Plan d&rsquo;Accompagnement de l&rsquo;\u00c9tudiant en situation de Handicap) permettant de b\u00e9n\u00e9ficier des am\u00e9nagements n\u00e9cessaires au bon d\u00e9roulement des \u00e9tudes et de la vie \u00e9tudiante.<\/p>\n<p>&nbsp;<\/p>\n<p><strong>Nous contacter : <\/strong>medecine.etudiants@univ-paris13.fr<\/p>\n<p><strong>Nous retrouver : <\/strong><a href=\"https:\/\/www.univ-spn.fr\/medecine-preventive\/\" target=\"_blank\" rel=\"noopener\">https:\/\/www.univ-spn.fr\/medecine-preventive\/<\/a><\/p>\n<p>&nbsp;<\/p>\n<\/div>\n<\/div><\/div><\/div><\/div><div id=\"pg-gb13567-69e4b40fb69bc-4\"  class=\"panel-grid panel-no-style\" ><div id=\"pgc-gb13567-69e4b40fb69bc-4-0\"  class=\"panel-grid-cell\" ><div id=\"panel-gb13567-69e4b40fb69bc-4-0-0\" class=\"so-panel widget widget_empty-space panel-first-child panel-last-child\" data-index=\"9\" ><div class=\"thim-widget-empty-space template-base\"><div class=\"empty_space\" style=\"height:50px\"><\/div><\/div><\/div><\/div><\/div><\/div>","protected":false},"excerpt":{"rendered":"<p>Pour trouver un logement sur le campus ou aux alentours rien de plus simple : r\u00e9servez en ligne parmi des logements propos\u00e9s en exclusivit\u00e9 aux \u00e9tudiants de l\u2019Universit\u00e9 Sorbonne Paris Nord \u00adsur la plateforme Studapat recherchez un logement Crous optez &hellip; <\/p>\n","protected":false},"author":1,"featured_media":0,"parent":0,"menu_order":0,"comment_status":"closed","ping_status":"closed","template":"","meta":{"footnotes":""},"class_list":["post-13567","page","type-page","status-publish","hentry"],"_links":{"self":[{"href":"https:\/\/www.sup-galilee.univ-paris13.fr\/index.php\/wp-json\/wp\/v2\/pages\/13567","targetHints":{"allow":["GET"]}}],"collection":[{"href":"https:\/\/www.sup-galilee.univ-paris13.fr\/index.php\/wp-json\/wp\/v2\/pages"}],"about":[{"href":"https:\/\/www.sup-galilee.univ-paris13.fr\/index.php\/wp-json\/wp\/v2\/types\/page"}],"author":[{"embeddable":true,"href":"https:\/\/www.sup-galilee.univ-paris13.fr\/index.php\/wp-json\/wp\/v2\/users\/1"}],"replies":[{"embeddable":true,"href":"https:\/\/www.sup-galilee.univ-paris13.fr\/index.php\/wp-json\/wp\/v2\/comments?post=13567"}],"version-history":[{"count":17,"href":"https:\/\/www.sup-galilee.univ-paris13.fr\/index.php\/wp-json\/wp\/v2\/pages\/13567\/revisions"}],"predecessor-version":[{"id":13769,"href":"https:\/\/www.sup-galilee.univ-paris13.fr\/index.php\/wp-json\/wp\/v2\/pages\/13567\/revisions\/13769"}],"wp:attachment":[{"href":"https:\/\/www.sup-galilee.univ-paris13.fr\/index.php\/wp-json\/wp\/v2\/media?parent=13567"}],"curies":[{"name":"wp","href":"https:\/\/api.w.org\/{rel}","templated":true}]}}