{"id":13859,"date":"2024-03-05T15:34:29","date_gmt":"2024-03-05T13:34:29","guid":{"rendered":"https:\/\/sup-gal.ig-edu.univ-paris13.fr\/?page_id=13859"},"modified":"2025-12-10T09:49:49","modified_gmt":"2025-12-10T07:49:49","slug":"insertion-professionnelle","status":"publish","type":"page","link":"https:\/\/www.sup-galilee.univ-paris13.fr\/index.php\/insertion-professionnelle\/","title":{"rendered":"Insertion professionnelle"},"content":{"rendered":"<div id=\"pl-gb13859-69e408d3c3a36\"  class=\"panel-layout wp-block-siteorigin-panels-layout-block panel-layout\" ><div id=\"pg-gb13859-69e408d3c3a36-0\"  class=\"panel-grid panel-no-style\" ><div id=\"pgc-gb13859-69e408d3c3a36-0-0\"  class=\"panel-grid-cell\" ><div id=\"panel-gb13859-69e408d3c3a36-0-0-0\" class=\"so-panel widget widget_heading panel-first-child panel-last-child\" data-index=\"0\" ><div class=\"thim-widget-heading template-base\"><div class=\"sc_heading  \"><h3 style=\"text-transform: uppercase;\" class=\"title\">Conception d\u2019un CV avec \u00ab Fisio \u00bb<\/h3><span class=\"line\"><\/span><\/div><\/div><\/div><\/div><\/div><div id=\"pg-gb13859-69e408d3c3a36-1\"  class=\"panel-grid panel-no-style\" ><div id=\"pgc-gb13859-69e408d3c3a36-1-0\"  class=\"panel-grid-cell\" ><div id=\"panel-gb13859-69e408d3c3a36-1-0-0\" class=\"so-panel widget widget_sow-editor panel-first-child panel-last-child\" data-index=\"1\" ><div\n\t\t\t\n\t\t\tclass=\"so-widget-sow-editor so-widget-sow-editor-base\"\n\t\t\t\n\t\t>\n<div class=\"siteorigin-widget-tinymce textwidget\">\n\t<p>Vous pouvez <strong>concevoir facilement votre CV professionnel<\/strong> gr\u00e2ce au <strong>logiciel Fisio<\/strong> : <a href=\"https:\/\/fisioeducation.notion.site\/Kit-depart-Institut-Galil-e-01eb74b833d84fd9a055ec54df78fb2e\" target=\"_blank\" rel=\"noopener\">Kit de d\u00e9part gratuit<\/a> pour les \u00e9tudiants de l\u2019Institut Galil\u00e9e.<\/p>\n<p>Rien de plus simple : connectez-vous avec votre adresse universitaire et suivez le guide pour cr\u00e9er un <strong>CV \u00e0 votre image et efficace<\/strong>.<\/p>\n<\/div>\n<\/div><\/div><\/div><div id=\"pgc-gb13859-69e408d3c3a36-1-1\"  class=\"panel-grid-cell\" ><div id=\"panel-gb13859-69e408d3c3a36-1-1-0\" class=\"so-panel widget widget_sow-editor panel-first-child panel-last-child\" data-index=\"2\" ><div\n\t\t\t\n\t\t\tclass=\"so-widget-sow-editor so-widget-sow-editor-base\"\n\t\t\t\n\t\t>\n<div class=\"siteorigin-widget-tinymce textwidget\">\n\t<p><a href=\"https:\/\/fisio.fr\/\" target=\"_blank\" rel=\"noopener\"><img loading=\"lazy\" decoding=\"async\" class=\"alignnone  wp-image-13891 aligncenter\" src=\"https:\/\/sup-gal.ig-edu.univ-paris13.fr\/wp-content\/uploads\/2024\/03\/Capture-decran-2024-03-05-a-16.24.31-300x295.png\" alt=\"\" width=\"179\" height=\"175\" srcset=\"https:\/\/www.sup-galilee.univ-paris13.fr\/wp-content\/uploads\/2024\/03\/Capture-decran-2024-03-05-a-16.24.31-300x295.png 300w, https:\/\/www.sup-galilee.univ-paris13.fr\/wp-content\/uploads\/2024\/03\/Capture-decran-2024-03-05-a-16.24.31-768x754.png 768w, https:\/\/www.sup-galilee.univ-paris13.fr\/wp-content\/uploads\/2024\/03\/Capture-decran-2024-03-05-a-16.24.31.png 774w\" sizes=\"auto, (max-width: 179px) 100vw, 179px\" \/><\/a><\/p>\n<\/div>\n<\/div><\/div><\/div><\/div><div id=\"pg-gb13859-69e408d3c3a36-2\"  class=\"panel-grid panel-no-style\" ><div id=\"pgc-gb13859-69e408d3c3a36-2-0\"  class=\"panel-grid-cell\" ><div id=\"panel-gb13859-69e408d3c3a36-2-0-0\" class=\"so-panel widget widget_heading panel-first-child panel-last-child\" data-index=\"3\" ><div class=\"thim-widget-heading template-base\"><div class=\"sc_heading  \"><h3 style=\"text-transform: uppercase;\" class=\"title\">R\u00e9seaux sociaux<\/h3><span class=\"line\"><\/span><\/div><\/div><\/div><\/div><\/div><div id=\"pg-gb13859-69e408d3c3a36-3\"  class=\"panel-grid panel-no-style\" ><div id=\"pgc-gb13859-69e408d3c3a36-3-0\"  class=\"panel-grid-cell\" ><div id=\"panel-gb13859-69e408d3c3a36-3-0-0\" class=\"so-panel widget widget_sow-editor panel-first-child\" data-index=\"4\" ><div\n\t\t\t\n\t\t\tclass=\"so-widget-sow-editor so-widget-sow-editor-base\"\n\t\t\t\n\t\t>\n<div class=\"siteorigin-widget-tinymce textwidget\">\n\t<p><strong>LinkedIn<\/strong><\/p>\n<p>Nous vous conseillons d\u2019\u00eatre <strong>pr\u00e9sents et actifs<\/strong> sur le r\u00e9seau professionnel <a href=\"https:\/\/www.linkedin.com\/\" target=\"_blank\" rel=\"noopener\">LinkedIn.<\/a><br \/>\nN\u2019h\u00e9sitez pas \u00e0 vous cr\u00e9er un compte et compl\u00e9ter en d\u00e9tail votre profil dans l\u2019objectif de vous <strong>constituer un r\u00e9seau professionnel.<\/strong><\/p>\n<p>Le SRE dispose d\u2019un large r\u00e9seau sur LinkedIn (entreprises partenaires, Alumni\u2026). Vous pouvez int\u00e9grer ce r\u00e9seau en faisant une <strong>demande d\u2019invitation<\/strong> via ce lien : <a href=\"http:\/\/linkedin.com\/in\/rachid-lebrache-286a3966\" target=\"_blank\" rel=\"noopener\">Service Relations Entreprises : Rachid LEBRACHE<\/a><\/p>\n<\/div>\n<\/div><\/div><div id=\"panel-gb13859-69e408d3c3a36-3-0-1\" class=\"so-panel widget widget_sow-editor panel-last-child\" data-index=\"5\" ><div\n\t\t\t\n\t\t\tclass=\"so-widget-sow-editor so-widget-sow-editor-base\"\n\t\t\t\n\t\t>\n<div class=\"siteorigin-widget-tinymce textwidget\">\n\t<p><a href=\"https:\/\/www.linkedin.com\/\" target=\"_blank\" rel=\"noopener\"><img loading=\"lazy\" decoding=\"async\" class=\"alignnone wp-image-14111 aligncenter\" src=\"https:\/\/sup-gal.ig-edu.univ-paris13.fr\/wp-content\/uploads\/2024\/03\/in-300x300.png\" alt=\"\" width=\"81\" height=\"81\" srcset=\"https:\/\/www.sup-galilee.univ-paris13.fr\/wp-content\/uploads\/2024\/03\/in-300x300.png 300w, https:\/\/www.sup-galilee.univ-paris13.fr\/wp-content\/uploads\/2024\/03\/in-150x150.png 150w, https:\/\/www.sup-galilee.univ-paris13.fr\/wp-content\/uploads\/2024\/03\/in-768x765.png 768w, https:\/\/www.sup-galilee.univ-paris13.fr\/wp-content\/uploads\/2024\/03\/in.png 1022w\" sizes=\"auto, (max-width: 81px) 100vw, 81px\" \/><\/a><\/p>\n<\/div>\n<\/div><\/div><\/div><div id=\"pgc-gb13859-69e408d3c3a36-3-1\"  class=\"panel-grid-cell\" ><div id=\"panel-gb13859-69e408d3c3a36-3-1-0\" class=\"so-panel widget widget_sow-editor panel-first-child\" data-index=\"6\" ><div\n\t\t\t\n\t\t\tclass=\"so-widget-sow-editor so-widget-sow-editor-base\"\n\t\t\t\n\t\t>\n<div class=\"siteorigin-widget-tinymce textwidget\">\n\t<p><strong>My Job Glasses<\/strong><\/p>\n<p>Nous vous invitons \u00e0 utiliser <a href=\"https:\/\/www.myjobglasses.com\/\" target=\"_blank\" rel=\"noopener\">My Job Glasses<\/a>, plateforme de <strong>tutorat entre des professionnels issus d\u2019entreprises et des \u00e9tudiants<\/strong>, pour \u00e9tendre votre r\u00e9seau, partager avec des professionnels qualifi\u00e9s mais aussi pour rechercher vos stages.<\/p>\n<\/div>\n<\/div><\/div><div id=\"panel-gb13859-69e408d3c3a36-3-1-1\" class=\"so-panel widget widget_sow-editor panel-last-child\" data-index=\"7\" ><div\n\t\t\t\n\t\t\tclass=\"so-widget-sow-editor so-widget-sow-editor-base\"\n\t\t\t\n\t\t>\n<div class=\"siteorigin-widget-tinymce textwidget\">\n\t<p>&nbsp;<\/p>\n<p><a href=\"https:\/\/www.myjobglasses.com\/\" target=\"_blank\" rel=\"noopener\"><img loading=\"lazy\" decoding=\"async\" class=\"alignnone wp-image-14108 aligncenter\" src=\"https:\/\/sup-gal.ig-edu.univ-paris13.fr\/wp-content\/uploads\/2024\/03\/myjobglasses-300x57.png\" alt=\"\" width=\"353\" height=\"67\" srcset=\"https:\/\/www.sup-galilee.univ-paris13.fr\/wp-content\/uploads\/2024\/03\/myjobglasses-300x57.png 300w, https:\/\/www.sup-galilee.univ-paris13.fr\/wp-content\/uploads\/2024\/03\/myjobglasses-1024x193.png 1024w, https:\/\/www.sup-galilee.univ-paris13.fr\/wp-content\/uploads\/2024\/03\/myjobglasses-768x145.png 768w, https:\/\/www.sup-galilee.univ-paris13.fr\/wp-content\/uploads\/2024\/03\/myjobglasses-1536x290.png 1536w, https:\/\/www.sup-galilee.univ-paris13.fr\/wp-content\/uploads\/2024\/03\/myjobglasses-2048x387.png 2048w\" sizes=\"auto, (max-width: 353px) 100vw, 353px\" \/><\/a><\/p>\n<\/div>\n<\/div><\/div><\/div><\/div><div id=\"pg-gb13859-69e408d3c3a36-4\"  class=\"panel-grid panel-no-style\" ><div id=\"pgc-gb13859-69e408d3c3a36-4-0\"  class=\"panel-grid-cell\" ><div id=\"panel-gb13859-69e408d3c3a36-4-0-0\" class=\"so-panel widget widget_empty-space panel-first-child panel-last-child\" data-index=\"8\" ><div class=\"thim-widget-empty-space template-base\"><div class=\"empty_space\" style=\"height:30px\"><\/div><\/div><\/div><\/div><\/div><div id=\"pg-gb13859-69e408d3c3a36-5\"  class=\"panel-grid panel-no-style\" ><div id=\"pgc-gb13859-69e408d3c3a36-5-0\"  class=\"panel-grid-cell\" ><div id=\"panel-gb13859-69e408d3c3a36-5-0-0\" class=\"so-panel widget widget_heading panel-first-child panel-last-child\" data-index=\"9\" ><div class=\"thim-widget-heading template-base\"><div class=\"sc_heading  \"><h3 style=\"text-transform: uppercase;\" class=\"title\">Offres de stages et d\u2019apprentissages<\/h3><span class=\"line\"><\/span><\/div><\/div><\/div><\/div><\/div><div id=\"pg-gb13859-69e408d3c3a36-6\"  class=\"panel-grid panel-no-style\" ><div id=\"pgc-gb13859-69e408d3c3a36-6-0\"  class=\"panel-grid-cell\" ><div id=\"panel-gb13859-69e408d3c3a36-6-0-0\" class=\"so-panel widget widget_sow-editor panel-first-child panel-last-child\" data-index=\"10\" ><div\n\t\t\t\n\t\t\tclass=\"so-widget-sow-editor so-widget-sow-editor-base\"\n\t\t\t\n\t\t>\n<div class=\"siteorigin-widget-tinymce textwidget\">\n\t<p>Le SRE vous conseille de consulter les <a href=\"http:\/\/candidatures.galilee.univ-paris13.fr\/candi\/offres_de_stages\/\" target=\"_blank\" rel=\"noopener\">Offres de stages<\/a> transmises par <strong>nos entreprises partenaires et nos Alumni<\/strong> et d\u2019\u00e9tendre vos recherches sur des <strong>sites sp\u00e9cialis\u00e9s<\/strong> :<\/p>\n<ul>\n<li><a href=\"https:\/\/www.apec.fr\/\" target=\"_blank\" rel=\"noopener\">Apec<\/a><\/li>\n<li><a href=\"https:\/\/www.hellowork.com\/fr-fr\/\" target=\"_blank\" rel=\"noopener\">Hello Work<\/a><\/li>\n<li><a href=\"https:\/\/fr.indeed.com\/\" target=\"_blank\" rel=\"noopener\">Indeed<\/a><\/li>\n<li><a href=\"https:\/\/www.iquesta.com\/\" target=\"_blank\" rel=\"noopener\">Iquesta<\/a><\/li>\n<li><a href=\"https:\/\/www.jobteaser.com\/fr\" target=\"_blank\" rel=\"noopener\">JobTeaser<\/a><\/li>\n<li><a href=\"https:\/\/jobs-stages.letudiant.fr\/\" target=\"_blank\" rel=\"noopener\">L\u2019Etudiant<\/a><\/li>\n<li><a href=\"https:\/\/reseaupro.univ-paris13.fr\/\" target=\"_blank\" rel=\"noopener\">R\u00e9seau pro <\/a><\/li>\n<li><a href=\"https:\/\/www.welcometothejungle.com\/fr\" target=\"_blank\" rel=\"noopener\">Welcome to the jungle<\/a><\/li>\n<\/ul>\n<\/div>\n<\/div><\/div><\/div><div id=\"pgc-gb13859-69e408d3c3a36-6-1\"  class=\"panel-grid-cell\" ><div id=\"panel-gb13859-69e408d3c3a36-6-1-0\" class=\"so-panel widget widget_sow-editor panel-first-child panel-last-child\" data-index=\"11\" ><div\n\t\t\t\n\t\t\tclass=\"so-widget-sow-editor so-widget-sow-editor-base\"\n\t\t\t\n\t\t>\n<div class=\"siteorigin-widget-tinymce textwidget\">\n\t<p><a href=\"https:\/\/fisio.fr\/\" target=\"_blank\" rel=\"noopener\"><img loading=\"lazy\" decoding=\"async\" class=\"alignnone  wp-image-2935 aligncenter\" src=\"https:\/\/sup-gal.ig-edu.univ-paris13.fr\/wp-content\/uploads\/2015\/11\/bg-parallax-about-us-1-300x122.jpg\" alt=\"\" width=\"369\" height=\"150\" srcset=\"https:\/\/www.sup-galilee.univ-paris13.fr\/wp-content\/uploads\/2015\/11\/bg-parallax-about-us-1-300x122.jpg 300w, https:\/\/www.sup-galilee.univ-paris13.fr\/wp-content\/uploads\/2015\/11\/bg-parallax-about-us-1-768x312.jpg 768w, https:\/\/www.sup-galilee.univ-paris13.fr\/wp-content\/uploads\/2015\/11\/bg-parallax-about-us-1-1024x416.jpg 1024w, https:\/\/www.sup-galilee.univ-paris13.fr\/wp-content\/uploads\/2015\/11\/bg-parallax-about-us-1-600x244.jpg 600w, https:\/\/www.sup-galilee.univ-paris13.fr\/wp-content\/uploads\/2015\/11\/bg-parallax-about-us-1.jpg 1600w\" sizes=\"auto, (max-width: 369px) 100vw, 369px\" \/><\/a><\/p>\n<\/div>\n<\/div><\/div><\/div><\/div><div id=\"pg-gb13859-69e408d3c3a36-7\"  class=\"panel-grid panel-no-style\" ><div id=\"pgc-gb13859-69e408d3c3a36-7-0\"  class=\"panel-grid-cell\" ><div id=\"panel-gb13859-69e408d3c3a36-7-0-0\" class=\"so-panel widget widget_heading panel-first-child panel-last-child\" data-index=\"12\" ><div class=\"thim-widget-heading template-base\"><div class=\"sc_heading  \"><h3 style=\"text-transform: uppercase;\" class=\"title\">\u00c9v\u00e9nements<\/h3><span class=\"line\"><\/span><\/div><\/div><\/div><\/div><\/div><div id=\"pg-gb13859-69e408d3c3a36-8\"  class=\"panel-grid panel-no-style\" ><div id=\"pgc-gb13859-69e408d3c3a36-8-0\"  class=\"panel-grid-cell\" ><div id=\"panel-gb13859-69e408d3c3a36-8-0-0\" class=\"so-panel widget widget_sow-editor panel-first-child panel-last-child\" data-index=\"13\" ><div\n\t\t\t\n\t\t\tclass=\"so-widget-sow-editor so-widget-sow-editor-base\"\n\t\t\t\n\t\t>\n<div class=\"siteorigin-widget-tinymce textwidget\">\n\t<p>Des \u00e9v\u00e8nements r\u00e9guliers sont <strong>organis\u00e9s par nos entreprises partenaires<\/strong>, vous pouvez les retrouver en suivant ces liens :<\/p>\n<ul>\n<li><a href=\"http:\/\/candidatures.galilee.univ-paris13.fr\/candi\/offres_de_stages\/rdv_emploi.php\" target=\"_blank\" rel=\"noopener\">Les RDV de l\u2019emploi<\/a><\/li>\n<li><a href=\"http:\/\/candidatures.galilee.univ-paris13.fr\/candi\/offres_de_stages\/concours_entreprises.php\" target=\"_blank\" rel=\"noopener\">Concours entreprises<\/a><\/li>\n<\/ul>\n<\/div>\n<\/div><\/div><\/div><\/div><div id=\"pg-gb13859-69e408d3c3a36-9\"  class=\"panel-grid panel-no-style\" ><div id=\"pgc-gb13859-69e408d3c3a36-9-0\"  class=\"panel-grid-cell\" ><div id=\"panel-gb13859-69e408d3c3a36-9-0-0\" class=\"so-panel widget widget_heading panel-first-child panel-last-child\" data-index=\"14\" ><div class=\"thim-widget-heading template-base\"><div class=\"sc_heading  \"><h3 style=\"text-transform: uppercase;\" class=\"title\">Forum Stages Galil\u00e9e Entreprises<\/h3><span class=\"line\"><\/span><\/div><\/div><\/div><\/div><\/div><div id=\"pg-gb13859-69e408d3c3a36-10\"  class=\"panel-grid panel-no-style\" ><div id=\"pgc-gb13859-69e408d3c3a36-10-0\"  class=\"panel-grid-cell\" ><div id=\"panel-gb13859-69e408d3c3a36-10-0-0\" class=\"so-panel widget widget_sow-editor panel-first-child panel-last-child\" data-index=\"15\" ><div\n\t\t\t\n\t\t\tclass=\"so-widget-sow-editor so-widget-sow-editor-base\"\n\t\t\t\n\t\t>\n<div class=\"siteorigin-widget-tinymce textwidget\">\n\t<p>Le SRE organise tous les ans, en novembre, le <a href=\"https:\/\/fsge.univ-paris13.fr\/\" target=\"_blank\" rel=\"noopener\">Forum \u00e9tudiants entreprises Sup Galil\u00e9e<\/a> dans les murs de l\u2019Institut Galil\u00e9e. C\u2019est un <strong>lieu actif de rencontres entre nos \u00e9tudiants et nos entreprises partenaires<\/strong> notamment destin\u00e9 aux \u00e9l\u00e8ves ing\u00e9nieurs \u00e0 la recherche d\u2019un stage de fin d\u2019\u00e9tudes. \u00c0 cette occasion, le SRE convie plus d\u2019une vingtaine d\u2019entreprises pour des temps d\u2019\u00e9changes sur une journ\u00e9e avec les \u00e9tudiants.<\/p>\n<\/div>\n<\/div><\/div><\/div><div id=\"pgc-gb13859-69e408d3c3a36-10-1\"  class=\"panel-grid-cell\" ><div id=\"panel-gb13859-69e408d3c3a36-10-1-0\" class=\"so-panel widget widget_sow-button panel-first-child\" data-index=\"16\" ><div\n\t\t\t\n\t\t\tclass=\"so-widget-sow-button so-widget-sow-button-flat-88c922ee6212-13859\"\n\t\t\t\n\t\t><div class=\"ow-button-base ow-button-align-center\"\n>\n\t\t\t<a\n\t\t\t\t\thref=\"https:\/\/www.sup-galilee.univ-paris13.fr\/wp-content\/uploads\/2024\/12\/Affiche-Forum_Stage_Galilee_Entreprises_2024.pdf\"\n\t\t\t\t\tclass=\"sowb-button ow-icon-placement-left ow-button-hover\" target=\"_blank\" rel=\"noopener noreferrer\" \t>\n\t\t<span>\n\t\t\t<span class=\"sow-icon-elegantline\" data-sow-icon=\"&#xe010;\"\n\t\tstyle=\"color: #ffffff\" \n\t\taria-hidden=\"true\"><\/span>\n\t\t\tAffiche Forum \u00c9tudiants Entreprises\t\t<\/span>\n\t\t\t<\/a>\n\t<\/div>\n<\/div><\/div><div id=\"panel-gb13859-69e408d3c3a36-10-1-1\" class=\"so-panel widget widget_sow-button panel-last-child\" data-index=\"17\" ><div\n\t\t\t\n\t\t\tclass=\"so-widget-sow-button so-widget-sow-button-flat-88c922ee6212-13859\"\n\t\t\t\n\t\t><div class=\"ow-button-base ow-button-align-center\"\n>\n\t\t\t<a\n\t\t\t\t\thref=\"https:\/\/fsge.univ-paris13.fr\/\"\n\t\t\t\t\tclass=\"sowb-button ow-icon-placement-left ow-button-hover\" target=\"_blank\" rel=\"noopener noreferrer\" \t>\n\t\t<span>\n\t\t\t<span class=\"sow-icon-elegantline\" data-sow-icon=\"&#xe007;\"\n\t\tstyle=\"color: #ffffff\" \n\t\taria-hidden=\"true\"><\/span>\n\t\t\t     Les entreprises participantes et les offres propos\u00e9es\t\t<\/span>\n\t\t\t<\/a>\n\t<\/div>\n<\/div><\/div><\/div><\/div><div id=\"pg-gb13859-69e408d3c3a36-11\"  class=\"panel-grid panel-no-style\" ><div id=\"pgc-gb13859-69e408d3c3a36-11-0\"  class=\"panel-grid-cell\" ><div id=\"panel-gb13859-69e408d3c3a36-11-0-0\" class=\"so-panel widget widget_empty-space panel-first-child panel-last-child\" data-index=\"18\" ><div class=\"thim-widget-empty-space template-base\"><div class=\"empty_space\" style=\"height:50px\"><\/div><\/div><\/div><\/div><\/div><\/div>","protected":false},"excerpt":{"rendered":"<p>Vous pouvez concevoir facilement votre CV professionnel gr\u00e2ce au logiciel Fisio : Kit de d\u00e9part gratuit pour les \u00e9tudiants de l\u2019Institut Galil\u00e9e. Rien de plus simple : connectez-vous avec votre adresse universitaire et suivez le guide pour cr\u00e9er un CV &hellip; <\/p>\n","protected":false},"author":1,"featured_media":0,"parent":0,"menu_order":0,"comment_status":"closed","ping_status":"closed","template":"","meta":{"footnotes":""},"class_list":["post-13859","page","type-page","status-publish","hentry"],"_links":{"self":[{"href":"https:\/\/www.sup-galilee.univ-paris13.fr\/index.php\/wp-json\/wp\/v2\/pages\/13859","targetHints":{"allow":["GET"]}}],"collection":[{"href":"https:\/\/www.sup-galilee.univ-paris13.fr\/index.php\/wp-json\/wp\/v2\/pages"}],"about":[{"href":"https:\/\/www.sup-galilee.univ-paris13.fr\/index.php\/wp-json\/wp\/v2\/types\/page"}],"author":[{"embeddable":true,"href":"https:\/\/www.sup-galilee.univ-paris13.fr\/index.php\/wp-json\/wp\/v2\/users\/1"}],"replies":[{"embeddable":true,"href":"https:\/\/www.sup-galilee.univ-paris13.fr\/index.php\/wp-json\/wp\/v2\/comments?post=13859"}],"version-history":[{"count":49,"href":"https:\/\/www.sup-galilee.univ-paris13.fr\/index.php\/wp-json\/wp\/v2\/pages\/13859\/revisions"}],"predecessor-version":[{"id":14550,"href":"https:\/\/www.sup-galilee.univ-paris13.fr\/index.php\/wp-json\/wp\/v2\/pages\/13859\/revisions\/14550"}],"wp:attachment":[{"href":"https:\/\/www.sup-galilee.univ-paris13.fr\/index.php\/wp-json\/wp\/v2\/media?parent=13859"}],"curies":[{"name":"wp","href":"https:\/\/api.w.org\/{rel}","templated":true}]}}